{"id":11856,"date":"2024-12-22T15:25:52","date_gmt":"2024-12-22T15:25:52","guid":{"rendered":"https:\/\/elouedshop.com\/?post_type=product&#038;p=11856"},"modified":"2024-12-22T18:04:00","modified_gmt":"2024-12-22T18:04:00","slug":"les-ruses-de-satan","status":"publish","type":"product","link":"https:\/\/elouedshop.com\/?product=les-ruses-de-satan","title":{"rendered":"Les ruses de Satan"},"content":{"rendered":"<p>Craignant que les croyants et les croyantes, et moi m\u00eame, ne soyons tromp\u00e9s par les man\u0153uvres de cet ennemi jur\u00e9 de l\u2019humanit\u00e9, je me suis attach\u00e9e \u00e0 rassembler certaines de ses ruses afin que les musulmans soient sur leurs gardes et s&rsquo;en pr\u00e9servent.<\/p>\n<p>D&rsquo;ailleurs, cette d\u00e9marche n&rsquo;est pas sans pr\u00e9c\u00e9dent, au contraire elle s&rsquo;inscrit parfaitement dans notre religion pure. Ainsi, comme le rapportent Al-Boukhary et Mouslim, Houdayfah ibn Al-Yaman &#8211; Qu&rsquo;Allah l&rsquo;agr\u00e9e &#8211; le compagnon du Messager d&rsquo;Allah a dit : \u00ab\u00a0Les gens interrogeaient le messager d&rsquo;Allah au sujet des bonnes \u0153uvres, alors que moi, je le questionnais sur le mal, de peur d\u2019y succomber \u00ab\u00a0.<\/p>\n<p>De m\u00eame, Al-Khatib, qu&rsquo;Allah lui fasse mis\u00e9ricorde, dans Al-J\u00e2mi&rsquo; li Akhl\u00e2q Ar-Rawi (p.8), \u00e0 travers une cha\u00eene de narrateurs authentique, rapporte ces paroles que &lsquo;Abdoullah, le fils de l&rsquo;Imam Ahmed, a entendu son p\u00e8re prononcer : \u00ab\u00a0Ne s&rsquo;est pas v\u00e9ritablement pr\u00e9serv\u00e9 (du p\u00e9ch\u00e9) celui qui ne sait pas de quoi il doit ce pr\u00e9server\u00a0\u00bb<\/p>\n<p><strong>Sommaire du livre :<\/strong><\/p>\n<p>Pr\u00e9face \u2026 5<\/p>\n<p>Introduction \u2026 7<\/p>\n<p>Le Chirk dans l\u2019adoration d\u2019Allah Tout-puissant \u2026 25<\/p>\n<p>L\u2019ostentation dans les actes d\u2019adoration \u2026 34<\/p>\n<p>Prendre la Zak\u00e2t \u00e0 la l\u00e9g\u00e8re \u2026 41<\/p>\n<p>Suivre ses passions et ne pas se soumettre \u00e0 la v\u00e9rit\u00e9 &#8230; 45<\/p>\n<p>Se d\u00e9tourner des sciences utiles \u2026 51<\/p>\n<p>La course aux biens mat\u00e9riels et aux sciences profanes \u2026 58<\/p>\n<p>La paresse \u2026 76<\/p>\n<p>S\u2019emporter contre les d\u00e9crets divins \u2026 89<\/p>\n<p>Le regroupement en sectes et les divisions \u2026 99<\/p>\n<p>La jalousie \u2026 108<\/p>\n<p>La col\u00e8re \u2026 114<\/p>\n<p>Ecouter les suggestions de Satan \u2026 123<\/p>\n<p>L\u2019outrance en religion et la pr\u00e9tention selon laquelle l\u2019islam<\/p>\n<p>serait un religion s\u00e9v\u00e8re \u2026 130<\/p>\n<p>Ne pas se pr\u00e9occuper de la puret\u00e9 de son coeur \u2026 142<\/p>\n<p>Ne pas savoir tenir sa langue \u2026 197<\/p>\n<p>Ecouter ce qu\u2019Allah et Son Messager ont interdit \u2026 207<\/p>\n<p>Avoir de mauvaises fr\u00e9quentations \u2026 217<\/p>\n<p>La pr\u00e9cipitation et le manque de patience \u2026 224<\/p>\n<p>L\u2019injustice \u2026 229<\/p>\n<p>Imiter les m\u00e9cr\u00e9ants dans ce qui est interdit \u2026 243<\/p>\n","protected":false},"excerpt":{"rendered":"<p>Craignant que les croyants et les croyantes, et moi m\u00eame, ne soyons tromp\u00e9s par les man\u0153uvres de cet ennemi jur\u00e9 de l\u2019humanit\u00e9, je me suis attach\u00e9e \u00e0 rassembler certaines de ses ruses afin que les musulmans soient sur leurs gardes et s&rsquo;en pr\u00e9servent. D&rsquo;ailleurs, cette d\u00e9marche n&rsquo;est pas sans pr\u00e9c\u00e9dent, au contraire elle s&rsquo;inscrit parfaitement&hellip;<\/p>\n","protected":false},"featured_media":3440,"template":"","meta":[],"product_brand":[],"product_cat":[80,151,25,21],"product_tag":[],"class_list":{"0":"post-11856","1":"product","2":"type-product","3":"status-publish","4":"has-post-thumbnail","6":"product_cat-dogme","7":"product_cat-education-spiritualite","8":"product_cat-femmes","9":"product_cat-livre","10":"description-off","12":"first","13":"instock","14":"shipping-taxable","15":"purchasable","16":"product-type-simple"},"jetpack_sharing_enabled":true,"_links":{"self":[{"href":"https:\/\/elouedshop.com\/index.php?rest_route=\/wp\/v2\/product\/11856","targetHints":{"allow":["GET"]}}],"collection":[{"href":"https:\/\/elouedshop.com\/index.php?rest_route=\/wp\/v2\/product"}],"about":[{"href":"https:\/\/elouedshop.com\/index.php?rest_route=\/wp\/v2\/types\/product"}],"wp:featuredmedia":[{"embeddable":true,"href":"https:\/\/elouedshop.com\/index.php?rest_route=\/wp\/v2\/media\/3440"}],"wp:attachment":[{"href":"https:\/\/elouedshop.com\/index.php?rest_route=%2Fwp%2Fv2%2Fmedia&parent=11856"}],"wp:term":[{"taxonomy":"product_brand","embeddable":true,"href":"https:\/\/elouedshop.com\/index.php?rest_route=%2Fwp%2Fv2%2Fproduct_brand&post=11856"},{"taxonomy":"product_cat","embeddable":true,"href":"https:\/\/elouedshop.com\/index.php?rest_route=%2Fwp%2Fv2%2Fproduct_cat&post=11856"},{"taxonomy":"product_tag","embeddable":true,"href":"https:\/\/elouedshop.com\/index.php?rest_route=%2Fwp%2Fv2%2Fproduct_tag&post=11856"}],"curies":[{"name":"wp","href":"https:\/\/api.w.org\/{rel}","templated":true}]}}