{"id":11855,"date":"2024-12-22T15:25:47","date_gmt":"2024-12-22T15:25:47","guid":{"rendered":"https:\/\/elouedshop.com\/?post_type=product&#038;p=11855"},"modified":"2024-12-22T18:07:26","modified_gmt":"2024-12-22T18:07:26","slug":"mon-premier-livre-dhistoires-des-prophetes","status":"publish","type":"product","link":"https:\/\/elouedshop.com\/?product=mon-premier-livre-dhistoires-des-prophetes","title":{"rendered":"Mon Premier Livre d&rsquo;Histoires des Proph\u00e8tes"},"content":{"rendered":"<p>A partir de 5 ans&#8230;<\/p>\n<p>Quels meilleurs r\u00e9cits pouvons-nous lire \u00e0 nos enfants si ce n\u2019est les histoires des Proph\u00e8tes cit\u00e9s dans le Coran.<\/p>\n<p>Orientica a le plaisir de mettre entre vos mains ce livre de r\u00e9f\u00e9rence pour les enfants \u00e0 partir de 5 ans. Le style simple et clair et les centaines d\u2019illustrations de qualit\u00e9 vous permettront de revivre les histoires des Proph\u00e8tes et des sages \u00e0 travers les \u00e2ges, depuis la Cr\u00e9ation d\u2019\u0622dam et Haww\u00e2\u2019 et leur histoire avec Ibl\u00ees, jusqu\u2019au dernier des Proph\u00e8tes, Mohammed (SAW)&#8230;<\/p>\n<p>Les histoires se succ\u00e8dent les unes apr\u00e8s les autres de fa\u00e7on naturelle et dans un ordre chronologique.<\/p>\n<p>Nous esp\u00e9rons que ce livre tr\u00e8s profitable, aussi bien pour les petits que pour les grands, vous permettra de passer d\u2019agr\u00e9ables moments seul ou en famille&#8230;<\/p>\n<p><b>SOMMAIRE<\/b><\/p>\n<ul>\n<li>Pr\u00e9sentation &#8230; 4<\/li>\n<li>La Cr\u00e9ation Du Monde Et De L\u2019homme &#8230; 7<\/li>\n<li>Ibl\u00ees Le Maudit &#8230; 14<\/li>\n<li>Le Premier P\u00e9ch\u00e9 &#8230; 17<\/li>\n<li>L\u2019histoire Des Deux Fils De \u0622dam (Psl) &#8230; 22<\/li>\n<li>Au Temps De No\u00fbh (Psl) &#8230; 28<\/li>\n<li>Le Peuple De Ho\u00fbd (Psl) &#8230; 42<\/li>\n<li>Le Proph\u00e8te S\u00e2lih Et La Chamelle &#8230; 51<\/li>\n<li>Le Proph\u00e8te Ibr\u00e2h\u00eem (Psl) &#8230; 60<\/li>\n<li>Ibr\u00e2h\u00eem (Psl) Et Le Roi Namro\u00fbd &#8230; 68<\/li>\n<li>\u2018Ouzayr (Psl) Et Son \u0622ne &#8230; 71<\/li>\n<li>L\u2019eau De Zem-Zem &#8230; 79<\/li>\n<li>Le Sacrifice &#8230; 86<\/li>\n<li>La Construction De La Ka\u2018Ba &#8230; 90<\/li>\n<li>Lo\u00fbt (Psl) Et Les Cit\u00e9s D\u00e9truites &#8230; 94<\/li>\n<li>Le Proph\u00e8te Yo\u00fbssouf (Psl) Et Ses Fr\u00e8res &#8230; 100<\/li>\n<li>Ayyo\u00fbb , L\u2019homme Le Plus Patient &#8230; 108<\/li>\n<li>Le Proph\u00e8te Chou\u2018Ayb (Psl) &#8230; 117<\/li>\n<li>Yo\u00fbnous (Psl) Et Le Grand Poisson &#8230; 124<\/li>\n<li>La Naissance De Mo\u00fbss\u00e2 (Psl) &#8230; 130<\/li>\n<li>Mo\u00fbss\u00e2 (Psl) Dans Le Palais De Pharaon &#8230; 134<\/li>\n<li>Mo\u00fbss\u00e2 (Psl) D\u00e9sign\u00e9 Comme Proph\u00e8te &#8230; 140<\/li>\n<li>Q\u00e2ro\u00fbn &#8230; 157<\/li>\n<li>Mo\u00fbss\u00e2 (Psl) Et Son Peuple &#8230; 164<\/li>\n<li>Mo\u00fbss\u00e2 (Psl) Et Al-Khadr &#8230; 171<\/li>\n<li>Yo\u00fbcha\u2018 (Psl) Et L\u2019entr\u00e9e ? J\u00e9rusalem &#8230; 181<\/li>\n<li>Ily\u00e2s Et Alyasa\u2018 (Pse) &#8230; 184<\/li>\n<li>L\u2019histoire De D\u00e2woud (Psl) &#8230; 187<\/li>\n<li>Les Conseils Du Sage Louqm\u00e2n ? Son Fils &#8230; 200<\/li>\n<li>Soulaym\u00e2n (Psl), Fils De D\u00e2woud (Psl) &#8230;.. 205<\/li>\n<li>La Naissance De Maryam &#8230; 220<\/li>\n<li>Zakariyy\u00e2 (Psl), Un P\u00e8re Heureux &#8230; 221<\/li>\n<li>La Naissance De \u2018\u062ess\u00e2 (Psl) &#8230; 224<\/li>\n<li>\u2018\u062ess\u00e2 (Paix Sur Lui), Proph\u00e8te D\u2019Allah &#8230; 230<\/li>\n<li>Mohammed (Saw), Le Dernier Proph\u00e8te &#8230; 242<\/li>\n<li>Mohammed (Saw) Et L\u2019islam &#8230; 250<\/li>\n<li>Le P\u00e8lerinage D\u2019adieu &#8230; 253<\/li>\n<li>L\u2019arbre Des Proph\u00e8tes Et Messagers &#8230; 254<\/li>\n<\/ul>\n<p>Livre tout illustr\u00e9 de 256 pages couleur.<\/p>\n","protected":false},"excerpt":{"rendered":"<table border=\"0\" width=\"100%\" cellspacing=\"0\" cellpadding=\"0\">\n<tbody>\n<tr>\n<td align=\"left\"><span style=\"font-family: Verdana, Arial; font-size: small;\"><b>Auteur :<\/b>\u00a0Amina Rekad d&rsquo;apr\u00e8s Les r\u00e9cits des proph\u00e8tes de Ibn Kathir &#8211; R\u00e9vision et illustrations : Equipe \u00e9ditoriale Orientica<br \/>\n<\/span><\/td>\n<\/tr>\n<tr>\n<td align=\"left\"><span style=\"font-family: Verdana, Arial; font-size: small;\"><b>Type de produit :<\/b>\u00a0Livre<br \/>\n<\/span><\/td>\n<\/tr>\n<tr>\n<td align=\"left\"><span style=\"font-family: Verdana, Arial; font-size: small;\"><b>Nombre de pages :<\/b>\u00a0256<br \/>\n<\/span><\/td>\n<\/tr>\n<tr>\n<td align=\"left\"><span style=\"font-family: Verdana, Arial; font-size: small;\"><b>Mod\u00e8le &#8211; Format :<\/b>\u00a016 x 24 cm<br \/>\n<\/span><\/td>\n<\/tr>\n<tr>\n<td align=\"left\"><span style=\"font-family: Verdana, Arial; font-size: small;\"><b>Editeur :<\/b>\u00a0Orientica<br \/>\n<\/span><\/td>\n<\/tr>\n<tr>\n<td align=\"left\"><span style=\"font-family: Verdana, Arial; font-size: small;\"><b>Langue :<\/b>\u00a0fran\u00e7ais<br \/>\n<\/span><\/td>\n<\/tr>\n<tr>\n<td align=\"left\"><span style=\"font-family: Verdana, Arial; font-size: small;\"><b>ISBN\/EAN :<\/b>\u00a0978-2-35635-129-6 \/ 9782356351296<\/span><\/td>\n<\/tr>\n<\/tbody>\n<\/table>\n","protected":false},"featured_media":1388,"template":"","meta":[],"product_brand":[],"product_cat":[24,59,21],"product_tag":[],"class_list":{"0":"post-11855","1":"product","2":"type-product","3":"status-publish","4":"has-post-thumbnail","6":"product_cat-enfants","7":"product_cat-les-recits-des-prophetes","8":"product_cat-livre","9":"description-off","11":"first","12":"instock","13":"shipping-taxable","14":"purchasable","15":"product-type-simple"},"jetpack_sharing_enabled":true,"_links":{"self":[{"href":"https:\/\/elouedshop.com\/index.php?rest_route=\/wp\/v2\/product\/11855","targetHints":{"allow":["GET"]}}],"collection":[{"href":"https:\/\/elouedshop.com\/index.php?rest_route=\/wp\/v2\/product"}],"about":[{"href":"https:\/\/elouedshop.com\/index.php?rest_route=\/wp\/v2\/types\/product"}],"wp:featuredmedia":[{"embeddable":true,"href":"https:\/\/elouedshop.com\/index.php?rest_route=\/wp\/v2\/media\/1388"}],"wp:attachment":[{"href":"https:\/\/elouedshop.com\/index.php?rest_route=%2Fwp%2Fv2%2Fmedia&parent=11855"}],"wp:term":[{"taxonomy":"product_brand","embeddable":true,"href":"https:\/\/elouedshop.com\/index.php?rest_route=%2Fwp%2Fv2%2Fproduct_brand&post=11855"},{"taxonomy":"product_cat","embeddable":true,"href":"https:\/\/elouedshop.com\/index.php?rest_route=%2Fwp%2Fv2%2Fproduct_cat&post=11855"},{"taxonomy":"product_tag","embeddable":true,"href":"https:\/\/elouedshop.com\/index.php?rest_route=%2Fwp%2Fv2%2Fproduct_tag&post=11855"}],"curies":[{"name":"wp","href":"https:\/\/api.w.org\/{rel}","templated":true}]}}