{"id":11852,"date":"2024-12-22T15:24:24","date_gmt":"2024-12-22T15:24:24","guid":{"rendered":"https:\/\/elouedshop.com\/?post_type=product&#038;p=11852"},"modified":"2024-12-22T17:52:05","modified_gmt":"2024-12-22T17:52:05","slug":"le-grand-livre-de-la-vie-du-prophete-muhammad","status":"publish","type":"product","link":"https:\/\/elouedshop.com\/?product=le-grand-livre-de-la-vie-du-prophete-muhammad","title":{"rendered":"Le Grand Livre de La vie du Proph\u00e8te Muhammad"},"content":{"rendered":"<p><strong>Grand livre avec couverture cartonn\u00e9e et marque page en soie (Version de luxe). Texte enti\u00e8rement bilingue (fran\u00e7ais et arabe vocalis\u00e9)<\/strong><\/p>\n<p>Le meilleur r\u00e9cit \u00e0 proposer \u00e0 nos enfants est, sans conteste, l&rsquo;histoire du Proph\u00e8te Muhammad (PBDSL) qui retrace la vie et l&rsquo;\u0153uvre du meilleur des hommes, celui qui a \u00e9t\u00e9 envoy\u00e9 comme mod\u00e8le et mis\u00e9ricorde pour toute l&rsquo;humanit\u00e9.<\/p>\n<div class=\"arabic\">\n<p>\u0644\u064e\u0651\u0642\u064e\u062f\u0652 \u0643\u064e\u0627\u0646\u064e \u0644\u064e\u0643\u064f\u0645\u0652 \u0641\u0650\u064a \u0631\u064e\u0633\u064f\u0648\u0644\u0650 \u0627\u0644\u0644\u064e\u0651\u0647\u0650 \u0623\u064f\u0633\u0652\u0648\u064e\u0629\u064c \u062d\u064e\u0633\u064e\u0646\u064e\u0629\u064c \u0644\u0650\u0651\u0645\u064e\u0646 \u0643\u064e\u0627\u0646\u064e \u064a\u064e\u0631\u0652\u062c\u064f\u0648 \u0627\u0644\u0644\u064e\u0651\u0647\u064e \u0648\u064e\u0627\u0644\u0652\u064a\u064e\u0648\u0652\u0645\u064e \u0627\u0644\u0652\u0622\u062e\u0650\u0631\u064e \u0648\u064e\u0630\u064e\u0643\u064e\u0631\u064e \u0627\u0644\u0644\u064e\u0651\u0647\u064e \u0643\u064e\u062b\u0650\u064a\u0631\u064b\u0627<\/p>\n<\/div>\n<p>{ En effet, vous avez dans le Messager d&rsquo;Allah un excellent mod\u00e8le [\u00e0 suivre], pour quiconque esp\u00e8re en Allah et au Jour Dernier et invoque Allah fr\u00e9quemment. } (Coran &#8211; S.33, Al-Ahz\u00e2b, v.21)<\/p>\n<p>Sa vie toute enti\u00e8re symbolise la religion et l&rsquo;adoration, le savoir et les bonnes \u0153uvres, la vertu et la bonne conduite, l&rsquo;h\u00e9ro\u00efsme et la lutte, la cl\u00e9mence et la justice, le pardon et l&rsquo;indulgence.<\/p>\n<p>Ce livre bilingue, compos\u00e9 de trois parties, richement illustr\u00e9 est con\u00e7u pour \u00e9veiller la curiosit\u00e9 des enfants, de mani\u00e8re ludique, \u00e0 la biographie du Messager d&rsquo;Allah (As-S\u00eera) : La premi\u00e8re partie \u00e9voque essentiellement les premiers \u00e9v\u00e8nements majeurs de la vie du Proph\u00e8te (PBDSL). Ainsi, elle plonge l&rsquo;enfant dans la jeunesse de Muhammad (PBDSL) \u00e0 La Mecque (de sa naissance, en passant par la perte de ses parents, son mariage avec Khad\u00eedja, son commerce, sa qu\u00eate de la v\u00e9rit\u00e9, jusqu&rsquo;\u00e0 la premi\u00e8re r\u00e9v\u00e9lation), en insistant sur le caract\u00e8re noble et les qualit\u00e9s inestimables qui font de lui le meilleur exemple \u00e0 suivre.<\/p>\n<p>La deuxi\u00e8me partie du livre relate la pr\u00e9dication publique de l&rsquo;Islam \u00e0 La Mecque en d\u00e9pit des pers\u00e9cutions, l&rsquo;\u00e9migration, puis la vie \u00e0 M\u00e9dine, en insistant sur la foi, la patience, et le d\u00e9vouement du Messager d&rsquo;Allah (PBDSL).<\/p>\n<p>Enfin, la troisi\u00e8me partie rapporte ses batailles et les efforts consid\u00e9rables qu&rsquo;il a accomplis pour glorifier le Nom d&rsquo;Allah jusqu&rsquo;\u00e0 sa mort.<\/p>\n<p>Cet ouvrage de r\u00e9f\u00e9rence, valid\u00e9 par la prestigieuse Universit\u00e9 d&rsquo;Al-Azhar (\u00c9gypte), aux sources purement authentiques issues du Coran et de la Sunna, aux illustrations saisissantes et au vocabulaire simple, retra\u00e7ant la vie du Proph\u00e8te (PBDSL), transportera les enfants en leur offrant un support sur lequel ils d\u00e9velopperont leur amour pour Allah et Son Envoy\u00e9. Certes, Allah dit :<\/p>\n<div class=\"arabic\">\n<p>\u0642\u064f\u0644\u0652 \u0625\u0650\u0646 \u0643\u064f\u0646\u062a\u064f\u0645\u0652 \u062a\u064f\u062d\u0650\u0628\u0651\u064f\u0648\u0646\u064e \u0627\u0644\u0644\u0651\u064e\u0647\u064e \u0641\u064e\u0627\u062a\u0651\u064e\u0628\u0650\u0639\u064f\u0648\u0646\u0650\u064a \u064a\u064f\u062d\u0652\u0628\u0650\u0628\u0652\u0643\u064f\u0645\u064f \u0627\u0644\u0644\u0651\u064e\u0647\u064f \u0648\u064e\u064a\u064e\u063a\u0652\u0641\u0650\u0631\u0652 \u0644\u064e\u0643\u064f\u0645\u0652 \u0630\u064f\u0646\u064f\u0648\u0628\u064e\u0643\u064f\u0645\u0652 \u06d7 \u0648\u064e\u0627\u0644\u0644\u0651\u064e\u0647\u064f \u063a\u064e\u0641\u064f\u0648\u0631\u064c \u0631\u0651\u064e\u062d\u0650\u064a\u0645\u064c<\/p>\n<\/div>\n<p>{ Dis : \u00ab Si vous aimez vraiment Allah, suivez-moi, Allah vous aimera alors et vous pardonnera vos p\u00e9ch\u00e9s. Allah est Pardonneur et Mis\u00e9ricordieux. \u00bb } (Coran &#8211; S.3, \u00c2l &lsquo;Imr\u00e2n, v. 31)<\/p>\n","protected":false},"excerpt":{"rendered":"<p>Grand livre avec couverture cartonn\u00e9e et marque page en soie (Version de luxe). Texte enti\u00e8rement bilingue (fran\u00e7ais et arabe vocalis\u00e9) Le meilleur r\u00e9cit \u00e0 proposer \u00e0 nos enfants est, sans conteste, l&rsquo;histoire du Proph\u00e8te Muhammad (PBDSL) qui retrace la vie et l&rsquo;\u0153uvre du meilleur des hommes, celui qui a \u00e9t\u00e9 envoy\u00e9 comme mod\u00e8le et mis\u00e9ricorde&hellip;<\/p>\n","protected":false},"featured_media":906,"template":"","meta":[],"product_brand":[],"product_cat":[24,53,21,172,225,70],"product_tag":[],"class_list":{"0":"post-11852","1":"product","2":"type-product","3":"status-publish","4":"has-post-thumbnail","6":"product_cat-enfants","7":"product_cat-la-vie-du-prophete","8":"product_cat-livre","9":"product_cat-livres-bilingues","10":"product_cat-ramadan","11":"product_cat-vie-du-prophete-saw","12":"description-off","14":"first","15":"instock","16":"shipping-taxable","17":"purchasable","18":"product-type-simple"},"jetpack_sharing_enabled":true,"_links":{"self":[{"href":"https:\/\/elouedshop.com\/index.php?rest_route=\/wp\/v2\/product\/11852","targetHints":{"allow":["GET"]}}],"collection":[{"href":"https:\/\/elouedshop.com\/index.php?rest_route=\/wp\/v2\/product"}],"about":[{"href":"https:\/\/elouedshop.com\/index.php?rest_route=\/wp\/v2\/types\/product"}],"wp:featuredmedia":[{"embeddable":true,"href":"https:\/\/elouedshop.com\/index.php?rest_route=\/wp\/v2\/media\/906"}],"wp:attachment":[{"href":"https:\/\/elouedshop.com\/index.php?rest_route=%2Fwp%2Fv2%2Fmedia&parent=11852"}],"wp:term":[{"taxonomy":"product_brand","embeddable":true,"href":"https:\/\/elouedshop.com\/index.php?rest_route=%2Fwp%2Fv2%2Fproduct_brand&post=11852"},{"taxonomy":"product_cat","embeddable":true,"href":"https:\/\/elouedshop.com\/index.php?rest_route=%2Fwp%2Fv2%2Fproduct_cat&post=11852"},{"taxonomy":"product_tag","embeddable":true,"href":"https:\/\/elouedshop.com\/index.php?rest_route=%2Fwp%2Fv2%2Fproduct_tag&post=11852"}],"curies":[{"name":"wp","href":"https:\/\/api.w.org\/{rel}","templated":true}]}}