{"id":11844,"date":"2024-12-22T15:23:16","date_gmt":"2024-12-22T15:23:16","guid":{"rendered":"https:\/\/elouedshop.com\/?post_type=product&#038;p=11844"},"modified":"2024-12-22T17:35:29","modified_gmt":"2024-12-22T17:35:29","slug":"mon-nounours-hamza-marron-peluche-parlante","status":"publish","type":"product","link":"https:\/\/elouedshop.com\/?product=mon-nounours-hamza-marron-peluche-parlante","title":{"rendered":"Mon nounours Hamza marron &#8211; peluche parlante"},"content":{"rendered":"","protected":false},"excerpt":{"rendered":"<p class=\"cvGsUA direction-ltr align-center para-style-body\"><span class=\"OYPEnA text-decoration-none text-strikethrough-none\">Voici un nounours blanc ultra doux et super mignon, le compagnon de choc de tous les p&rsquo;tits musulmans (filles et gar\u00e7ons) ! Pr\u00eat \u00e0 partir en exploration \u00e0 la conqu\u00eate de tout savoir avec Nounours Hamza (plus de 112 pistes audio et 1 heure de sons) ?<\/span><\/p>\n<p class=\"cvGsUA direction-ltr align-center para-style-body\"><span class=\"OYPEnA text-decoration-none text-strikethrough-none\">SALUTATION<\/span><\/p>\n<p class=\"cvGsUA direction-ltr align-center para-style-body\"><span class=\"OYPEnA text-decoration-none text-strikethrough-none\">Salam alaikum! Moi, c&rsquo;est ton nouveau pote Hamza. Je suis un nounours musulman. Et ensemble, on va passer des moments trop cool ! Je vais t&rsquo;apprendre plein de trucs pour que tu deviennes un vrai petit g\u00e9nie&#8230;<\/span><\/p>\n<p class=\"cvGsUA direction-ltr align-center para-style-body\"><span class=\"OYPEnA text-decoration-none text-strikethrough-none\">Chaque fois que tu appuies sur ma main droite (MODE), tu vas d\u00e9couvrir un nouveau th\u00e8me cool. Voici les diff\u00e9rents modes disponibles :<\/span><\/p>\n<p class=\"cvGsUA direction-ltr align-center para-style-body\"><span class=\"OYPEnA text-decoration-none text-strikethrough-none\">Introduction : Quelques bases importantes \u00e0 conna\u00eetre sur le bon comportement et les bonnes mani\u00e8res&#8230;<\/span><\/p>\n<p class=\"cvGsUA direction-ltr align-center para-style-body\"><span class=\"OYPEnA text-decoration-none text-strikethrough-none\">Les invocations quotidiennes : La Basmala (bismill\u00e2hi-rahm\u00e2ni-rah\u00eem), invocations avant de dormir et en se r\u00e9veillant, avant d\u2019entrer aux toilettes, quand on s\u2019habille, quand on se regarde dans un miroir, avant et apr\u00e8s le manger, en entrant et en sortant de la maison, de la mosqu\u00e9e, apr\u00e8s l\u2019Adh\u00e2n, apr\u00e8s la pri\u00e8re, quand on monte dans un v\u00e9hicule, avant d\u2019\u00e9tudier, invocation pour les parents&#8230; Comment faire le tasb\u00eeh et l\u2019istighf\u00e2r, comment demander \u00e0 Allah la protection, etc.<\/span><\/p>\n<p class=\"cvGsUA direction-ltr align-center para-style-body\"><span class=\"OYPEnA text-decoration-none text-strikethrough-none\">Le Dogme (Al-\u2018Aq\u00eeda) : Apprentissage de la chah\u00e2da (l\u2019attestation de foi) et sa signification. Conna\u00eetre Allah et Ses attributs. D\u00e9couverte des notions g\u00e9n\u00e9rales sur le dogme islamique.<\/span><\/p>\n<p class=\"cvGsUA direction-ltr align-center para-style-body\"><span class=\"OYPEnA text-decoration-none text-strikethrough-none\">Les bonnes et mauvaises actions : Allah aime&#8230; Allah n\u2019aime pas&#8230; Comment remercier Allah pour Ses bienfaits ?<\/span><\/p>\n<p class=\"cvGsUA direction-ltr align-center para-style-body\"><span class=\"OYPEnA text-decoration-none text-strikethrough-none\">Le Coran (Al-Qur\u2019\u00e2n) : Apprentissage des petites sourates. De sourate \u00abAl-Q\u00e2ri\u2018ah (N\u00b0 101)\u00bb \u00e0 sourate \u00abAn-N\u00e2s (N\u00b0 114)\u00bb.<\/span><\/p>\n<p class=\"cvGsUA direction-ltr align-center para-style-body\"><span class=\"OYPEnA text-decoration-none text-strikethrough-none\">Encore plus d\u2019invocations utiles : Pour aller plus loin dans les invocations.<\/span><\/p>\n<p class=\"cvGsUA direction-ltr align-center para-style-body\"><span class=\"OYPEnA text-decoration-none text-strikethrough-none\">Le Dhikr (Adh-Dhikr) : Les meilleurs dhikr pour \u00eatre toujours proche d\u2019Allah.<\/span><\/p>\n<p class=\"cvGsUA direction-ltr align-center para-style-body\"><span class=\"OYPEnA text-decoration-none text-strikethrough-none\">Les bonnes paroles : Les Sal\u00e2m, quand on veut remercier une personne, quand on \u00e9ternue, le jour de l\u2019A\u00efd, dans des circonstances difficiles, quand on visite un malade, quand on veut remercier Dieu, etc.<\/span><\/p>\n<p class=\"cvGsUA direction-ltr align-center para-style-body\"><span class=\"OYPEnA text-decoration-none text-strikethrough-none\">Al-Hourouf (l\u2019alphabet arabe) : Deux jolis chants pour r\u00e9viser les 28 lettres de l\u2019alphabet arabe (sans musique).<\/span><\/p>\n<p class=\"cvGsUA direction-ltr align-center para-style-body\"><span class=\"OYPEnA text-decoration-none text-strikethrough-none\">La langue arabe : Un v\u00e9ritable dictionnaire audio tr\u00e8s riche, permettant l\u2019apprentissage du vocabulaire de divers th\u00e8mes (mon corps, ma famille, la maison, au parc de loisirs, les aliments, les fruits, les l\u00e9gumes, les animaux domestiques, les animaux sauvages, les insectes et autres petits animaux, les oiseaux, les animaux marins, les v\u00eatements, les professions, les nombres, les jours, les activit\u00e9s quotidiennes, les couleurs, les formes, les saisons et le climat, les moyens de transport, les pays).<\/span><\/p>\n<p class=\"cvGsUA direction-ltr align-center para-style-body\"><span class=\"OYPEnA text-decoration-none text-strikethrough-none\">Al-Adh\u00e2n : Un magnifique appel \u00e0 la pri\u00e8re (avec la voix d&rsquo;un enfant).<\/span><\/p>\n<p class=\"cvGsUA direction-ltr align-center para-style-body\"><span class=\"OYPEnA text-decoration-none text-strikethrough-none\">Les chants (Al-An\u00e2ch\u00eed) : Pour se divertir davantage, des chants tr\u00e8s connus (Tala\u2018al-badrou \u2018alayn\u00e2&#8230;) sans musique.<\/span><\/p>\n<p class=\"cvGsUA direction-ltr align-center para-style-body\"><span class=\"OYPEnA text-decoration-none text-strikethrough-none\">Instructions et Fonctionnement de Hamza<\/span><\/p>\n<p class=\"cvGsUA direction-ltr align-center para-style-body\"><span class=\"OYPEnA text-decoration-none text-strikethrough-none\">Appuie environ deux secondes sur la main droite \u00abMODE\u00bb pour allumer le nounours, il va directement enchainer avec la premi\u00e8re partie (Mode Pr\u00e9sentation \u00abAssal\u00e2mou \u2018alaykoum\u00bb). Une fois qu\u2019il a fini une partie, le nounours s&rsquo;arr\u00eate de parler.<\/span><\/p>\n<p class=\"cvGsUA direction-ltr align-center para-style-body\"><span class=\"OYPEnA text-decoration-none text-strikethrough-none\">Pour r\u00e9gler le volume, appuie sur les deux oreilles (V+) et (V-).<\/span><\/p>\n<p class=\"cvGsUA direction-ltr align-center para-style-body\"><span class=\"OYPEnA text-decoration-none text-strikethrough-none\">Pour changer de mode, appuie sur la main droite \u00abMODE\u00bb. Tu peux ainsi aller directement sur le mode voulu. Voici la liste des 12 modes disponibles dans l\u2019ordre : 1. Assal\u00e2mou alaykoum &#8211; 2. Les invocations &#8211; 3. Le dogme (Al-\u2018Aq\u00eeda) &#8211; 4. Les bonnes et mauvaises actions &#8211; 5. Le Coran (Al-Qur&rsquo;\u00e2n) &#8211; 6. Apprenons encore quelques invocations &#8211; 7. Le Dhikr &#8211; 8. Les bonnes paroles &#8211; 9. Al-Hourouf (Chants sur l&rsquo;alphanet arabe) &#8211; 10. La langue arabe &#8211; 11. Al-Adh\u00e2n &#8211; 12. Les chants (Al-An\u00e2chid).<\/span><\/p>\n<p class=\"cvGsUA direction-ltr align-center para-style-body\"><span class=\"OYPEnA text-decoration-none text-strikethrough-none\">Quand tu es dans un mode donn\u00e9 (par exemple \u00abLe Coran\u00bb), tu peux changer de piste (ici changer de Sourate) \u00e0 l\u2019int\u00e9rieur du mode en utilisant les boutons situ\u00e9s au niveau des deux pieds : droit (&gt;&gt;) et gauche (&lt;&lt;) pour passer d\u2019une piste \u00e0 l\u2019autre.<\/span><\/p>\n<p class=\"cvGsUA direction-ltr align-center para-style-body\"><span class=\"OYPEnA text-decoration-none text-strikethrough-none\">La main gauche du nounours (&gt;|) permet de faire des pauses et de reprendre l\u2019\u00e9coute \u00e0 tout moment (PLAY\/PAUSE).<\/span><\/p>\n<p class=\"cvGsUA direction-ltr align-center para-style-body\"><span class=\"OYPEnA text-decoration-none text-strikethrough-none\">Si le nounours a fini de parler et qu\u2019on n\u2019appuie plus sur aucun bouton, pendant une minute, alors il s\u2019\u00e9teind automatiquement afin d\u2019\u00e9conomiser les piles en disant \u00abA bient\u00f4t ! Assal\u00e2mou \u2018alaykoum\u00bb.<\/span><\/p>\n<p class=\"cvGsUA direction-ltr align-center para-style-body\"><span class=\"OYPEnA text-decoration-none text-strikethrough-none\">Retrouve \u00e9galement chez Orientica le nounours \u00ab S\u00e2lah \u00bb &#8211; le Nounous Hamza sans les yeux &#8211; le tr\u00e8s grand Nounous Hamza marron<\/span><\/p>\n<p class=\"cvGsUA direction-ltr align-center para-style-body\"><span class=\"OYPEnA text-decoration-none text-strikethrough-none\">Adapt\u00e9 aux enfants \u00e0 partir de 3 ans.<\/span><\/p>\n<p class=\"cvGsUA direction-ltr align-center para-style-body\"><span class=\"OYPEnA text-decoration-none text-strikethrough-none\">Remarque : La majorit\u00e9 des savants musulmans autorisent l&rsquo;usage des poup\u00e9es et nounours (jouets) pour les enfants, voici quelques fatwa (en langue arabe) de savants contemporains connus autorisant l&rsquo;usage des poup\u00e9es et nounours (avec ou sans les yeux) :<\/span><\/p>\n<p class=\"cvGsUA direction-ltr align-center para-style-body\"><span class=\"OYPEnA text-decoration-none text-strikethrough-none\">Cheikh Al-&lsquo;Uthaymin<\/span><\/p>\n<p class=\"cvGsUA direction-ltr align-center para-style-body\"><span class=\"OYPEnA text-decoration-none text-strikethrough-none\">Cheikh Al-Mosleh<\/span><\/p>\n<p class=\"cvGsUA direction-ltr align-center para-style-body\"><span class=\"OYPEnA text-decoration-none text-strikethrough-none\">Cheikh Al-&lsquo;Ubaykan<\/span><\/p>\n<p class=\"cvGsUA direction-ltr align-center para-style-body\"><span class=\"OYPEnA text-decoration-none text-strikethrough-none\">\u0627\u0644\u062f\u0643\u062a\u0648\u0631 \u0632\u064a\u0646 \u0627\u0644\u0639\u0627\u0628\u062f\u064a\u0646 \u0628\u0644\u0627\u0641\u0631\u064a\u062c<\/span><\/p>\n<p class=\"cvGsUA direction-ltr align-center para-style-body\"><span class=\"OYPEnA text-decoration-none text-strikethrough-none\">Cheikh Al-Mouslih<\/span><\/p>\n<p class=\"cvGsUA direction-ltr align-center para-style-body\"><span class=\"OYPEnA text-decoration-none text-strikethrough-none\">Autres&#8230;<\/span><\/p>\n<p class=\"cvGsUA direction-ltr align-center para-style-body\"><span class=\"OYPEnA text-decoration-none text-strikethrough-none\">Par contre, il faut savoir que les savants musulmans sont unanimes que les poup\u00e9es ou statues pour d\u00e9corer la maison ne sont pas autoris\u00e9es, uniquement les jouets pour enfants sont autoris\u00e9s&#8230;<\/span><\/p>\n","protected":false},"featured_media":390,"template":"","meta":[],"product_brand":[],"product_cat":[226,38,26,225],"product_tag":[],"class_list":{"0":"post-11844","1":"product","2":"type-product","3":"status-publish","4":"has-post-thumbnail","6":"product_cat-cadeau-naissance","7":"product_cat-idees-de-cadeaux","8":"product_cat-jouets-educatifs","9":"product_cat-ramadan","10":"description-off","12":"first","13":"instock","14":"shipping-taxable","15":"purchasable","16":"product-type-simple"},"jetpack_sharing_enabled":true,"_links":{"self":[{"href":"https:\/\/elouedshop.com\/index.php?rest_route=\/wp\/v2\/product\/11844","targetHints":{"allow":["GET"]}}],"collection":[{"href":"https:\/\/elouedshop.com\/index.php?rest_route=\/wp\/v2\/product"}],"about":[{"href":"https:\/\/elouedshop.com\/index.php?rest_route=\/wp\/v2\/types\/product"}],"wp:featuredmedia":[{"embeddable":true,"href":"https:\/\/elouedshop.com\/index.php?rest_route=\/wp\/v2\/media\/390"}],"wp:attachment":[{"href":"https:\/\/elouedshop.com\/index.php?rest_route=%2Fwp%2Fv2%2Fmedia&parent=11844"}],"wp:term":[{"taxonomy":"product_brand","embeddable":true,"href":"https:\/\/elouedshop.com\/index.php?rest_route=%2Fwp%2Fv2%2Fproduct_brand&post=11844"},{"taxonomy":"product_cat","embeddable":true,"href":"https:\/\/elouedshop.com\/index.php?rest_route=%2Fwp%2Fv2%2Fproduct_cat&post=11844"},{"taxonomy":"product_tag","embeddable":true,"href":"https:\/\/elouedshop.com\/index.php?rest_route=%2Fwp%2Fv2%2Fproduct_tag&post=11844"}],"curies":[{"name":"wp","href":"https:\/\/api.w.org\/{rel}","templated":true}]}}