{"id":11841,"date":"2024-12-22T15:21:39","date_gmt":"2024-12-22T15:21:39","guid":{"rendered":"https:\/\/elouedshop.com\/?post_type=product&#038;p=11841"},"modified":"2024-12-22T17:31:16","modified_gmt":"2024-12-22T17:31:16","slug":"parle-moi-dallah","status":"publish","type":"product","link":"https:\/\/elouedshop.com\/?product=parle-moi-dallah","title":{"rendered":"Parle-moi d&rsquo;Allah"},"content":{"rendered":"<table border=\"0\" width=\"100%\" cellspacing=\"0\" cellpadding=\"0\">\n<tbody>\n<tr>\n<td align=\"left\"><span style=\"font-family: Verdana, Arial; font-size: small;\"><b>Type de produit :<\/b>\u00a0Livre<br \/>\n<\/span><\/td>\n<\/tr>\n<tr>\n<td align=\"left\"><span style=\"font-family: Verdana, Arial; font-size: small;\"><b>Mod\u00e8le &#8211; Format :<\/b>\u00a018 x 18 &#8211; Cartonn\u00e9<br \/>\n<\/span><\/td>\n<\/tr>\n<tr>\n<td align=\"left\"><span style=\"font-family: Verdana, Arial; font-size: small;\"><b>Editeur :<\/b>\u00a0Amana Editions<br \/>\n<\/span><\/td>\n<\/tr>\n<tr>\n<td align=\"left\"><span style=\"font-family: Verdana, Arial; font-size: small;\"><b>Langue :<\/b>\u00a0fran\u00e7ais<br \/>\n<\/span><\/td>\n<\/tr>\n<tr>\n<td align=\"left\"><span style=\"font-family: Verdana, Arial; font-size: small;\"><b>ISBN\/EAN :<\/b>\u00a09782493483379<\/span><\/td>\n<\/tr>\n<\/tbody>\n<\/table>\n","protected":false},"excerpt":{"rendered":"<p>Sais-tu qui est Allah ?<\/p>\n<p>Laisse-moi te parler de Lui, tu verras que ton c\u0153ur s&rsquo;apaisera et qu&rsquo;il n&rsquo;y a nulle divinit\u00e9 comme Lui.<\/p>\n<p>Il est le Seul et l&rsquo;Unique Seigneur, personne n&rsquo;est \u00e9gal \u00e0 Lui : nul n&rsquo;est digne d&rsquo;\u00eatre ador\u00e9 en dehors de Lui.<\/p>\n<p>Allah nous a donn\u00e9 toutes les cl\u00e9s pour qu&rsquo;on puisse l&rsquo;adorer. IL est au dessus des cieux, IL sait tout, voit tout et entend tout, IL n&rsquo;a besoin de rien ni de personne, mais nous, nous avons besoin de Lui,<\/p>\n<p>IL ne dort jamais. ni la nuit, ni le jour.<\/p>\n","protected":false},"featured_media":6484,"template":"","meta":[],"product_brand":[],"product_cat":[180,24,21],"product_tag":[],"class_list":{"0":"post-11841","1":"product","2":"type-product","3":"status-publish","4":"has-post-thumbnail","6":"product_cat-dogme-2","7":"product_cat-enfants","8":"product_cat-livre","9":"description-off","11":"first","12":"instock","13":"shipping-taxable","14":"purchasable","15":"product-type-simple"},"jetpack_sharing_enabled":true,"_links":{"self":[{"href":"https:\/\/elouedshop.com\/index.php?rest_route=\/wp\/v2\/product\/11841","targetHints":{"allow":["GET"]}}],"collection":[{"href":"https:\/\/elouedshop.com\/index.php?rest_route=\/wp\/v2\/product"}],"about":[{"href":"https:\/\/elouedshop.com\/index.php?rest_route=\/wp\/v2\/types\/product"}],"wp:featuredmedia":[{"embeddable":true,"href":"https:\/\/elouedshop.com\/index.php?rest_route=\/wp\/v2\/media\/6484"}],"wp:attachment":[{"href":"https:\/\/elouedshop.com\/index.php?rest_route=%2Fwp%2Fv2%2Fmedia&parent=11841"}],"wp:term":[{"taxonomy":"product_brand","embeddable":true,"href":"https:\/\/elouedshop.com\/index.php?rest_route=%2Fwp%2Fv2%2Fproduct_brand&post=11841"},{"taxonomy":"product_cat","embeddable":true,"href":"https:\/\/elouedshop.com\/index.php?rest_route=%2Fwp%2Fv2%2Fproduct_cat&post=11841"},{"taxonomy":"product_tag","embeddable":true,"href":"https:\/\/elouedshop.com\/index.php?rest_route=%2Fwp%2Fv2%2Fproduct_tag&post=11841"}],"curies":[{"name":"wp","href":"https:\/\/api.w.org\/{rel}","templated":true}]}}