{"id":11840,"date":"2024-12-22T15:21:32","date_gmt":"2024-12-22T15:21:32","guid":{"rendered":"https:\/\/elouedshop.com\/?post_type=product&#038;p=11840"},"modified":"2024-12-22T17:29:32","modified_gmt":"2024-12-22T17:29:32","slug":"les-ruses-de-satan-version-integrale-2-volumes","status":"publish","type":"product","link":"https:\/\/elouedshop.com\/?product=les-ruses-de-satan-version-integrale-2-volumes","title":{"rendered":"Les ruses de satan, version int\u00e9grale 2 volumes"},"content":{"rendered":"<p class=\"h6\">Fiche technique<\/p>\n<dl class=\"data-sheet\">\n<dt class=\"name\">Ann\u00e9e<\/dt>\n<dd class=\"value\">2023<\/dd>\n<dt class=\"name\">Couverture<\/dt>\n<dd class=\"value\">Rigide<\/dd>\n<dt class=\"name\">Nb. Pages<\/dt>\n<dd class=\"value\">472+480<\/dd>\n<dt class=\"name\">Langue<\/dt>\n<dd class=\"value\">fran\u00e7aise<\/dd>\n<dt class=\"name\">Auteur<\/dt>\n<dd class=\"value\">Ibn al Qayyim al Jawziyyah<\/dd>\n<\/dl>\n","protected":false},"excerpt":{"rendered":"<p class=\"cvGsUA direction-ltr align-center para-style-body\"><span class=\"OYPEnA text-decoration-none text-strikethrough-none\">Le livre phare d&rsquo;Ibn Qayyim al-Jawziyya, \u00ab\u00a0Igh\u00e2that al-lahf\u00e2n f\u00ee mas\u00e2yid al-shayt\u00e2n\u00a0\u00bb est enfin disponible en fran\u00e7ais! Ce livre est unique en son genre et est probablement le plus complet sur le sujet des ruses de Satan, en langue arabe et surtout en fran\u00e7ais. L&rsquo;auteur aborde le sujet de mani\u00e8re innovante et pluridisciplinaire, en exposant les pi\u00e8ges sataniques dans divers domaines tels que la th\u00e9ologie, la jurisprudence, l&rsquo;histoire, la sociologie, l&rsquo;anthropologie et la psychologie.<\/span><\/p>\n<p class=\"cvGsUA direction-ltr align-center para-style-body\"><span class=\"OYPEnA text-decoration-none text-strikethrough-none\">Ibn al-Qayyim \u00e9tait un grand savant qui a influenc\u00e9 son \u00e9poque et les g\u00e9n\u00e9rations suivantes. Il a laiss\u00e9 derri\u00e8re lui un patrimoine religieux consid\u00e9rable, dont de nombreux livres ont \u00e9t\u00e9 traduits dans plusieurs langues, dont le fran\u00e7ais.<\/span><\/p>\n<p class=\"cvGsUA direction-ltr align-center para-style-body\"><span class=\"OYPEnA text-decoration-none text-strikethrough-none\">Apr\u00e8s avoir lu cet ouvrage monumental, les ruses de Satan n&rsquo;auront plus aucun secret pour vous. Conna\u00eetre ses pi\u00e8ges est le meilleur moyen de s&rsquo;en prot\u00e9ger.<\/span><\/p>\n<p class=\"cvGsUA direction-ltr align-center para-style-body\"><span class=\"OYPEnA text-decoration-none text-strikethrough-none\">Que la cl\u00e9mence d&rsquo;Allah soit avec Ibn al-Qayyim al-Jawziyya et qu&rsquo;il soit r\u00e9compens\u00e9 pour le savoir b\u00e9n\u00e9fique qu&rsquo;il a l\u00e9gu\u00e9 \u00e0 la Ummah.<\/span><\/p>\n","protected":false},"featured_media":1972,"template":"","meta":[],"product_brand":[],"product_cat":[80,151,21,225],"product_tag":[],"class_list":{"0":"post-11840","1":"product","2":"type-product","3":"status-publish","4":"has-post-thumbnail","6":"product_cat-dogme","7":"product_cat-education-spiritualite","8":"product_cat-livre","9":"product_cat-ramadan","10":"description-off","12":"first","13":"instock","14":"shipping-taxable","15":"purchasable","16":"product-type-simple"},"jetpack_sharing_enabled":true,"_links":{"self":[{"href":"https:\/\/elouedshop.com\/index.php?rest_route=\/wp\/v2\/product\/11840","targetHints":{"allow":["GET"]}}],"collection":[{"href":"https:\/\/elouedshop.com\/index.php?rest_route=\/wp\/v2\/product"}],"about":[{"href":"https:\/\/elouedshop.com\/index.php?rest_route=\/wp\/v2\/types\/product"}],"wp:featuredmedia":[{"embeddable":true,"href":"https:\/\/elouedshop.com\/index.php?rest_route=\/wp\/v2\/media\/1972"}],"wp:attachment":[{"href":"https:\/\/elouedshop.com\/index.php?rest_route=%2Fwp%2Fv2%2Fmedia&parent=11840"}],"wp:term":[{"taxonomy":"product_brand","embeddable":true,"href":"https:\/\/elouedshop.com\/index.php?rest_route=%2Fwp%2Fv2%2Fproduct_brand&post=11840"},{"taxonomy":"product_cat","embeddable":true,"href":"https:\/\/elouedshop.com\/index.php?rest_route=%2Fwp%2Fv2%2Fproduct_cat&post=11840"},{"taxonomy":"product_tag","embeddable":true,"href":"https:\/\/elouedshop.com\/index.php?rest_route=%2Fwp%2Fv2%2Fproduct_tag&post=11840"}],"curies":[{"name":"wp","href":"https:\/\/api.w.org\/{rel}","templated":true}]}}