{"id":11837,"date":"2024-12-22T15:20:06","date_gmt":"2024-12-22T15:20:06","guid":{"rendered":"https:\/\/elouedshop.com\/?post_type=product&#038;p=11837"},"modified":"2024-12-22T17:26:24","modified_gmt":"2024-12-22T17:26:24","slug":"accomplir-ma-priere-garcons","status":"publish","type":"product","link":"https:\/\/elouedshop.com\/?product=accomplir-ma-priere-garcons","title":{"rendered":"Accomplir ma pri\u00e8re &#8211; Gar\u00e7ons"},"content":{"rendered":"<table border=\"0\" width=\"100%\" cellspacing=\"0\" cellpadding=\"0\">\n<tbody>\n<tr>\n<td align=\"left\"><span style=\"font-family: Verdana, Arial; font-size: small;\"><b>Type de produit :<\/b>\u00a0Livre<br \/>\n<\/span><\/td>\n<\/tr>\n<tr>\n<td align=\"left\"><span style=\"font-family: Verdana, Arial; font-size: small;\"><b>Nombre de pages :<\/b>\u00a0112<br \/>\n<\/span><\/td>\n<\/tr>\n<tr>\n<td align=\"left\"><span style=\"font-family: Verdana, Arial; font-size: small;\"><b>Mod\u00e8le &#8211; Format :<\/b>\u00a016,3 x 11,6 cm<br \/>\n<\/span><\/td>\n<\/tr>\n<tr>\n<td align=\"left\"><span style=\"font-family: Verdana, Arial; font-size: small;\"><b>Editeur :<\/b>\u00a0Orientica\u00a0&#8211;\u00a0Editions Chama<br \/>\n<\/span><\/td>\n<\/tr>\n<tr>\n<td align=\"left\"><span style=\"font-family: Verdana, Arial; font-size: small;\"><b>Ann\u00e9e :<\/b>\u00a02022<br \/>\n<\/span><\/td>\n<\/tr>\n<tr>\n<td align=\"left\"><span style=\"font-family: Verdana, Arial; font-size: small;\"><b>Langue :<\/b>\u00a0fran\u00e7ais &#8211; arabe<br \/>\n<\/span><\/td>\n<\/tr>\n<tr>\n<td align=\"left\"><span style=\"font-family: Verdana, Arial; font-size: small;\"><b>ISBN\/EAN :<\/b>\u00a02-911807-26 9782911807268<\/span><\/td>\n<\/tr>\n<\/tbody>\n<\/table>\n","protected":false},"excerpt":{"rendered":"<p>Un petit livre destin\u00e9 aux petits gar\u00e7ons pour leur apprendre la meilleure fa\u00e7on d&rsquo;accomplir la pri\u00e8re avec des images illustr\u00e9es.<\/p>\n<p>Sache mon enfant que la pri\u00e8re est le plus grand cadeau que Dieu nous ait fait. C\u00b4est un bien pr\u00e9cieux car viendra un jour o\u00f9 nous serons tous rassembl\u00e9s devant Dieu, le Jour du Jugement dernier.<\/p>\n<p>Ce Jour-l\u00e0, Dieu nous interrogera sur ce que nous avons fait de bien de mal. Si le bien l\u00b4a emport\u00e9 dans ta vie, si tu as \u00e9t\u00e9 bon envers tes parents, tes proches, si tu a toujours \u00e9t\u00e9 honn\u00eate et sinc\u00e8re, si tu as toujours suivi la bonne voie, alors ta r\u00e9compense sera le Paradis o\u00f9 tu seras heureux \u00e9ternellement. Par contre, si tu as pass\u00e9 ton temps \u00e0 oublier Dieu, \u00e0 faire le mal, \u00e0 mentir, alors gare \u00e0 toi car l\u00b4Enfer est douloureux. Le Proph\u00e8te (b\u00e9n\u00e9diction et salutation d\u00b4All\u00e2h sur lui) a dit: \u00ab Le Jour de la r\u00e9surrection, la premi\u00e8re chose sur laquelle l\u00b4\u00eatre humain sera jug\u00e9 sera pri\u00e8re. Si ses pri\u00e8res sont bonnes alors ses autres actions seront accept\u00e9es, mais si ses pri\u00e8res n\u00b4a pas \u00e9t\u00e9 bonnes, alors ses autres actions seront rejet\u00e9es \u00bb.<\/p>\n","protected":false},"featured_media":1174,"template":"","meta":[],"product_brand":[],"product_cat":[24,21,48,185,225],"product_tag":[],"class_list":{"0":"post-11837","1":"product","2":"type-product","3":"status-publish","4":"has-post-thumbnail","6":"product_cat-enfants","7":"product_cat-livre","8":"product_cat-pratique-religieuse","9":"product_cat-priere-purification","10":"product_cat-ramadan","11":"description-off","13":"first","14":"instock","15":"shipping-taxable","16":"purchasable","17":"product-type-simple"},"jetpack_sharing_enabled":true,"_links":{"self":[{"href":"https:\/\/elouedshop.com\/index.php?rest_route=\/wp\/v2\/product\/11837","targetHints":{"allow":["GET"]}}],"collection":[{"href":"https:\/\/elouedshop.com\/index.php?rest_route=\/wp\/v2\/product"}],"about":[{"href":"https:\/\/elouedshop.com\/index.php?rest_route=\/wp\/v2\/types\/product"}],"wp:featuredmedia":[{"embeddable":true,"href":"https:\/\/elouedshop.com\/index.php?rest_route=\/wp\/v2\/media\/1174"}],"wp:attachment":[{"href":"https:\/\/elouedshop.com\/index.php?rest_route=%2Fwp%2Fv2%2Fmedia&parent=11837"}],"wp:term":[{"taxonomy":"product_brand","embeddable":true,"href":"https:\/\/elouedshop.com\/index.php?rest_route=%2Fwp%2Fv2%2Fproduct_brand&post=11837"},{"taxonomy":"product_cat","embeddable":true,"href":"https:\/\/elouedshop.com\/index.php?rest_route=%2Fwp%2Fv2%2Fproduct_cat&post=11837"},{"taxonomy":"product_tag","embeddable":true,"href":"https:\/\/elouedshop.com\/index.php?rest_route=%2Fwp%2Fv2%2Fproduct_tag&post=11837"}],"curies":[{"name":"wp","href":"https:\/\/api.w.org\/{rel}","templated":true}]}}