{"id":11836,"date":"2024-12-22T15:19:44","date_gmt":"2024-12-22T15:19:44","guid":{"rendered":"https:\/\/elouedshop.com\/?post_type=product&#038;p=11836"},"modified":"2024-12-22T17:22:44","modified_gmt":"2024-12-22T17:22:44","slug":"les-animaux-du-coran-racontes-aux-enfants","status":"publish","type":"product","link":"https:\/\/elouedshop.com\/?product=les-animaux-du-coran-racontes-aux-enfants","title":{"rendered":"Les animaux du Coran racont\u00e9s aux enfants"},"content":{"rendered":"<table class=\"ce-product-features\">\n<tbody>\n<tr class=\"ce-product-features__row\">\n<th class=\"ce-product-features__label\">Ann\u00e9e<\/th>\n<td class=\"ce-product-features__value\">2018<\/td>\n<\/tr>\n<tr class=\"ce-product-features__row\">\n<th class=\"ce-product-features__label\">EAN-13<\/th>\n<td class=\"ce-product-features__value\">9782848624112<\/td>\n<\/tr>\n<tr class=\"ce-product-features__row\">\n<th class=\"ce-product-features__label\">Couverture<\/th>\n<td class=\"ce-product-features__value\">Rigide<\/td>\n<\/tr>\n<tr class=\"ce-product-features__row\">\n<th class=\"ce-product-features__label\">ISBN<\/th>\n<td class=\"ce-product-features__value\">9782848624112<\/td>\n<\/tr>\n<tr class=\"ce-product-features__row\">\n<th class=\"ce-product-features__label\">Nb. Pages<\/th>\n<td class=\"ce-product-features__value\">150<\/td>\n<\/tr>\n<tr class=\"ce-product-features__row\">\n<th class=\"ce-product-features__label\">Langue<\/th>\n<td class=\"ce-product-features__value\">fran\u00e7aise<\/td>\n<\/tr>\n<tr class=\"ce-product-features__row\">\n<th class=\"ce-product-features__label\">Auteur<\/th>\n<td class=\"ce-product-features__value\">Siham Andalouci<\/td>\n<\/tr>\n<\/tbody>\n<\/table>\n","protected":false},"excerpt":{"rendered":"<p>Allah, dans le Coran, nous raconte nombre d\u2019histoires qui contiennent de grandes et belles le\u00e7ons. Chacune d\u2019elles nous appelle au bien et nous alerte contre le mal.<\/p>\n<p>Et Allah a voulu que certaines de ces histoires aient pour acteurs des animaux. Il rappelle ainsi le lien essentiel qui existe entre l\u2019homme et le reste de la cr\u00e9ation.<\/p>\n<p>Le fait de mettre en sc\u00e8ne des autres cr\u00e9atures rappelle \u00e0 l\u2019homme qu\u2019il n\u2019est qu\u2019un \u00e9l\u00e9ment de la cr\u00e9ation, que lui aussi a \u00e9t\u00e9 cr\u00e9\u00e9 et qu\u2019il doit respecter, prot\u00e9ger et vivre en harmonie avec les autres \u00eatres qu\u2019Allah a cr\u00e9\u00e9s.<\/p>\n","protected":false},"featured_media":5599,"template":"","meta":[],"product_brand":[],"product_cat":[24,175,21],"product_tag":[],"class_list":{"0":"post-11836","1":"product","2":"type-product","3":"status-publish","4":"has-post-thumbnail","6":"product_cat-enfants","7":"product_cat-histoires-du-coran","8":"product_cat-livre","9":"description-off","11":"first","12":"instock","13":"shipping-taxable","14":"purchasable","15":"product-type-simple"},"jetpack_sharing_enabled":true,"_links":{"self":[{"href":"https:\/\/elouedshop.com\/index.php?rest_route=\/wp\/v2\/product\/11836","targetHints":{"allow":["GET"]}}],"collection":[{"href":"https:\/\/elouedshop.com\/index.php?rest_route=\/wp\/v2\/product"}],"about":[{"href":"https:\/\/elouedshop.com\/index.php?rest_route=\/wp\/v2\/types\/product"}],"wp:featuredmedia":[{"embeddable":true,"href":"https:\/\/elouedshop.com\/index.php?rest_route=\/wp\/v2\/media\/5599"}],"wp:attachment":[{"href":"https:\/\/elouedshop.com\/index.php?rest_route=%2Fwp%2Fv2%2Fmedia&parent=11836"}],"wp:term":[{"taxonomy":"product_brand","embeddable":true,"href":"https:\/\/elouedshop.com\/index.php?rest_route=%2Fwp%2Fv2%2Fproduct_brand&post=11836"},{"taxonomy":"product_cat","embeddable":true,"href":"https:\/\/elouedshop.com\/index.php?rest_route=%2Fwp%2Fv2%2Fproduct_cat&post=11836"},{"taxonomy":"product_tag","embeddable":true,"href":"https:\/\/elouedshop.com\/index.php?rest_route=%2Fwp%2Fv2%2Fproduct_tag&post=11836"}],"curies":[{"name":"wp","href":"https:\/\/api.w.org\/{rel}","templated":true}]}}