{"id":11821,"date":"2024-12-22T15:16:59","date_gmt":"2024-12-22T15:16:59","guid":{"rendered":"https:\/\/elouedshop.com\/?post_type=product&#038;p=11821"},"modified":"2024-12-22T16:59:00","modified_gmt":"2024-12-22T16:59:00","slug":"les-99-noms-dallah-pour-aller-au-paradis","status":"publish","type":"product","link":"https:\/\/elouedshop.com\/?product=les-99-noms-dallah-pour-aller-au-paradis","title":{"rendered":"Les 99 Noms d\u2019Allah pour aller au Paradis"},"content":{"rendered":"<table border=\"0\" width=\"100%\" cellspacing=\"0\" cellpadding=\"0\">\n<tbody>\n<tr>\n<td align=\"left\"><span style=\"font-family: Verdana, Arial; font-size: small;\"><b>Auteur :<\/b>\u00a0Amine RAHALI<br \/>\n<\/span><\/td>\n<\/tr>\n<tr>\n<td align=\"left\"><span style=\"font-family: Verdana, Arial; font-size: small;\"><b>Type de produit :<\/b>\u00a0Livre<br \/>\n<\/span><\/td>\n<\/tr>\n<tr>\n<td align=\"left\"><span style=\"font-family: Verdana, Arial; font-size: small;\"><b>Nombre de pages :<\/b>\u00a096<br \/>\n<\/span><\/td>\n<\/tr>\n<tr>\n<td align=\"left\"><span style=\"font-family: Verdana, Arial; font-size: small;\"><b>Mod\u00e8le &#8211; Format :<\/b>\u00a0cartonn\u00e9 21,5 x 30,5 cm<br \/>\n<\/span><\/td>\n<\/tr>\n<tr>\n<td align=\"left\"><span style=\"font-family: Verdana, Arial; font-size: small;\"><b>Editeur :<\/b>\u00a0Sana<br \/>\n<\/span><\/td>\n<\/tr>\n<tr>\n<td align=\"left\"><span style=\"font-family: Verdana, Arial; font-size: small;\"><b>Langue :<\/b>\u00a0fran\u00e7ais<br \/>\n<\/span><\/td>\n<\/tr>\n<tr>\n<td align=\"left\"><span style=\"font-family: Verdana, Arial; font-size: small;\"><b>ISBN\/EAN :<\/b>\u00a09782356335395<\/span><\/td>\n<\/tr>\n<\/tbody>\n<\/table>\n","protected":false},"excerpt":{"rendered":"<p>Les 99 noms d\u2019Allah EXPLIQU\u00c9S AUX ENFANTS !<\/p>\n<p>Cette m\u00e9thode est unique pour apprendre, comprendre et appliquer dans sa vie les 99 noms d\u2019Allah !!!<\/p>\n<p><strong>POUR LES PARENTS :<\/strong><\/p>\n<p>Si votre premi\u00e8re attente est que votre enfant d\u00e9couvre qui est Allah, qu\u2019il puisse d\u00e9velopper un grand amour pour son Seigneur, qu\u2019il fasse appel \u00e0 Lui dans sa vie,\u00e0 l\u2019\u00e9cole, quand il est contrari\u00e9,en conflit avec un ami ou avec ses fr\u00e8res et s\u0153urs, quand il a des doutes, quand il est insatisfait\u2026<\/p>\n<p>Si vous ne savez pas comment aborder avec lui des questions d&rsquo;ordres existentielles, telles que, notre r\u00f4le sur terre ? La raison de notre existence ? Qui est le v\u00e9ritable cr\u00e9ateur ? Comment expliquer la mort, la vie, la r\u00e9surrection ? Le bon comportement et les moralit\u00e9s \u00e0 adopter pour gagner le Paradis et \u00e9viter l\u2019enfer ?<\/p>\n<p>Alors, cet ouvrage est une excellente m\u00e9thode ludique pour r\u00e9pondre \u00e0 tous ses besoins.<\/p>\n<p><strong>POUR L\u2019ENFANT :<\/strong><\/p>\n<p>\u00ab \u00e7a a vraiment chang\u00e9 ma vie !!! Et toi ? Veux-tu embarquer dans une nouvelle aventure \u00e0 travers laquelle tu apprendras \u00e0 mieux connaitre et \u00e0 aimer notre Seigneur Allah ?<\/p>\n<p>Ouvre ce livre et APPRENDS LES 99 MAGNIFIQUES NOMS d&rsquo;Allah !!! \u00bb<\/p>\n<p>Il va susciter en toi des \u00e9motions et renforcer un lien fort avec Allah, \u00e0 travers des histoires qui te toucheront et dans lesquelles tu te reconna\u00eetras certainement. Bon Apprentissage !<\/p>\n<p><strong>Ce livre contient :<\/strong><\/p>\n<ul>\n<li>99 CARTES (des noms d\u2019Allah d\u00e9tachables \u00e0 collectionner).<\/li>\n<li>99 noms d\u2019Allah expliqu\u00e9s aux jeunes (d\u00e9finition, illustration).<\/li>\n<li>99 Invocations (\u00e0 r\u00e9citer en fonction de la situation rencontr\u00e9e)<\/li>\n<li>Bande dessin\u00e9e, des jeux (pour mieux appr\u00e9hender les noms d\u2019Allah)<\/li>\n<li>La chanson des noms d\u2019Allah<\/li>\n<li>1 Couronne + 1 Paquet de cartes + 9 stickers (la r\u00e9compense de la connaissance des noms divins \u00e0 l\u2019issue de chaque stage !)<\/li>\n<\/ul>\n<p>Cet ouvrage met en exergue le pouvoir exceptionnel des invocations : Les beaux noms d\u2019Allah si parfaits nous serviront tout au long de notre vie, en les apprenant, les comprenant, les appliquant avec notre c\u0153ur et nos membres en fonction des situations rencontr\u00e9es.<\/p>\n<p>Allah dit : \u00ab C\u2019est \u00e0 Allah qu\u2019appartiennent les plus beaux noms. Invoquez-Le par Ses noms\u2026 \u00bb\u00a0 { \u0648\u064e\u0644\u0650\u0644\u064e\u0651\u0647\u0650 \u0627\u0644\u0652\u0623\u064e\u0633\u0652\u0645\u064e\u0627\u0621\u064f \u0627\u0644\u0652\u062d\u064f\u0633\u0652\u0646\u064e\u0649 \u0641\u064e\u0627\u062f\u0652\u0639\u064f\u0648\u0647\u064f \u0628\u0650\u0647\u064e\u0627 }<\/p>\n<p>Le proph\u00e8te paix et b\u00e9n\u00e9diction sur lui a dit : \u201c\u0639\u0646 \u0623\u0628\u064a \u0647\u0631\u064a\u0631\u0629 \u0631\u0636\u064a \u0627\u0644\u0644\u0647 \u0639\u0646\u0647 : \u0623\u0646 \u0631\u0633\u0648\u0644 \u0627\u0644\u0644\u0647 \u0635\u0644\u0649 \u0627\u0644\u0644\u0647 \u0639\u0644\u064a\u0647 \u0648\u0633\u0644\u0645 \u0642\u0627\u0644: \u0625\u0646 \u0644\u0644\u0647 \u062a\u0633\u0639\u0629 \u0648\u062a\u0633\u0639\u064a\u0646 \u0627\u0633\u0645\u0627 \u0645\u0627\u0626\u0629 \u0625\u0644\u0627 \u0648\u0627\u062d\u062f\u0627 \u0645\u0646 \u0623\u062d\u0635\u0627\u0647\u0627 \u062f\u062e\u0644 \u0627\u0644\u062c\u0646\u0629\u201d : \u201cDieu a 99 Noms : 100\u00a0 moins 1, celui qui en fera le ihs\u00e2\u2019 entrera au Paradis\u201d (rapport\u00e9 par al-Bukh\u00e2r\u00ee &amp; Mouslim).<\/p>\n<p><strong>Quelles sont les vertus des noms d\u2019Allah ?\u00a0<\/strong><\/p>\n<ul>\n<li>B\u00e9n\u00e9ficier de l\u2019amour d\u2019Allah : Avoir le privil\u00e8ge de bien conna\u00eetre son Seigneur, (l\u2019homme ne peut donc L\u2019adorer sans le conna\u00eetre.)<\/li>\n<li>Mieux L\u2019invoquer et L\u2019adorer.<\/li>\n<li>Conna\u00eetre leur sens et s\u2019y attacher,les utiliser au quotidien<\/li>\n<li>M\u00e9diter sur la cr\u00e9ation pour se rapprocher du Cr\u00e9ateur<\/li>\n<li>Bien Se comporter avec les cr\u00e9atures d\u2019Allah (arrahimoun yarhamouhoum arrahman. Allah est g\u00e9n\u00e9reux,il aime les g\u00e9n\u00e9reux, Allah est mis\u00e9ricordieux et aime les mis\u00e9ricordieux, Allah est beau,il aime la beaut\u00e9\u2026)<\/li>\n<\/ul>\n<p><strong>La m\u00e9thode :<\/strong><\/p>\n<ul>\n<li>Le lecteur prendra le r\u00f4le du h\u00e9ros principal, il apprendra comment faire face aux d\u00e9fis qu\u2019il rencontrera, avec la force des invocations<\/li>\n<li>9 stages avec 11 noms d\u2019Allah \u00e0 \u00e9tudier dans chaque \u00e9tape (9&#215;11=99 noms)<\/li>\n<li>\u00e0 l\u2019issue de ces stages, le lecteur aura une r\u00e9compense, (9 gems \u00e0 remporter) s\u2019il utilise bien les cartes des noms divins pour d\u00e9jouer les d\u00e9fis qu\u2019il devra r\u00e9soudre. La connaissance de ces 99 noms dans leurs globalit\u00e9, lui donnera une force incroyable afin de venir \u00e0 bout de weswes et khannas, ses pires ennemis afin d&rsquo;atteindre son but final qui est de lib\u00e9rer ses parents pris en otage.<\/li>\n<\/ul>\n<p>En fonction de la situation dans laquelle on se trouve, on invoque Dieu en mentionnant celui-ci parmi Ses 99 Noms<\/p>\n<p>Cette m\u00e9thode donne une valeur particuli\u00e8re au lecteur tout au long de cette aventure palpitante, m\u00ealant PNL, d\u00e9veloppement personnel, carte heuristique et autres conseils p\u00e9dagogiques et spirituels du vieux sage cheikh Othmane.<\/p>\n<p>La m\u00e9thode a \u00e9t\u00e9 pens\u00e9e pour tenir le lecteur en haleine et lui faciliter l\u2019apprentissage de la totalit\u00e9 des 99 noms Divins, gr\u00e2ce aux diff\u00e9rents bonus qu\u2019il devra r\u00e9colter tout au long du livre.<\/p>\n<p><strong>Sommaire<\/strong><\/p>\n<p>Introduction 4<\/p>\n<p>Stage 1. de Ar-Rahmane &gt; Al-Moutakabbir 19<\/p>\n<p>Stage 2. de AL-Khaliq &gt; Al-Bassit 25<\/p>\n<p>Stage 3. de Al-Khafidh &gt; Al-Halim 31<\/p>\n<p>Stage 4. de Al-\u00ebAdhim &gt; Ar-Raqib 37<\/p>\n<p>Stage 5. de Al-Moujib &gt; Al-Matine 43<\/p>\n<p>Stage 6. de Al-waliy &gt; Al-M\u201ajid 49<\/p>\n<p>Stage 7. de Al-Wahid &gt; Al-W\u201ali 55<\/p>\n<p>Stage 8. de Al-Mouta\u00edali &gt; Al-Ghaniy 63<\/p>\n<p>Stage 9. de AL-Moughni &gt; As-Sabour 67<\/p>\n<p>Bonus<\/p>\n<p>PAUSE JEUX (pour mieux appr\u00e9hender les noms d&rsquo;Allah) 78<\/p>\n<p>CHANTONS ensemble LES NOMS D&rsquo;ALLAH 79<\/p>\n<p>Toutes les cartes des 99 noms d&rsquo;Allah 81<\/p>\n","protected":false},"featured_media":5704,"template":"","meta":[],"product_brand":[],"product_cat":[80,181,24,21,225],"product_tag":[],"class_list":{"0":"post-11821","1":"product","2":"type-product","3":"status-publish","4":"has-post-thumbnail","6":"product_cat-dogme","7":"product_cat-education-religieuse","8":"product_cat-enfants","9":"product_cat-livre","10":"product_cat-ramadan","11":"description-off","13":"first","14":"instock","15":"shipping-taxable","16":"purchasable","17":"product-type-simple"},"jetpack_sharing_enabled":true,"_links":{"self":[{"href":"https:\/\/elouedshop.com\/index.php?rest_route=\/wp\/v2\/product\/11821","targetHints":{"allow":["GET"]}}],"collection":[{"href":"https:\/\/elouedshop.com\/index.php?rest_route=\/wp\/v2\/product"}],"about":[{"href":"https:\/\/elouedshop.com\/index.php?rest_route=\/wp\/v2\/types\/product"}],"wp:featuredmedia":[{"embeddable":true,"href":"https:\/\/elouedshop.com\/index.php?rest_route=\/wp\/v2\/media\/5704"}],"wp:attachment":[{"href":"https:\/\/elouedshop.com\/index.php?rest_route=%2Fwp%2Fv2%2Fmedia&parent=11821"}],"wp:term":[{"taxonomy":"product_brand","embeddable":true,"href":"https:\/\/elouedshop.com\/index.php?rest_route=%2Fwp%2Fv2%2Fproduct_brand&post=11821"},{"taxonomy":"product_cat","embeddable":true,"href":"https:\/\/elouedshop.com\/index.php?rest_route=%2Fwp%2Fv2%2Fproduct_cat&post=11821"},{"taxonomy":"product_tag","embeddable":true,"href":"https:\/\/elouedshop.com\/index.php?rest_route=%2Fwp%2Fv2%2Fproduct_tag&post=11821"}],"curies":[{"name":"wp","href":"https:\/\/api.w.org\/{rel}","templated":true}]}}