{"id":11815,"date":"2024-12-22T15:15:50","date_gmt":"2024-12-22T15:15:50","guid":{"rendered":"https:\/\/elouedshop.com\/?post_type=product&#038;p=11815"},"modified":"2024-12-22T15:37:00","modified_gmt":"2024-12-22T15:37:00","slug":"mes-premieres-sourates-illustrees","status":"publish","type":"product","link":"https:\/\/elouedshop.com\/?product=mes-premieres-sourates-illustrees","title":{"rendered":"Mes Premi\u00e8res Sourates illustr\u00e9es"},"content":{"rendered":"<table border=\"0\" width=\"100%\" cellspacing=\"0\" cellpadding=\"0\">\n<tbody>\n<tr>\n<td align=\"left\"><span style=\"font-family: Verdana, Arial; font-size: small;\"><b>Auteur :<\/b>\u00a0Collectif &#8211; L&rsquo;\u00e9quipe \u00e9ditoriale Orientica<br \/>\n<\/span><\/td>\n<\/tr>\n<tr>\n<td align=\"left\"><span style=\"font-family: Verdana, Arial; font-size: small;\"><b>Type de produit :<\/b>\u00a0Livre<br \/>\n<\/span><\/td>\n<\/tr>\n<tr>\n<td align=\"left\"><span style=\"font-family: Verdana, Arial; font-size: small;\"><b>Nombre de pages :<\/b>\u00a064<br \/>\n<\/span><\/td>\n<\/tr>\n<tr>\n<td align=\"left\"><span style=\"font-family: Verdana, Arial; font-size: small;\"><b>Mod\u00e8le &#8211; Format :<\/b>\u00a022 x 29 cm &#8211; Couverture cartonn\u00e9e et rembourr\u00e9e avec marque page en soie<br \/>\n<\/span><\/td>\n<\/tr>\n<tr>\n<td align=\"left\"><span style=\"font-family: Verdana, Arial; font-size: small;\"><b>Editeur :<\/b>\u00a0Orientica<br \/>\n<\/span><\/td>\n<\/tr>\n<tr>\n<td align=\"left\"><span style=\"font-family: Verdana, Arial; font-size: small;\"><b>Langue :<\/b>\u00a0fran\u00e7ais &#8211; arabe &#8211; phon\u00e9tique<br \/>\n<\/span><\/td>\n<\/tr>\n<tr>\n<td align=\"left\"><span style=\"font-family: Verdana, Arial; font-size: small;\"><b>ISBN\/EAN :<\/b>\u00a0978-2-35635-437-2 \/ 9782356354372<\/span><\/td>\n<\/tr>\n<\/tbody>\n<\/table>\n","protected":false},"excerpt":{"rendered":"<p>Le but de cet ouvrage est d\u2019inculquer l\u2019amour de la lecture du Coran aux enfants en leur apprenant ses sourates les plus courtes. Le lecteur peut ainsi apprendre le sens de chacune des sourates et conna\u00eetre la raison de sa r\u00e9v\u00e9lation. Cela lui permettra aussi de saisir le sens des mots difficiles. De plus, il y a, \u00e0 c\u00f4t\u00e9 de cela, des images qui illustrent bien le sens g\u00e9n\u00e9ral de chacune des sourates \u00e9labor\u00e9es dans l\u2019intention d\u2019attirer au mieux l\u2019attention du lecteur sur le contenu de ce livre.<\/p>\n<p>Chaque sourate est pr\u00e9sent\u00e9e avec son \u00e9criture originale en langue arabe (al-khatt al-&lsquo;Uthm\u00e2n\u00ee), la traduction de ses sens en langue fran\u00e7aise, et l\u2019\u00e9criture phon\u00e9tique de sa prononciation.<\/p>\n<p>Ce livre est destin\u00e9 particuli\u00e8rement aux enfants d\u2019\u00e2ge pr\u00e9scolaire allant jusqu\u2019aux premi\u00e8res ann\u00e9es de l\u2019enseignement primaire, m\u00eame si son contenu n\u2019est pas limit\u00e9 aux enfants et peut \u00eatre \u00e9galement utile aux adultes&#8230;<\/p>\n<p>Il permet \u00e0 l\u2019enfant d\u2019apprendre :<\/p>\n<ol>\n<li>La m\u00e9morisation des courtes sourates coraniques ;<\/li>\n<li>le sens g\u00e9n\u00e9ral de chaque sourate et la raison de sa r\u00e9v\u00e9lation ;<\/li>\n<li>la signification de ses termes coraniques ;<\/li>\n<li>un riche vocabulaire ;<\/li>\n<\/ol>\n<p>Tout cela sera accompagn\u00e9 d\u2019illustrations plaisantes.<\/p>\n<p>Le Messager d\u2019Allah (SAW) a dit : \u00ab Le meilleur d\u2019entre vous est celui qui apprend le Coran et l\u2019enseigne ! \u00bb<\/p>\n","protected":false},"featured_media":11083,"template":"","meta":[],"product_brand":[],"product_cat":[24,175,21],"product_tag":[],"class_list":{"0":"post-11815","1":"product","2":"type-product","3":"status-publish","4":"has-post-thumbnail","6":"product_cat-enfants","7":"product_cat-histoires-du-coran","8":"product_cat-livre","9":"description-off","11":"first","12":"instock","13":"shipping-taxable","14":"purchasable","15":"product-type-simple"},"jetpack_sharing_enabled":true,"_links":{"self":[{"href":"https:\/\/elouedshop.com\/index.php?rest_route=\/wp\/v2\/product\/11815","targetHints":{"allow":["GET"]}}],"collection":[{"href":"https:\/\/elouedshop.com\/index.php?rest_route=\/wp\/v2\/product"}],"about":[{"href":"https:\/\/elouedshop.com\/index.php?rest_route=\/wp\/v2\/types\/product"}],"wp:featuredmedia":[{"embeddable":true,"href":"https:\/\/elouedshop.com\/index.php?rest_route=\/wp\/v2\/media\/11083"}],"wp:attachment":[{"href":"https:\/\/elouedshop.com\/index.php?rest_route=%2Fwp%2Fv2%2Fmedia&parent=11815"}],"wp:term":[{"taxonomy":"product_brand","embeddable":true,"href":"https:\/\/elouedshop.com\/index.php?rest_route=%2Fwp%2Fv2%2Fproduct_brand&post=11815"},{"taxonomy":"product_cat","embeddable":true,"href":"https:\/\/elouedshop.com\/index.php?rest_route=%2Fwp%2Fv2%2Fproduct_cat&post=11815"},{"taxonomy":"product_tag","embeddable":true,"href":"https:\/\/elouedshop.com\/index.php?rest_route=%2Fwp%2Fv2%2Fproduct_tag&post=11815"}],"curies":[{"name":"wp","href":"https:\/\/api.w.org\/{rel}","templated":true}]}}