{"id":11814,"date":"2024-12-22T15:15:34","date_gmt":"2024-12-22T15:15:34","guid":{"rendered":"https:\/\/elouedshop.com\/?post_type=product&#038;p=11814"},"modified":"2024-12-22T15:36:10","modified_gmt":"2024-12-22T15:36:10","slug":"le-grand-livre-des-invocations","status":"publish","type":"product","link":"https:\/\/elouedshop.com\/?product=le-grand-livre-des-invocations","title":{"rendered":"Le grand livre des invocations"},"content":{"rendered":"<table class=\"ce-product-features\">\n<tbody>\n<tr class=\"ce-product-features__row\">\n<th class=\"ce-product-features__label\">Ann\u00e9e<\/th>\n<td class=\"ce-product-features__value\">2024<\/td>\n<\/tr>\n<tr class=\"ce-product-features__row\">\n<th class=\"ce-product-features__label\">Couverture<\/th>\n<td class=\"ce-product-features__value\">Rigide<\/td>\n<\/tr>\n<tr class=\"ce-product-features__row\">\n<th class=\"ce-product-features__label\">Dimensions<\/th>\n<td class=\"ce-product-features__value\">22,3 X 24,5 Cm<\/td>\n<\/tr>\n<tr class=\"ce-product-features__row\">\n<th class=\"ce-product-features__label\">Nb. Pages<\/th>\n<td class=\"ce-product-features__value\">232<\/td>\n<\/tr>\n<tr class=\"ce-product-features__row\">\n<th class=\"ce-product-features__label\">Langue<\/th>\n<td class=\"ce-product-features__value\">Arabe \/ Fran\u00e7ais<\/td>\n<\/tr>\n<\/tbody>\n<\/table>\n","protected":false},"excerpt":{"rendered":"<p>Le Grand Livre des Invocations\u201d est un guide essentiel pour tout musulman cherchant \u00e0 int\u00e9grer les \u00c9vocations et Invocations dans sa vie quotidienne. Pr\u00e9sent\u00e9 en fran\u00e7ais, arabe et phon\u00e9tique, ce livre de 232 pages couvre une gamme d\u2019invocations pour divers aspects de la vie, aidant les croyants \u00e0 glorifier Allah et \u00e0 demander Son aide dans toutes les situations.<\/p>\n","protected":false},"featured_media":11184,"template":"","meta":[],"product_brand":[],"product_cat":[24,171,176,45,75,21,16],"product_tag":[],"class_list":{"0":"post-11814","1":"product","2":"type-product","3":"status-publish","4":"has-post-thumbnail","6":"product_cat-enfants","7":"product_cat-imagiers","8":"product_cat-invocations","9":"product_cat-invocations-et-rappel","10":"product_cat-invocations-et-rappels","11":"product_cat-livre","12":"product_cat-non-classe","13":"description-off","15":"first","16":"instock","17":"shipping-taxable","18":"purchasable","19":"product-type-simple"},"jetpack_sharing_enabled":true,"_links":{"self":[{"href":"https:\/\/elouedshop.com\/index.php?rest_route=\/wp\/v2\/product\/11814","targetHints":{"allow":["GET"]}}],"collection":[{"href":"https:\/\/elouedshop.com\/index.php?rest_route=\/wp\/v2\/product"}],"about":[{"href":"https:\/\/elouedshop.com\/index.php?rest_route=\/wp\/v2\/types\/product"}],"wp:featuredmedia":[{"embeddable":true,"href":"https:\/\/elouedshop.com\/index.php?rest_route=\/wp\/v2\/media\/11184"}],"wp:attachment":[{"href":"https:\/\/elouedshop.com\/index.php?rest_route=%2Fwp%2Fv2%2Fmedia&parent=11814"}],"wp:term":[{"taxonomy":"product_brand","embeddable":true,"href":"https:\/\/elouedshop.com\/index.php?rest_route=%2Fwp%2Fv2%2Fproduct_brand&post=11814"},{"taxonomy":"product_cat","embeddable":true,"href":"https:\/\/elouedshop.com\/index.php?rest_route=%2Fwp%2Fv2%2Fproduct_cat&post=11814"},{"taxonomy":"product_tag","embeddable":true,"href":"https:\/\/elouedshop.com\/index.php?rest_route=%2Fwp%2Fv2%2Fproduct_tag&post=11814"}],"curies":[{"name":"wp","href":"https:\/\/api.w.org\/{rel}","templated":true}]}}