{"id":11813,"date":"2024-12-22T15:11:49","date_gmt":"2024-12-22T15:11:49","guid":{"rendered":"https:\/\/elouedshop.com\/?post_type=product&#038;p=11813"},"modified":"2024-12-22T15:14:30","modified_gmt":"2024-12-22T15:14:30","slug":"je-nadore-quallah","status":"publish","type":"product","link":"https:\/\/elouedshop.com\/?product=je-nadore-quallah","title":{"rendered":"Je n&rsquo;adore qu&rsquo;Allah"},"content":{"rendered":"<table border=\"0\" width=\"100%\" cellspacing=\"0\" cellpadding=\"0\">\n<tbody>\n<tr>\n<td align=\"left\"><span style=\"font-family: Verdana, Arial; font-size: small;\"><b>Auteur :<\/b>\u00a0Isma\u00eel Ibn Kath\u00eer<br \/>\n<\/span><\/td>\n<\/tr>\n<tr>\n<td align=\"left\"><span style=\"font-family: Verdana, Arial; font-size: small;\"><b>Type de produit :<\/b>\u00a0Livre<br \/>\n<\/span><\/td>\n<\/tr>\n<tr>\n<td align=\"left\"><span style=\"font-family: Verdana, Arial; font-size: small;\"><b>Nombre de pages :<\/b>\u00a068<br \/>\n<\/span><\/td>\n<\/tr>\n<tr>\n<td align=\"left\"><span style=\"font-family: Verdana, Arial; font-size: small;\"><b>Mod\u00e8le &#8211; Format :<\/b>\u00a018 x 19 cm &#8211; rigide<br \/>\n<\/span><\/td>\n<\/tr>\n<tr>\n<td align=\"left\"><span style=\"font-family: Verdana, Arial; font-size: small;\"><b>Editeur :<\/b>\u00a0MuslimKid<br \/>\n<\/span><\/td>\n<\/tr>\n<tr>\n<td align=\"left\"><span style=\"font-family: Verdana, Arial; font-size: small;\"><b>Langue :<\/b>\u00a0fran\u00e7ais<br \/>\n<\/span><\/td>\n<\/tr>\n<tr>\n<td align=\"left\"><span style=\"font-family: Verdana, Arial; font-size: small;\"><b>ISBN\/EAN :<\/b>\u00a09782958029654 978-2-9580296-5-4<\/span><\/td>\n<\/tr>\n<\/tbody>\n<\/table>\n","protected":false},"excerpt":{"rendered":"<p>Ce livre de 68 pages qui explique de mani\u00e8re ludique et simplifi\u00e9 qui est notre Seigneur, a \u00e9t\u00e9 sp\u00e9cialement con\u00e7u pour faciliter l&rsquo;autonomie et l&rsquo;apprentissage des petits.D\u00e9couvrez le, accompagn\u00e9 de textes adapt\u00e9es \u00e0 l&rsquo;\u00e2ge de l&rsquo;enfant.<\/p>\n<p>Intitul\u00e9 Qui est Allah ?, ce livre est le premier num\u00e9ro d&rsquo;une s\u00e9rie de cinq livres sur la &lsquo;Aqidah (dogme) expliqu\u00e9 \u00e0 nos enfants.<\/p>\n","protected":false},"featured_media":1879,"template":"","meta":[],"product_brand":[],"product_cat":[180,24,21],"product_tag":[],"class_list":{"0":"post-11813","1":"product","2":"type-product","3":"status-publish","4":"has-post-thumbnail","6":"product_cat-dogme-2","7":"product_cat-enfants","8":"product_cat-livre","9":"description-off","11":"first","12":"instock","13":"shipping-taxable","14":"purchasable","15":"product-type-simple"},"jetpack_sharing_enabled":true,"_links":{"self":[{"href":"https:\/\/elouedshop.com\/index.php?rest_route=\/wp\/v2\/product\/11813","targetHints":{"allow":["GET"]}}],"collection":[{"href":"https:\/\/elouedshop.com\/index.php?rest_route=\/wp\/v2\/product"}],"about":[{"href":"https:\/\/elouedshop.com\/index.php?rest_route=\/wp\/v2\/types\/product"}],"wp:featuredmedia":[{"embeddable":true,"href":"https:\/\/elouedshop.com\/index.php?rest_route=\/wp\/v2\/media\/1879"}],"wp:attachment":[{"href":"https:\/\/elouedshop.com\/index.php?rest_route=%2Fwp%2Fv2%2Fmedia&parent=11813"}],"wp:term":[{"taxonomy":"product_brand","embeddable":true,"href":"https:\/\/elouedshop.com\/index.php?rest_route=%2Fwp%2Fv2%2Fproduct_brand&post=11813"},{"taxonomy":"product_cat","embeddable":true,"href":"https:\/\/elouedshop.com\/index.php?rest_route=%2Fwp%2Fv2%2Fproduct_cat&post=11813"},{"taxonomy":"product_tag","embeddable":true,"href":"https:\/\/elouedshop.com\/index.php?rest_route=%2Fwp%2Fv2%2Fproduct_tag&post=11813"}],"curies":[{"name":"wp","href":"https:\/\/api.w.org\/{rel}","templated":true}]}}