{"id":11809,"date":"2024-12-22T12:28:32","date_gmt":"2024-12-22T12:28:32","guid":{"rendered":"https:\/\/elouedshop.com\/?post_type=product&#038;p=11809"},"modified":"2024-12-22T15:00:43","modified_gmt":"2024-12-22T15:00:43","slug":"lhistoire-de-othman-ibnou-affan","status":"publish","type":"product","link":"https:\/\/elouedshop.com\/?product=lhistoire-de-othman-ibnou-affan","title":{"rendered":"L&rsquo;histoire de Othman Ibnou Affan 7\/12 ans"},"content":{"rendered":"<table border=\"0\" width=\"100%\" cellspacing=\"0\" cellpadding=\"0\">\n<tbody>\n<tr>\n<td align=\"left\"><span style=\"font-family: Verdana, Arial; font-size: small;\"><b>Type de produit :<\/b>\u00a0Livre<br \/>\n<\/span><\/td>\n<\/tr>\n<tr>\n<td align=\"left\"><span style=\"font-family: Verdana, Arial; font-size: small;\"><b>Nombre de pages :<\/b>\u00a068<br \/>\n<\/span><\/td>\n<\/tr>\n<tr>\n<td align=\"left\"><span style=\"font-family: Verdana, Arial; font-size: small;\"><b>Mod\u00e8le &#8211; Format :<\/b>\u00a017 x 18 cm<br \/>\n<\/span><\/td>\n<\/tr>\n<tr>\n<td align=\"left\"><span style=\"font-family: Verdana, Arial; font-size: small;\"><b>Editeur :<\/b>\u00a0MuslimKid<br \/>\n<\/span><\/td>\n<\/tr>\n<tr>\n<td align=\"left\"><span style=\"font-family: Verdana, Arial; font-size: small;\"><b>Langue :<\/b>\u00a0fran\u00e7ais<br \/>\n<\/span><\/td>\n<\/tr>\n<tr>\n<td align=\"left\"><span style=\"font-family: Verdana, Arial; font-size: small;\"><b>ISBN\/EAN :<\/b>\u00a05430000392426<br \/>\n<\/span><\/td>\n<\/tr>\n<\/tbody>\n<\/table>\n","protected":false},"excerpt":{"rendered":"<p>Aux premiers temps de cette R\u00e9v\u00e9lation b\u00e9nie, Allah a guid\u00e9 par l&rsquo;appel de son Proph\u00e8te Mohamed (que la paix et le salut soient sur lui) les plus nobles de ses serviteurs \u00ab\u00a0les Sahabas\u00a0\u00bb.<\/p>\n<p>Ces compagnons, qu&rsquo;Allah les agr\u00e9e, se sont distingu\u00e9s par leur pi\u00e9t\u00e9 et leurs nobles caract\u00e8res.<\/p>\n<p>Les compagnons sont les premiers musulmans \u00e0 avoir cru en la R\u00e9v\u00e9lation. Ils sont semblables \u00e0 des \u00e9toiles qui brillent de mille feux.<\/p>\n<p>Et parmi elles, certaines sont plus brillantes que d\u2019autres, \u00e0 savoir les quatre premiers califes : Abou Bakr, \u2018Omar, \u2018Ali et \u2018Othman &#8211; qu&rsquo;Allah les agr\u00e9e -.<\/p>\n<p>Aujourd&rsquo;hui, nous allons te raconter l\u2019histoire du troisi\u00e8me calife : \u2018Othman ibnou \u2018Affan (RA).<\/p>\n<p>De son vrai nom \u2018Othman ibnou \u2018Affan ibn abou Al-\u2018As, il (RA) naquit dans la ville d\u2019 AT-T\u00e2&rsquo;if (en Arabie) six ans apr\u00e8s l&rsquo;ann\u00e9e de l&rsquo;\u00e9l\u00e9phant.<\/p>\n<p>Sa m\u00e8re Arwa bint Koura\u00eez \u00e9tait une cousine \u00e9loign\u00e9e du Proph\u00e8te que la paix et le salut soient sur lui).<\/p>\n","protected":false},"featured_media":5326,"template":"","meta":[],"product_brand":[],"product_cat":[179,24,21],"product_tag":[],"class_list":{"0":"post-11809","1":"product","2":"type-product","3":"status-publish","4":"has-post-thumbnail","6":"product_cat-biographie","7":"product_cat-enfants","8":"product_cat-livre","9":"description-off","11":"first","12":"instock","13":"shipping-taxable","14":"purchasable","15":"product-type-simple"},"jetpack_sharing_enabled":true,"_links":{"self":[{"href":"https:\/\/elouedshop.com\/index.php?rest_route=\/wp\/v2\/product\/11809","targetHints":{"allow":["GET"]}}],"collection":[{"href":"https:\/\/elouedshop.com\/index.php?rest_route=\/wp\/v2\/product"}],"about":[{"href":"https:\/\/elouedshop.com\/index.php?rest_route=\/wp\/v2\/types\/product"}],"wp:featuredmedia":[{"embeddable":true,"href":"https:\/\/elouedshop.com\/index.php?rest_route=\/wp\/v2\/media\/5326"}],"wp:attachment":[{"href":"https:\/\/elouedshop.com\/index.php?rest_route=%2Fwp%2Fv2%2Fmedia&parent=11809"}],"wp:term":[{"taxonomy":"product_brand","embeddable":true,"href":"https:\/\/elouedshop.com\/index.php?rest_route=%2Fwp%2Fv2%2Fproduct_brand&post=11809"},{"taxonomy":"product_cat","embeddable":true,"href":"https:\/\/elouedshop.com\/index.php?rest_route=%2Fwp%2Fv2%2Fproduct_cat&post=11809"},{"taxonomy":"product_tag","embeddable":true,"href":"https:\/\/elouedshop.com\/index.php?rest_route=%2Fwp%2Fv2%2Fproduct_tag&post=11809"}],"curies":[{"name":"wp","href":"https:\/\/api.w.org\/{rel}","templated":true}]}}