{"id":11807,"date":"2024-12-22T12:24:06","date_gmt":"2024-12-22T12:24:06","guid":{"rendered":"https:\/\/elouedshop.com\/?post_type=product&#038;p=11807"},"modified":"2024-12-22T15:02:36","modified_gmt":"2024-12-22T15:02:36","slug":"lhistoire-dabou-bakr-3-6-ans","status":"publish","type":"product","link":"https:\/\/elouedshop.com\/?product=lhistoire-dabou-bakr-3-6-ans","title":{"rendered":"L&rsquo;histoire d&rsquo;Abou Bakr 3\/6 ans"},"content":{"rendered":"<table border=\"0\" width=\"100%\" cellspacing=\"0\" cellpadding=\"0\">\n<tbody>\n<tr>\n<td align=\"left\"><span style=\"font-family: Verdana, Arial; font-size: small;\"><b>Type de produit :<\/b>\u00a0Livre<br \/>\n<\/span><\/td>\n<\/tr>\n<tr>\n<td align=\"left\"><span style=\"font-family: Verdana, Arial; font-size: small;\"><b>Nombre de pages :<\/b>\u00a068<br \/>\n<\/span><\/td>\n<\/tr>\n<tr>\n<td align=\"left\"><span style=\"font-family: Verdana, Arial; font-size: small;\"><b>Mod\u00e8le &#8211; Format :<\/b>\u00a017 x 18 cm<br \/>\n<\/span><\/td>\n<\/tr>\n<tr>\n<td align=\"left\"><span style=\"font-family: Verdana, Arial; font-size: small;\"><b>Editeur :<\/b>\u00a0MuslimKid<br \/>\n<\/span><\/td>\n<\/tr>\n<tr>\n<td align=\"left\"><span style=\"font-family: Verdana, Arial; font-size: small;\"><b>Langue :<\/b>\u00a0fran\u00e7ais<br \/>\n<\/span><\/td>\n<\/tr>\n<tr>\n<td align=\"left\"><span style=\"font-family: Verdana, Arial; font-size: small;\"><b>ISBN\/EAN :<\/b>\u00a05430000392426<br \/>\n<\/span><\/td>\n<\/tr>\n<\/tbody>\n<\/table>\n","protected":false},"excerpt":{"rendered":"<p>D\u00e9couvrez une s\u00e9lection d&rsquo;illustrations captivantes, accompagn\u00e9e d&rsquo;une histoire simplifi\u00e9e. Ce livre a \u00e9t\u00e9 sp\u00e9cialement \u00e9dit\u00e9 pour faciliter l&rsquo;autonomie et l&rsquo;apprentissage des petits. Un livre de 68 pages avec une couverture cartonn\u00e9e qui raconte la fabuleuse histoire de notre Calife Abou Bakr. Aux premiers temps de cette r\u00e9v\u00e9lation b\u00e9nie, Allah a guid\u00e9 par l&rsquo;appel de son Proph\u00e8te Mohamed \ufdfa les plus nobles de ses serviteurs \u00ab\u00a0les Sahabas\u00a0\u00bb.<\/p>\n","protected":false},"featured_media":5412,"template":"","meta":[],"product_brand":[],"product_cat":[24,21],"product_tag":[],"class_list":{"0":"post-11807","1":"product","2":"type-product","3":"status-publish","4":"has-post-thumbnail","6":"product_cat-enfants","7":"product_cat-livre","8":"description-off","10":"first","11":"instock","12":"shipping-taxable","13":"purchasable","14":"product-type-simple"},"jetpack_sharing_enabled":true,"_links":{"self":[{"href":"https:\/\/elouedshop.com\/index.php?rest_route=\/wp\/v2\/product\/11807","targetHints":{"allow":["GET"]}}],"collection":[{"href":"https:\/\/elouedshop.com\/index.php?rest_route=\/wp\/v2\/product"}],"about":[{"href":"https:\/\/elouedshop.com\/index.php?rest_route=\/wp\/v2\/types\/product"}],"wp:featuredmedia":[{"embeddable":true,"href":"https:\/\/elouedshop.com\/index.php?rest_route=\/wp\/v2\/media\/5412"}],"wp:attachment":[{"href":"https:\/\/elouedshop.com\/index.php?rest_route=%2Fwp%2Fv2%2Fmedia&parent=11807"}],"wp:term":[{"taxonomy":"product_brand","embeddable":true,"href":"https:\/\/elouedshop.com\/index.php?rest_route=%2Fwp%2Fv2%2Fproduct_brand&post=11807"},{"taxonomy":"product_cat","embeddable":true,"href":"https:\/\/elouedshop.com\/index.php?rest_route=%2Fwp%2Fv2%2Fproduct_cat&post=11807"},{"taxonomy":"product_tag","embeddable":true,"href":"https:\/\/elouedshop.com\/index.php?rest_route=%2Fwp%2Fv2%2Fproduct_tag&post=11807"}],"curies":[{"name":"wp","href":"https:\/\/api.w.org\/{rel}","templated":true}]}}