{"id":11805,"date":"2024-12-22T12:21:37","date_gmt":"2024-12-22T12:21:37","guid":{"rendered":"https:\/\/elouedshop.com\/?post_type=product&#038;p=11805"},"modified":"2024-12-22T15:07:46","modified_gmt":"2024-12-22T15:07:46","slug":"lhistoire-de-abou-bakr-7-12-ans-muslimkid","status":"publish","type":"product","link":"https:\/\/elouedshop.com\/?product=lhistoire-de-abou-bakr-7-12-ans-muslimkid","title":{"rendered":"L&rsquo;histoire de Abou Bakr 7\/12 ans &#8211; Muslimkid"},"content":{"rendered":"<p class=\"h6\">Fiche technique<\/p>\n<dl class=\"data-sheet\">\n<dt class=\"name\">Nb. Pages<\/dt>\n<dd class=\"value\">68<\/dd>\n<\/dl>\n","protected":false},"excerpt":{"rendered":"<p>Aux premiers temps de cette r\u00e9v\u00e9lation b\u00e9nie, Allah a guid\u00e9 par l&rsquo;appel de son Proph\u00e8te Mohamed (SAS) les plus nobles de ses serviteurs \u00ab\u00a0les sahabas\u00a0\u00bb. Ces compagnons, qu&rsquo;Allah les agr\u00e9e, se sont distingu\u00e9s par leur pi\u00e9t\u00e9 et leurs nobles caract\u00e8res. Ce sont les premiers musulmans qui ont cru en la r\u00e9v\u00e9lation. Ils sont semblables \u00e0 des \u00e9toiles qui brillent de mille feux.<\/p>\n","protected":false},"featured_media":11806,"template":"","meta":[],"product_brand":[],"product_cat":[179,24,21],"product_tag":[],"class_list":{"0":"post-11805","1":"product","2":"type-product","3":"status-publish","4":"has-post-thumbnail","6":"product_cat-biographie","7":"product_cat-enfants","8":"product_cat-livre","9":"description-off","11":"first","12":"instock","13":"shipping-taxable","14":"purchasable","15":"product-type-simple"},"jetpack_sharing_enabled":true,"_links":{"self":[{"href":"https:\/\/elouedshop.com\/index.php?rest_route=\/wp\/v2\/product\/11805","targetHints":{"allow":["GET"]}}],"collection":[{"href":"https:\/\/elouedshop.com\/index.php?rest_route=\/wp\/v2\/product"}],"about":[{"href":"https:\/\/elouedshop.com\/index.php?rest_route=\/wp\/v2\/types\/product"}],"wp:featuredmedia":[{"embeddable":true,"href":"https:\/\/elouedshop.com\/index.php?rest_route=\/wp\/v2\/media\/11806"}],"wp:attachment":[{"href":"https:\/\/elouedshop.com\/index.php?rest_route=%2Fwp%2Fv2%2Fmedia&parent=11805"}],"wp:term":[{"taxonomy":"product_brand","embeddable":true,"href":"https:\/\/elouedshop.com\/index.php?rest_route=%2Fwp%2Fv2%2Fproduct_brand&post=11805"},{"taxonomy":"product_cat","embeddable":true,"href":"https:\/\/elouedshop.com\/index.php?rest_route=%2Fwp%2Fv2%2Fproduct_cat&post=11805"},{"taxonomy":"product_tag","embeddable":true,"href":"https:\/\/elouedshop.com\/index.php?rest_route=%2Fwp%2Fv2%2Fproduct_tag&post=11805"}],"curies":[{"name":"wp","href":"https:\/\/api.w.org\/{rel}","templated":true}]}}