{"id":11803,"date":"2024-12-22T10:48:55","date_gmt":"2024-12-22T10:48:55","guid":{"rendered":"https:\/\/elouedshop.com\/?post_type=product&#038;p=11803"},"modified":"2024-12-22T15:09:01","modified_gmt":"2024-12-22T15:09:01","slug":"jaime-mes-parents-2","status":"publish","type":"product","link":"https:\/\/elouedshop.com\/?product=jaime-mes-parents-2","title":{"rendered":"J&rsquo;aime mes parents"},"content":{"rendered":"<p class=\"h6\">Fiche technique<\/p>\n<dl class=\"data-sheet\">\n<dt class=\"name\">Ann\u00e9e<\/dt>\n<dd class=\"value\">2022<\/dd>\n<dt class=\"name\">EAN-13<\/dt>\n<dd class=\"value\">9782493483027<\/dd>\n<dt class=\"name\">Langue<\/dt>\n<dd class=\"value\">fran\u00e7aise<\/dd>\n<\/dl>\n","protected":false},"excerpt":{"rendered":"<p>Aujourd&rsquo;hui, tu vas retrouver tes personnages pr\u00e9f\u00e9r\u00e9s dans une nouvelle histoire \u00e9mouvante et pleine de sagesse, dont le sujet est l\u2019importance d\u2019aimer et de respecter ses parents.<\/p>\n<p>As-tu d\u00e9j\u00e0 ressenti de la col\u00e8re envers tes parents ? Eh bien Mohammed aussi ! Tu d\u00e9couvriras \u00e0 travers cette belle histoire la raison de sa col\u00e8re et son \u00e9tonnante rencontre qui lui a fait prendre conscience de l\u2019importance des parents.<\/p>\n","protected":false},"featured_media":11804,"template":"","meta":[],"product_brand":[],"product_cat":[181,24,21,214],"product_tag":[],"class_list":{"0":"post-11803","1":"product","2":"type-product","3":"status-publish","4":"has-post-thumbnail","6":"product_cat-education-religieuse","7":"product_cat-enfants","8":"product_cat-livre","9":"product_cat-palestine","10":"description-off","12":"first","13":"instock","14":"shipping-taxable","15":"purchasable","16":"product-type-simple"},"jetpack_sharing_enabled":true,"_links":{"self":[{"href":"https:\/\/elouedshop.com\/index.php?rest_route=\/wp\/v2\/product\/11803","targetHints":{"allow":["GET"]}}],"collection":[{"href":"https:\/\/elouedshop.com\/index.php?rest_route=\/wp\/v2\/product"}],"about":[{"href":"https:\/\/elouedshop.com\/index.php?rest_route=\/wp\/v2\/types\/product"}],"wp:featuredmedia":[{"embeddable":true,"href":"https:\/\/elouedshop.com\/index.php?rest_route=\/wp\/v2\/media\/11804"}],"wp:attachment":[{"href":"https:\/\/elouedshop.com\/index.php?rest_route=%2Fwp%2Fv2%2Fmedia&parent=11803"}],"wp:term":[{"taxonomy":"product_brand","embeddable":true,"href":"https:\/\/elouedshop.com\/index.php?rest_route=%2Fwp%2Fv2%2Fproduct_brand&post=11803"},{"taxonomy":"product_cat","embeddable":true,"href":"https:\/\/elouedshop.com\/index.php?rest_route=%2Fwp%2Fv2%2Fproduct_cat&post=11803"},{"taxonomy":"product_tag","embeddable":true,"href":"https:\/\/elouedshop.com\/index.php?rest_route=%2Fwp%2Fv2%2Fproduct_tag&post=11803"}],"curies":[{"name":"wp","href":"https:\/\/api.w.org\/{rel}","templated":true}]}}