{"id":11799,"date":"2024-12-22T00:08:06","date_gmt":"2024-12-22T00:08:06","guid":{"rendered":"https:\/\/elouedshop.com\/?post_type=product&#038;p=11799"},"modified":"2024-12-22T00:08:50","modified_gmt":"2024-12-22T00:08:50","slug":"les-5-piliers-de-lislam-collection-japprends-lislam-2","status":"publish","type":"product","link":"https:\/\/elouedshop.com\/?product=les-5-piliers-de-lislam-collection-japprends-lislam-2","title":{"rendered":"Les 5 Piliers de l&rsquo;Islam &#8211; Collection J&rsquo;apprends l&rsquo;Islam ."},"content":{"rendered":"","protected":false},"excerpt":{"rendered":"<p>Ce livre apprend \u00e0 nos enfants d\u2019une mani\u00e8re ludique et p\u00e9dagogique 5 principes sur lesquels se base l\u2019islam: Les cinq piliers ! Il sollicite l\u2019enfant tout au long en lui proposant diff\u00e9rentes activit\u00e9s, puis \u00e0 la fin du livre il pourra tester ces connaissances nouvelles\u2026 Des illustrations color\u00e9es Chaque pilier \u00e9crit en arabe voyellis\u00e9 Des pages d\u2019activit\u00e9s pour mettre en application ce nouveau savoir! Une liste de d\u00e9finitions des nouveaux mots Il pr\u00e9sente une couche imperm\u00e9able brillante sur l\u2019ext\u00e9rieur afin d\u2019\u00e9viter d\u2019ab\u00eemer le livre s\u2019il est pos\u00e9 sur une surface humide. L\u2019int\u00e9rieur est compos\u00e9 de 28 pages sp\u00e9ciales coloriages extra blanches.<\/p>\n","protected":false},"featured_media":5422,"template":"","meta":[],"product_brand":[],"product_cat":[181,24,21],"product_tag":[],"class_list":{"0":"post-11799","1":"product","2":"type-product","3":"status-publish","4":"has-post-thumbnail","6":"product_cat-education-religieuse","7":"product_cat-enfants","8":"product_cat-livre","9":"description-off","11":"first","12":"instock","13":"shipping-taxable","14":"purchasable","15":"product-type-simple"},"jetpack_sharing_enabled":true,"_links":{"self":[{"href":"https:\/\/elouedshop.com\/index.php?rest_route=\/wp\/v2\/product\/11799","targetHints":{"allow":["GET"]}}],"collection":[{"href":"https:\/\/elouedshop.com\/index.php?rest_route=\/wp\/v2\/product"}],"about":[{"href":"https:\/\/elouedshop.com\/index.php?rest_route=\/wp\/v2\/types\/product"}],"wp:featuredmedia":[{"embeddable":true,"href":"https:\/\/elouedshop.com\/index.php?rest_route=\/wp\/v2\/media\/5422"}],"wp:attachment":[{"href":"https:\/\/elouedshop.com\/index.php?rest_route=%2Fwp%2Fv2%2Fmedia&parent=11799"}],"wp:term":[{"taxonomy":"product_brand","embeddable":true,"href":"https:\/\/elouedshop.com\/index.php?rest_route=%2Fwp%2Fv2%2Fproduct_brand&post=11799"},{"taxonomy":"product_cat","embeddable":true,"href":"https:\/\/elouedshop.com\/index.php?rest_route=%2Fwp%2Fv2%2Fproduct_cat&post=11799"},{"taxonomy":"product_tag","embeddable":true,"href":"https:\/\/elouedshop.com\/index.php?rest_route=%2Fwp%2Fv2%2Fproduct_tag&post=11799"}],"curies":[{"name":"wp","href":"https:\/\/api.w.org\/{rel}","templated":true}]}}