{"id":11784,"date":"2024-12-21T23:19:43","date_gmt":"2024-12-21T23:19:43","guid":{"rendered":"https:\/\/elouedshop.com\/?post_type=product&#038;p=11784"},"modified":"2024-12-22T15:09:55","modified_gmt":"2024-12-22T15:09:55","slug":"ou-est-allah","status":"publish","type":"product","link":"https:\/\/elouedshop.com\/?product=ou-est-allah","title":{"rendered":"O\u00f9 est Allah ?"},"content":{"rendered":"<table border=\"0\" width=\"100%\" cellspacing=\"0\" cellpadding=\"0\">\n<tbody>\n<tr>\n<td align=\"left\"><span style=\"font-family: Verdana, Arial; font-size: small;\"><b>Type de produit :<\/b> Livre<br \/>\n<\/span><\/td>\n<\/tr>\n<tr>\n<td align=\"left\"><span style=\"font-family: Verdana, Arial; font-size: small;\"><b>Mod\u00e8le &#8211; Format :<\/b> 17 x 18 cm &#8211; Rigide<br \/>\n<\/span><\/td>\n<\/tr>\n<tr>\n<td align=\"left\"><span style=\"font-family: Verdana, Arial; font-size: small;\"><b>Editeur :<\/b> MuslimKid<br \/>\n<\/span><\/td>\n<\/tr>\n<tr>\n<td align=\"left\"><span style=\"font-family: Verdana, Arial; font-size: small;\"><b>Langue :<\/b> fran\u00e7ais<br \/>\n<\/span><\/td>\n<\/tr>\n<tr>\n<td align=\"left\"><span style=\"font-family: Verdana, Arial; font-size: small;\"><b>ISBN\/EAN :<\/b> 9782493483409<\/span><\/td>\n<\/tr>\n<\/tbody>\n<\/table>\n","protected":false},"excerpt":{"rendered":"<p>Le <strong>livre O\u00f9 est Allah ?<\/strong> de <strong>MuslimKid<\/strong> aborde une question th\u00e9ologique fondamentale de la religion musulmane. Enseignez \u00e0 votre enfant la <strong>croyance authentique<\/strong> en vous appuyant sur des supports \u00e0 la fois fiables et divertissants.<\/p>\n<h2><strong>O\u00f9 est Allah ? Un livre de aqida pour enfants<\/strong><\/h2>\n<p>L&rsquo;ouvrage traite d&rsquo;un sujet qui a historiquement suscit\u00e9 des d\u00e9bats au sein de la communaut\u00e9 musulmane : la <strong>localisation divine<\/strong>. MuslimKid choisit de pr\u00e9senter cette th\u00e9matique de mani\u00e8re accessible, en s&rsquo;appuyant sur les r\u00e9f\u00e9rences les plus authentiques, \u00e0 savoir le Coran et la Sounnah.<\/p>\n<p>On retrouve notamment sept occurrences du terme \u00ab\u00a0<strong>istawa<\/strong>\u00a0\u00bb dans le Coran, qui \u00e9voquent <strong>l&rsquo;\u00e9l\u00e9vation divine<\/strong>. Pourquoi l&rsquo;auteur a choisi de s&rsquo;appuyer sur cela ? Car ce terme fait partie des arguments mis en avant pour donner du cr\u00e9dit \u00e0 des <strong>ambigu\u00eft\u00e9s dogmatiques<\/strong>.<\/p>\n<p>L&rsquo;auteur utilise par ailleurs des illustrations et un langage adapt\u00e9 aux enfants pour expliquer un concept th\u00e9ologique complexe. L&rsquo;objectif est de permettre aux jeunes lecteurs de comprendre les <strong>bases de\u00a0<\/strong><strong>la croyance islamique<\/strong> de mani\u00e8re claire et accessible.<\/p>\n<h2><strong>O\u00f9 est Allah ? Une interrogation fondamentale en islam<\/strong><\/h2>\n<p>L&rsquo;ouvrage se veut un outil de transmission interg\u00e9n\u00e9rationnel. Il a notamment pour but de faciliter le dialogue entre parents et enfants sur des questions de foi. Il pr\u00e9sente une analyse fond\u00e9e sur les textes sacr\u00e9s. Profitez-en donc pour transmettre les enseignements religieux selon les enseignements du messager d&rsquo;Allah.<\/p>\n<p>Con\u00e7u pour un public d&rsquo;enfants \u00e2g\u00e9s de 7 \u00e0 14 ans, le livre combine des <strong>explications th\u00e9ologiques<\/strong> avec des supports visuels pour rendre l&rsquo;apprentissage plus abordable. Il aborde la question de la localisation divine en s&rsquo;appuyant sur des r\u00e9cits et des exemples historiques.<\/p>\n<p>Une question qui pose encore beaucoup de soucis dans notre Oumma. Certains musulmans consid\u00e8rent en effet qu&rsquo;Allah se trouve partout. Mais les versets coraniques et les hadiths r\u00e9futent cette hypoth\u00e8se.<\/p>\n<h3><strong>Un r\u00e9cit qui remet les pendules \u00e0 l&rsquo;heure<\/strong><\/h3>\n<p>L&rsquo;ouvrage rappelle une anecdote significative concernant <strong>une esclave<\/strong> qui, par sa r\u00e9ponse pertinente sur la localisation divine, a m\u00e9rit\u00e9 son <strong>affranchissement<\/strong>. Le proph\u00e8te Muhammad lui a en effet pos\u00e9 la question o\u00f9 est Allah. \u00c0 cela, elle a point\u00e9 le doigt vers le ciel. Les <strong>partisans de la Sounnah<\/strong> ne se fient qu&rsquo;aux enseignements du messager d&rsquo;Allah.<\/p>\n","protected":false},"featured_media":6519,"template":"","meta":[],"product_brand":[],"product_cat":[180,24,21],"product_tag":[],"class_list":{"0":"post-11784","1":"product","2":"type-product","3":"status-publish","4":"has-post-thumbnail","6":"product_cat-dogme-2","7":"product_cat-enfants","8":"product_cat-livre","9":"description-off","11":"first","12":"instock","13":"shipping-taxable","14":"purchasable","15":"product-type-simple"},"jetpack_sharing_enabled":true,"_links":{"self":[{"href":"https:\/\/elouedshop.com\/index.php?rest_route=\/wp\/v2\/product\/11784","targetHints":{"allow":["GET"]}}],"collection":[{"href":"https:\/\/elouedshop.com\/index.php?rest_route=\/wp\/v2\/product"}],"about":[{"href":"https:\/\/elouedshop.com\/index.php?rest_route=\/wp\/v2\/types\/product"}],"wp:featuredmedia":[{"embeddable":true,"href":"https:\/\/elouedshop.com\/index.php?rest_route=\/wp\/v2\/media\/6519"}],"wp:attachment":[{"href":"https:\/\/elouedshop.com\/index.php?rest_route=%2Fwp%2Fv2%2Fmedia&parent=11784"}],"wp:term":[{"taxonomy":"product_brand","embeddable":true,"href":"https:\/\/elouedshop.com\/index.php?rest_route=%2Fwp%2Fv2%2Fproduct_brand&post=11784"},{"taxonomy":"product_cat","embeddable":true,"href":"https:\/\/elouedshop.com\/index.php?rest_route=%2Fwp%2Fv2%2Fproduct_cat&post=11784"},{"taxonomy":"product_tag","embeddable":true,"href":"https:\/\/elouedshop.com\/index.php?rest_route=%2Fwp%2Fv2%2Fproduct_tag&post=11784"}],"curies":[{"name":"wp","href":"https:\/\/api.w.org\/{rel}","templated":true}]}}