{"id":11783,"date":"2024-12-21T23:09:34","date_gmt":"2024-12-21T23:09:34","guid":{"rendered":"https:\/\/elouedshop.com\/?post_type=product&#038;p=11783"},"modified":"2024-12-21T23:13:48","modified_gmt":"2024-12-21T23:13:48","slug":"japprends-a-dire-soubhanallah","status":"publish","type":"product","link":"https:\/\/elouedshop.com\/?product=japprends-a-dire-soubhanallah","title":{"rendered":"J&rsquo;apprends \u00e0 dire SOUBHANALLAH"},"content":{"rendered":"<p class=\"h6\">Fiche technique<\/p>\n<dl class=\"data-sheet\">\n<dt class=\"name\">Ann\u00e9e<\/dt>\n<dd class=\"value\">2020<\/dd>\n<dt class=\"name\">Couverture<\/dt>\n<dd class=\"value\">Rigide<\/dd>\n<dt class=\"name\">ISBN<\/dt>\n<dd class=\"value\">5430000351102<\/dd>\n<dt class=\"name\">Nb. Pages<\/dt>\n<dd class=\"value\">60<\/dd>\n<dt class=\"name\">Langue<\/dt>\n<dd class=\"value\">fran\u00e7aise<\/dd>\n<\/dl>\n","protected":false},"excerpt":{"rendered":"<p>D\u00e9couvrez le premier deuxi\u00e8me de la longue s\u00e9rie de livres : \u201cJ\u2019apprends \u00e0 dire\u201d . Avec ce premier num\u00e9ro, votre enfant apprendra \u00e0 dire SubhanAllah, et cela a travers une magnifique histoire de Mohammed et Zainab. Comme d\u2019habitude, le livre est rempli d\u2019illustrations captivantes, accompagn\u00e9es de textes adapt\u00e9s \u00e0 l\u2019\u00e2ge de l\u2019enfant, sp\u00e9cialement con\u00e7us pour faciliter l\u2019autonomie et l\u2019apprentissage aux petits.<\/p>\n","protected":false},"featured_media":5426,"template":"","meta":[],"product_brand":[],"product_cat":[181,24,21],"product_tag":[],"class_list":{"0":"post-11783","1":"product","2":"type-product","3":"status-publish","4":"has-post-thumbnail","6":"product_cat-education-religieuse","7":"product_cat-enfants","8":"product_cat-livre","9":"description-off","11":"first","12":"instock","13":"shipping-taxable","14":"purchasable","15":"product-type-simple"},"jetpack_sharing_enabled":true,"_links":{"self":[{"href":"https:\/\/elouedshop.com\/index.php?rest_route=\/wp\/v2\/product\/11783","targetHints":{"allow":["GET"]}}],"collection":[{"href":"https:\/\/elouedshop.com\/index.php?rest_route=\/wp\/v2\/product"}],"about":[{"href":"https:\/\/elouedshop.com\/index.php?rest_route=\/wp\/v2\/types\/product"}],"wp:featuredmedia":[{"embeddable":true,"href":"https:\/\/elouedshop.com\/index.php?rest_route=\/wp\/v2\/media\/5426"}],"wp:attachment":[{"href":"https:\/\/elouedshop.com\/index.php?rest_route=%2Fwp%2Fv2%2Fmedia&parent=11783"}],"wp:term":[{"taxonomy":"product_brand","embeddable":true,"href":"https:\/\/elouedshop.com\/index.php?rest_route=%2Fwp%2Fv2%2Fproduct_brand&post=11783"},{"taxonomy":"product_cat","embeddable":true,"href":"https:\/\/elouedshop.com\/index.php?rest_route=%2Fwp%2Fv2%2Fproduct_cat&post=11783"},{"taxonomy":"product_tag","embeddable":true,"href":"https:\/\/elouedshop.com\/index.php?rest_route=%2Fwp%2Fv2%2Fproduct_tag&post=11783"}],"curies":[{"name":"wp","href":"https:\/\/api.w.org\/{rel}","templated":true}]}}