{"id":11768,"date":"2024-12-21T13:56:19","date_gmt":"2024-12-21T13:56:19","guid":{"rendered":"https:\/\/elouedshop.com\/?post_type=product&#038;p=11768"},"modified":"2024-12-21T13:57:38","modified_gmt":"2024-12-21T13:57:38","slug":"quest-ce-que-le-coran","status":"publish","type":"product","link":"https:\/\/elouedshop.com\/?product=quest-ce-que-le-coran","title":{"rendered":"Qu&rsquo;est-ce que le Coran ?"},"content":{"rendered":"<p class=\"h6\">Fiche technique<\/p>\n<dl class=\"data-sheet\">\n<dt class=\"name\">Couverture<\/dt>\n<dd class=\"value\">Rigide<\/dd>\n<dt class=\"name\">Nb. Pages<\/dt>\n<dd class=\"value\">30<br \/>\n30<\/dd>\n<dt class=\"name\">Langue<\/dt>\n<dd class=\"value\">fran\u00e7aise<\/dd>\n<\/dl>\n","protected":false},"excerpt":{"rendered":"<p>Durant les vacances, Abi et Oummi ont d\u00e9cid\u00e9 d&rsquo;organiser une chasse au tr\u00e9sor pour leurs enfants, Adam et Aicha. Les deux enfants sont impatients de commencer cette aventure passionnante, et ils sont pr\u00eats \u00e0 tout pour trouver le tr\u00e9sor. La chasse au tr\u00e9sor commence dans le jardin de la maison o\u00f9 Adam trouve le premier indice.<\/p>\n<p>La famille continue ainsi leur chemin et progresse Au fur et \u00e0 mesure, Adam et Aicha doivent coop\u00e9rer pour r\u00e9soudre les \u00e9nigmes et trouver les indices. Ils d\u00e9couvrent aussi de nouveaux endroits et rencontrent des personnes int\u00e9ressantes.<\/p>\n<p>Finalement, apr\u00e8s de nombreuses heures de recherche, Adam et Aicha reviennent \u00e0 la maison. Leurs parents donnent donc \u00e0 chacun un paquet qui contient ce fameux tr\u00e9sor. Ils sont \u00e9merveill\u00e9s par ce qu&rsquo;ils d\u00e9couvrent.<\/p>\n","protected":false},"featured_media":6781,"template":"","meta":[],"product_brand":[],"product_cat":[39,24,21],"product_tag":[],"class_list":{"0":"post-11768","1":"product","2":"type-product","3":"status-publish","4":"has-post-thumbnail","6":"product_cat-bebe-3ans","7":"product_cat-enfants","8":"product_cat-livre","9":"description-off","11":"first","12":"instock","13":"shipping-taxable","14":"purchasable","15":"product-type-simple"},"jetpack_sharing_enabled":true,"_links":{"self":[{"href":"https:\/\/elouedshop.com\/index.php?rest_route=\/wp\/v2\/product\/11768","targetHints":{"allow":["GET"]}}],"collection":[{"href":"https:\/\/elouedshop.com\/index.php?rest_route=\/wp\/v2\/product"}],"about":[{"href":"https:\/\/elouedshop.com\/index.php?rest_route=\/wp\/v2\/types\/product"}],"wp:featuredmedia":[{"embeddable":true,"href":"https:\/\/elouedshop.com\/index.php?rest_route=\/wp\/v2\/media\/6781"}],"wp:attachment":[{"href":"https:\/\/elouedshop.com\/index.php?rest_route=%2Fwp%2Fv2%2Fmedia&parent=11768"}],"wp:term":[{"taxonomy":"product_brand","embeddable":true,"href":"https:\/\/elouedshop.com\/index.php?rest_route=%2Fwp%2Fv2%2Fproduct_brand&post=11768"},{"taxonomy":"product_cat","embeddable":true,"href":"https:\/\/elouedshop.com\/index.php?rest_route=%2Fwp%2Fv2%2Fproduct_cat&post=11768"},{"taxonomy":"product_tag","embeddable":true,"href":"https:\/\/elouedshop.com\/index.php?rest_route=%2Fwp%2Fv2%2Fproduct_tag&post=11768"}],"curies":[{"name":"wp","href":"https:\/\/api.w.org\/{rel}","templated":true}]}}