{"id":11767,"date":"2024-12-21T13:51:56","date_gmt":"2024-12-21T13:51:56","guid":{"rendered":"https:\/\/elouedshop.com\/?post_type=product&#038;p=11767"},"modified":"2024-12-21T13:52:54","modified_gmt":"2024-12-21T13:52:54","slug":"qui-est-mon-prophete","status":"publish","type":"product","link":"https:\/\/elouedshop.com\/?product=qui-est-mon-prophete","title":{"rendered":"Qui est mon Proph\u00e8te ?"},"content":{"rendered":"<div class=\"ttproductpagetab\">\n<div class=\"tabs\">\n<div id=\"tab-content\" class=\"tab-content\">\n<div id=\"product-details\" class=\"js-product-details tab-pane fade active in\" style=\"box-sizing: inherit; -webkit-font-smoothing: antialiased; opacity: 1; transition: opacity 0.15s linear; display: block;\" role=\"tabpanel\" data-product=\"{&quot;id_shop_default&quot;:&quot;1&quot;,&quot;id_manufacturer&quot;:&quot;131&quot;,&quot;id_supplier&quot;:&quot;0&quot;,&quot;reference&quot;:&quot;LIV-4758&quot;,&quot;is_virtual&quot;:&quot;0&quot;,&quot;delivery_in_stock&quot;:&quot;&quot;,&quot;delivery_out_stock&quot;:&quot;&quot;,&quot;id_category_default&quot;:&quot;18&quot;,&quot;on_sale&quot;:&quot;0&quot;,&quot;online_only&quot;:&quot;0&quot;,&quot;ecotax&quot;:0,&quot;minimal_quantity&quot;:&quot;1&quot;,&quot;low_stock_threshold&quot;:null,&quot;low_stock_alert&quot;:&quot;0&quot;,&quot;price&quot;:&quot;8,90\\u00a0\\u20ac&quot;,&quot;unity&quot;:&quot;&quot;,&quot;unit_price_ratio&quot;:&quot;0.000000&quot;,&quot;additional_shipping_cost&quot;:&quot;0.000000&quot;,&quot;customizable&quot;:&quot;0&quot;,&quot;text_fields&quot;:&quot;0&quot;,&quot;uploadable_files&quot;:&quot;0&quot;,&quot;redirect_type&quot;:&quot;404&quot;,&quot;id_type_redirected&quot;:&quot;0&quot;,&quot;available_for_order&quot;:&quot;1&quot;,&quot;available_date&quot;:&quot;0000-00-00&quot;,&quot;show_condition&quot;:&quot;0&quot;,&quot;condition&quot;:&quot;new&quot;,&quot;show_price&quot;:&quot;1&quot;,&quot;indexed&quot;:&quot;1&quot;,&quot;visibility&quot;:&quot;both&quot;,&quot;cache_default_attribute&quot;:&quot;0&quot;,&quot;advanced_stock_management&quot;:&quot;0&quot;,&quot;date_add&quot;:&quot;2022-12-21 17:27:56&quot;,&quot;date_upd&quot;:&quot;2024-09-14 15:15:43&quot;,&quot;pack_stock_type&quot;:&quot;3&quot;,&quot;meta_description&quot;:&quot;Avec l'ouvrage Qui est mon proph\\u00e8te ? des \\u00e9ditions EasyDin, permettez \\u00e0 vos enfants d'apprendre \\u00e0 conna\\u00eetre et \\u00e0 aimer celui dont ils doivent suivre les pas.&quot;,&quot;meta_keywords&quot;:&quot;&quot;,&quot;meta_title&quot;:&quot;Qui est mon Proph\\u00e8te ? | Livre ludique des \\u00e9ditions Easydin&quot;,&quot;link_rewrite&quot;:&quot;qui-est-mon-prophete-easydin&quot;,&quot;name&quot;:&quot;Qui est mon Proph\\u00e8te ? Easydin&quot;,&quot;description&quot;:&quot;&lt;p&gt;La &lt;strong&gt;vie du messager d'Allah&lt;\\\/strong&gt;, paix et b\\u00e9n\\u00e9dictions sur lui, est un mod\\u00e8le d'inspiration pour tout musulman. Avec l'ouvrage &lt;strong&gt;Qui est mon proph\\u00e8te ?&lt;\\\/strong&gt; des &lt;strong&gt;\\u00e9ditions EasyDin&lt;\\\/strong&gt;, permettez \\u00e0 vos enfants d'apprendre \\u00e0 conna\\u00eetre et \\u00e0 aimer celui dont ils doivent suivre les pas.&lt;\\\/p&gt;\\n&lt;h2&gt;&lt;strong&gt;Le livre qui est mon proph\\u00e8te \\ufdfa pr\\u00e9sente le messager d'Allah \\u00e0 vos enfants&lt;\\\/strong&gt;&lt;\\\/h2&gt;\\n&lt;p&gt;\\u00c0 travers les aventures amusantes d'&lt;strong&gt;Adam et A\\u00efcha&lt;\\\/strong&gt;, ce livre illustr\\u00e9 d\\u00e9voile aux jeunes lecteurs les vertus morales et les traits de caract\\u00e8re embl\\u00e9matiques du proph\\u00e8te Muhammad \\ufdfa. Une premi\\u00e8re initiation en douceur pour s'impr\\u00e9gner des valeurs qu'il incarnait et inculquer &lt;strong&gt;l'importance de la Sounnah en islam&lt;\\\/strong&gt;.&lt;\\\/p&gt;\\n&lt;p&gt;En d\\u00e9couvrant&lt;a href=\\&quot;https:\\\/\\\/albayyinah.fr\\\/le-prophete-sira\\\/9-la-vie-du-prophete-2eme-edition-mohamed-ibn-abdelwahab-al-bayyinah-9782919455058.html\\&quot;&gt; &lt;strong&gt;la vie du proph\\u00e8te&lt;\\\/strong&gt;&lt;\\\/a&gt; \\ufdfa, vos enfants comprendront pourquoi il repr\\u00e9sente l'exemple supr\\u00eame \\u00e0 suivre. Son excellente conduite, sa bont\\u00e9 ainsi que sa noblesse d'\\u00e2me en font un parangon de vertu \\u00e0 admirer et \\u00e0 imiter.&lt;\\\/p&gt;\\n&lt;h2&gt;&lt;strong&gt;Conna\\u00eetre la r\\u00e9ponse \\u00e0 la question qui est mon proph\\u00e8te &lt;\\\/strong&gt;&lt;\\\/h2&gt;\\n&lt;p&gt;Transmettre la &lt;strong&gt;spiritualit\\u00e9&lt;\\\/strong&gt; aux jeunes g\\u00e9n\\u00e9rations peut sembler un d\\u00e9fi de taille. Mais ce livre con\\u00e7u par les \\u00e9ditions EasyDin, r\\u00e9put\\u00e9es pour leur rigueur, est l'outil parfait pour les \\u00e9ducateurs soucieux d'inculquer aux enfants &lt;strong&gt;l'amour de l'envoy\\u00e9 d'Allah &lt;\\\/strong&gt;\\ufdfa.&lt;\\\/p&gt;\\n&lt;p&gt;En \\u00e9veillant chez vos bambins un attachement fort envers le meilleur des hommes, vous leur offrez notamment l'opportunit\\u00e9 de nouer des liens profonds avec ses enseignements, la Sounnah. Une relation essentielle sur le chemin d'une vie pieuse et vertueuse.&lt;\\\/p&gt;\\n&lt;h3&gt;&lt;strong&gt;Un contenu fiable que nous vous recommandons&lt;\\\/strong&gt;&lt;\\\/h3&gt;\\n&lt;p&gt;EasyDin a scrupuleusement veill\\u00e9 \\u00e0 l'authenticit\\u00e9 des informations pr\\u00e9sent\\u00e9es dans ce livre. Un contenu que nous vous conseillons en raison de sa totale conformit\\u00e9 avec les pr\\u00e9ceptes de l'islam. Alors, n'ayez aucune crainte au moment d'offrir ce &lt;strong&gt;livre islamique &lt;\\\/strong&gt;\\u00e0 vos enfants.&lt;\\\/p&gt;\\n&lt;p&gt;Faites du livre Qui est mon proph\\u00e8te ? un ouvrage incontournable pour vos enfants. Un pas d\\u00e9cisif pour leur permettre de s'impr\\u00e9gner de la vie exemplaire du messager d'Allah \\ufdfa, mais aussi de marcher sur ses nobles traces tout au long de leur cheminement spirituel.&lt;\\\/p&gt;&quot;,&quot;description_short&quot;:&quot;&lt;p&gt;Qui est mon Proph\\u00e8te \\ufdfa ? Parmi les trois questions pos\\u00e9es apr\\u00e8s la mort, celle-ci est la deuxi\\u00e8me. Comment ressembler \\u00e0 un homme que l\\u2019on ne conna\\u00eet pas ? Le Proph\\u00e8te Mouhammad \\ufdfa n\\u2019\\u00e9tait pas un homme comme les autres\\u2026&lt;\\\/p&gt;&quot;,&quot;available_now&quot;:&quot;&quot;,&quot;available_later&quot;:&quot;&quot;,&quot;id&quot;:4758,&quot;id_product&quot;:4758,&quot;out_of_stock&quot;:2,&quot;new&quot;:0,&quot;id_product_attribute&quot;:&quot;0&quot;,&quot;quantity_wanted&quot;:1,&quot;extraContent&quot;:[],&quot;allow_oosp&quot;:0,&quot;category&quot;:&quot;enfants&quot;,&quot;category_name&quot;:&quot;Enfants&quot;,&quot;link&quot;:&quot;https:\\\/\\\/albayyinah.fr\\\/enfants\\\/4758-qui-est-mon-prophete-easydin-9782958161927.html&quot;,&quot;attribute_price&quot;:0,&quot;price_tax_exc&quot;:8.436019,&quot;price_without_reduction&quot;:8.9,&quot;reduction&quot;:0,&quot;specific_prices&quot;:false,&quot;quantity&quot;:142,&quot;quantity_all_versions&quot;:142,&quot;id_image&quot;:&quot;fr-default&quot;,&quot;features&quot;:[{&quot;name&quot;:&quot;Couverture&quot;,&quot;value&quot;:&quot;Rigide&quot;,&quot;id_feature&quot;:&quot;11&quot;,&quot;position&quot;:&quot;105&quot;},{&quot;name&quot;:&quot;Dimensions&quot;,&quot;value&quot;:&quot;18x18cm&quot;,&quot;id_feature&quot;:&quot;13&quot;,&quot;position&quot;:&quot;107&quot;},{&quot;name&quot;:&quot;ISBN&quot;,&quot;value&quot;:&quot;9782958161927&quot;,&quot;id_feature&quot;:&quot;16&quot;,&quot;position&quot;:&quot;110&quot;},{&quot;name&quot;:&quot;Langue&quot;,&quot;value&quot;:&quot;fran\\u00e7aise&quot;,&quot;id_feature&quot;:&quot;17&quot;,&quot;position&quot;:&quot;115&quot;}],&quot;attachments&quot;:[],&quot;virtual&quot;:0,&quot;pack&quot;:0,&quot;packItems&quot;:[],&quot;nopackprice&quot;:0,&quot;customization_required&quot;:false,&quot;rate&quot;:5.5,&quot;tax_name&quot;:&quot;TVA FR 5.5% \\\/ VAT 5.5%&quot;,&quot;ecotax_rate&quot;:0,&quot;unit_price&quot;:&quot;&quot;,&quot;customizations&quot;:{&quot;fields&quot;:[]},&quot;id_customization&quot;:0,&quot;is_customizable&quot;:false,&quot;show_quantities&quot;:true,&quot;quantity_label&quot;:&quot;Produits&quot;,&quot;quantity_discounts&quot;:[],&quot;customer_group_discount&quot;:0,&quot;images&quot;:[{&quot;bySize&quot;:{&quot;small_default&quot;:{&quot;url&quot;:&quot;https:\\\/\\\/albayyinah.fr\\\/11204-small_default\\\/qui-est-mon-prophete-easydin.webp&quot;,&quot;width&quot;:78,&quot;height&quot;:101},&quot;cart_default&quot;:{&quot;url&quot;:&quot;https:\\\/\\\/albayyinah.fr\\\/11204-cart_default\\\/qui-est-mon-prophete-easydin.webp&quot;,&quot;width&quot;:114,&quot;height&quot;:148},&quot;home_default&quot;:{&quot;url&quot;:&quot;https:\\\/\\\/albayyinah.fr\\\/11204-home_default\\\/qui-est-mon-prophete-easydin.webp&quot;,&quot;width&quot;:297,&quot;height&quot;:386},&quot;medium_default&quot;:{&quot;url&quot;:&quot;https:\\\/\\\/albayyinah.fr\\\/11204-medium_default\\\/qui-est-mon-prophete-easydin.jpg&quot;,&quot;width&quot;:435,&quot;height&quot;:520},&quot;large_default&quot;:{&quot;url&quot;:&quot;https:\\\/\\\/albayyinah.fr\\\/11204-large_default\\\/qui-est-mon-prophete-easydin.webp&quot;,&quot;width&quot;:870,&quot;height&quot;:1131}},&quot;small&quot;:{&quot;url&quot;:&quot;https:\\\/\\\/albayyinah.fr\\\/11204-small_default\\\/qui-est-mon-prophete-easydin.webp&quot;,&quot;width&quot;:78,&quot;height&quot;:101},&quot;medium&quot;:{&quot;url&quot;:&quot;https:\\\/\\\/albayyinah.fr\\\/11204-home_default\\\/qui-est-mon-prophete-easydin.webp&quot;,&quot;width&quot;:297,&quot;height&quot;:386},&quot;large&quot;:{&quot;url&quot;:&quot;https:\\\/\\\/albayyinah.fr\\\/11204-large_default\\\/qui-est-mon-prophete-easydin.webp&quot;,&quot;width&quot;:870,&quot;height&quot;:1131},&quot;legend&quot;:&quot;Qui est mon Proph\\u00e8te ? Easydin&quot;,&quot;id_image&quot;:&quot;11204&quot;,&quot;cover&quot;:&quot;1&quot;,&quot;position&quot;:&quot;1&quot;,&quot;associatedVariants&quot;:[]}],&quot;cover&quot;:{&quot;bySize&quot;:{&quot;small_default&quot;:{&quot;url&quot;:&quot;https:\\\/\\\/albayyinah.fr\\\/11204-small_default\\\/qui-est-mon-prophete-easydin.webp&quot;,&quot;width&quot;:78,&quot;height&quot;:101},&quot;cart_default&quot;:{&quot;url&quot;:&quot;https:\\\/\\\/albayyinah.fr\\\/11204-cart_default\\\/qui-est-mon-prophete-easydin.webp&quot;,&quot;width&quot;:114,&quot;height&quot;:148},&quot;home_default&quot;:{&quot;url&quot;:&quot;https:\\\/\\\/albayyinah.fr\\\/11204-home_default\\\/qui-est-mon-prophete-easydin.webp&quot;,&quot;width&quot;:297,&quot;height&quot;:386},&quot;medium_default&quot;:{&quot;url&quot;:&quot;https:\\\/\\\/albayyinah.fr\\\/11204-medium_default\\\/qui-est-mon-prophete-easydin.jpg&quot;,&quot;width&quot;:435,&quot;height&quot;:520},&quot;large_default&quot;:{&quot;url&quot;:&quot;https:\\\/\\\/albayyinah.fr\\\/11204-large_default\\\/qui-est-mon-prophete-easydin.webp&quot;,&quot;width&quot;:870,&quot;height&quot;:1131}},&quot;small&quot;:{&quot;url&quot;:&quot;https:\\\/\\\/albayyinah.fr\\\/11204-small_default\\\/qui-est-mon-prophete-easydin.webp&quot;,&quot;width&quot;:78,&quot;height&quot;:101},&quot;medium&quot;:{&quot;url&quot;:&quot;https:\\\/\\\/albayyinah.fr\\\/11204-home_default\\\/qui-est-mon-prophete-easydin.webp&quot;,&quot;width&quot;:297,&quot;height&quot;:386},&quot;large&quot;:{&quot;url&quot;:&quot;https:\\\/\\\/albayyinah.fr\\\/11204-large_default\\\/qui-est-mon-prophete-easydin.webp&quot;,&quot;width&quot;:870,&quot;height&quot;:1131},&quot;legend&quot;:&quot;Qui est mon Proph\\u00e8te ? Easydin&quot;,&quot;id_image&quot;:&quot;11204&quot;,&quot;cover&quot;:&quot;1&quot;,&quot;position&quot;:&quot;1&quot;,&quot;associatedVariants&quot;:[]},&quot;has_discount&quot;:false,&quot;discount_type&quot;:null,&quot;discount_percentage&quot;:null,&quot;discount_percentage_absolute&quot;:null,&quot;discount_amount&quot;:null,&quot;discount_amount_to_display&quot;:null,&quot;price_amount&quot;:8.9,&quot;unit_price_full&quot;:&quot;&quot;,&quot;show_availability&quot;:true,&quot;availability_date&quot;:null,&quot;availability_message&quot;:&quot;&quot;,&quot;availability&quot;:&quot;available&quot;}\" aria-expanded=\"true\">\n<section class=\"product-features\">\n<p class=\"h6\">Fiche technique<\/p>\n<dl class=\"data-sheet\">\n<dt class=\"name\">Couverture<\/dt>\n<dd class=\"value\">Rigide<\/dd>\n<dt class=\"name\">Dimensions<\/dt>\n<dd class=\"value\">18x18cm<\/dd>\n<dt class=\"name\">ISBN<\/dt>\n<dd class=\"value\">9782958161927<\/dd>\n<dt class=\"name\">Langue<\/dt>\n<dd class=\"value\">fran\u00e7aise<\/dd>\n<\/dl>\n<\/section>\n<\/div>\n<\/div>\n<\/div>\n<\/div>\n<div class=\"js-ttstickyAddToCart add_to_cart_sticky fixed\" data-id-product=\"4758\" data-hidden=\"0\">\n<form class=\"ttstickyAddToCartForm\" action=\"https:\/\/albayyinah.fr\/panier\" method=\"post\">\n<div class=\"container\">\n<div class=\"sticky-product\"><\/div>\n<\/div>\n<\/form>\n<\/div>\n","protected":false},"excerpt":{"rendered":"<p>Qui est mon Proph\u00e8te \ufdfa ? Parmi les trois questions pos\u00e9es apr\u00e8s la mort, celle-ci est la deuxi\u00e8me. Comment ressembler \u00e0 un homme que l\u2019on ne conna\u00eet pas ? Le Proph\u00e8te Mouhammad \ufdfa n\u2019\u00e9tait pas un homme comme les autres\u2026<\/p>\n<p>\u00c0 travers le comportement de leurs parents, Adam et \u2018A\u00efcha d\u00e9couvrent certaines de ses qualit\u00e9s physiques ou morales. D\u2019une mani\u00e8re ludique et attractive, nos enfants pourront ainsi s\u2019imaginer quel genre de personne \u00e9tait notre Proph\u00e8te \ufdfa afin de le prendre aussi en exemple.<\/p>\n","protected":false},"featured_media":7247,"template":"","meta":[],"product_brand":[],"product_cat":[39,47,181,24,53,59,21],"product_tag":[],"class_list":{"0":"post-11767","1":"product","2":"type-product","3":"status-publish","4":"has-post-thumbnail","6":"product_cat-bebe-3ans","7":"product_cat-comprendre-lislam","8":"product_cat-education-religieuse","9":"product_cat-enfants","10":"product_cat-la-vie-du-prophete","11":"product_cat-les-recits-des-prophetes","12":"product_cat-livre","13":"description-off","15":"first","16":"instock","17":"shipping-taxable","18":"purchasable","19":"product-type-simple"},"jetpack_sharing_enabled":true,"_links":{"self":[{"href":"https:\/\/elouedshop.com\/index.php?rest_route=\/wp\/v2\/product\/11767","targetHints":{"allow":["GET"]}}],"collection":[{"href":"https:\/\/elouedshop.com\/index.php?rest_route=\/wp\/v2\/product"}],"about":[{"href":"https:\/\/elouedshop.com\/index.php?rest_route=\/wp\/v2\/types\/product"}],"wp:featuredmedia":[{"embeddable":true,"href":"https:\/\/elouedshop.com\/index.php?rest_route=\/wp\/v2\/media\/7247"}],"wp:attachment":[{"href":"https:\/\/elouedshop.com\/index.php?rest_route=%2Fwp%2Fv2%2Fmedia&parent=11767"}],"wp:term":[{"taxonomy":"product_brand","embeddable":true,"href":"https:\/\/elouedshop.com\/index.php?rest_route=%2Fwp%2Fv2%2Fproduct_brand&post=11767"},{"taxonomy":"product_cat","embeddable":true,"href":"https:\/\/elouedshop.com\/index.php?rest_route=%2Fwp%2Fv2%2Fproduct_cat&post=11767"},{"taxonomy":"product_tag","embeddable":true,"href":"https:\/\/elouedshop.com\/index.php?rest_route=%2Fwp%2Fv2%2Fproduct_tag&post=11767"}],"curies":[{"name":"wp","href":"https:\/\/api.w.org\/{rel}","templated":true}]}}