{"id":11766,"date":"2024-12-21T13:34:36","date_gmt":"2024-12-21T13:34:36","guid":{"rendered":"https:\/\/elouedshop.com\/?post_type=product&#038;p=11766"},"modified":"2024-12-21T13:35:40","modified_gmt":"2024-12-21T13:35:40","slug":"quelle-est-ma-religion","status":"publish","type":"product","link":"https:\/\/elouedshop.com\/?product=quelle-est-ma-religion","title":{"rendered":"Quelle est ma religion ?"},"content":{"rendered":"<p class=\"h6\">Fiche technique<\/p>\n<dl class=\"data-sheet\">\n<dt class=\"name\">Couverture<\/dt>\n<dd class=\"value\">Rigide<\/dd>\n<dt class=\"name\">Dimensions<\/dt>\n<dd class=\"value\">18x18cm<\/dd>\n<dt class=\"name\">Langue<\/dt>\n<dd class=\"value\">fran\u00e7aise<\/dd>\n<\/dl>\n","protected":false},"excerpt":{"rendered":"<p>Quelle est ma religion ? Parmi les trois questions pos\u00e9es apr\u00e8s la mort, celle-ci est la troisi\u00e8me. L\u2019islam est une vaste religion d\u00e9finie en partie par ses cinq piliers.<\/p>\n<p>Comme tous les mercredis, Adam et A\u00efcha r\u00e9alisent une activit\u00e9 manuelle. Aujourd\u2019hui, elle est tr\u00e8s sp\u00e9ciale : elle leur permettra de d\u00e9couvrir les cinq piliers de l\u2019islam !<\/p>\n<p>Facilement r\u00e9alisable chez chacun d\u2019entre nous, elle est un bon moyen d\u2019introduire nos actes d\u2019adoration quotidiens pour en comprendre la raison.<\/p>\n","protected":false},"featured_media":7245,"template":"","meta":[],"product_brand":[],"product_cat":[39,47,181,24,21],"product_tag":[],"class_list":{"0":"post-11766","1":"product","2":"type-product","3":"status-publish","4":"has-post-thumbnail","6":"product_cat-bebe-3ans","7":"product_cat-comprendre-lislam","8":"product_cat-education-religieuse","9":"product_cat-enfants","10":"product_cat-livre","11":"description-off","13":"first","14":"instock","15":"shipping-taxable","16":"purchasable","17":"product-type-simple"},"jetpack_sharing_enabled":true,"_links":{"self":[{"href":"https:\/\/elouedshop.com\/index.php?rest_route=\/wp\/v2\/product\/11766","targetHints":{"allow":["GET"]}}],"collection":[{"href":"https:\/\/elouedshop.com\/index.php?rest_route=\/wp\/v2\/product"}],"about":[{"href":"https:\/\/elouedshop.com\/index.php?rest_route=\/wp\/v2\/types\/product"}],"wp:featuredmedia":[{"embeddable":true,"href":"https:\/\/elouedshop.com\/index.php?rest_route=\/wp\/v2\/media\/7245"}],"wp:attachment":[{"href":"https:\/\/elouedshop.com\/index.php?rest_route=%2Fwp%2Fv2%2Fmedia&parent=11766"}],"wp:term":[{"taxonomy":"product_brand","embeddable":true,"href":"https:\/\/elouedshop.com\/index.php?rest_route=%2Fwp%2Fv2%2Fproduct_brand&post=11766"},{"taxonomy":"product_cat","embeddable":true,"href":"https:\/\/elouedshop.com\/index.php?rest_route=%2Fwp%2Fv2%2Fproduct_cat&post=11766"},{"taxonomy":"product_tag","embeddable":true,"href":"https:\/\/elouedshop.com\/index.php?rest_route=%2Fwp%2Fv2%2Fproduct_tag&post=11766"}],"curies":[{"name":"wp","href":"https:\/\/api.w.org\/{rel}","templated":true}]}}