{"id":11763,"date":"2024-12-21T13:18:41","date_gmt":"2024-12-21T13:18:41","guid":{"rendered":"https:\/\/elouedshop.com\/?post_type=product&#038;p=11763"},"modified":"2024-12-22T15:10:27","modified_gmt":"2024-12-22T15:10:27","slug":"qui-est-allah","status":"publish","type":"product","link":"https:\/\/elouedshop.com\/?product=qui-est-allah","title":{"rendered":"Qui est Allah?"},"content":{"rendered":"<p class=\"h6\">Fiche technique<\/p>\n<dl class=\"data-sheet\">\n<dt class=\"name\">ISBN<\/dt>\n<dd class=\"value\">9782958029616<\/dd>\n<\/dl>\n","protected":false},"excerpt":{"rendered":"<p>D\u00e9couvrez une s\u00e9lection d\u2019illustrations captivantes, accompagn\u00e9e de textes adapt\u00e9es \u00e0 l\u2019\u00e2ge de l\u2019enfant.<\/p>\n<p>Ce livre \u00e0 \u00e9t\u00e9 sp\u00e9cialement \u00e9dit\u00e9 pour faciliter l\u2019autonomie et l\u2019apprentissage des petits.<\/p>\n<p>Un livre de 60 pages, avec une couverture cartonn\u00e9e, qui explique de mani\u00e8re ludique et tr\u00e8s simplifi\u00e9 qui est Notre Seigneur.<\/p>\n","protected":false},"featured_media":5414,"template":"","meta":[],"product_brand":[],"product_cat":[180,24,21],"product_tag":[],"class_list":{"0":"post-11763","1":"product","2":"type-product","3":"status-publish","4":"has-post-thumbnail","6":"product_cat-dogme-2","7":"product_cat-enfants","8":"product_cat-livre","9":"description-off","11":"first","12":"instock","13":"shipping-taxable","14":"purchasable","15":"product-type-simple"},"jetpack_sharing_enabled":true,"_links":{"self":[{"href":"https:\/\/elouedshop.com\/index.php?rest_route=\/wp\/v2\/product\/11763","targetHints":{"allow":["GET"]}}],"collection":[{"href":"https:\/\/elouedshop.com\/index.php?rest_route=\/wp\/v2\/product"}],"about":[{"href":"https:\/\/elouedshop.com\/index.php?rest_route=\/wp\/v2\/types\/product"}],"wp:featuredmedia":[{"embeddable":true,"href":"https:\/\/elouedshop.com\/index.php?rest_route=\/wp\/v2\/media\/5414"}],"wp:attachment":[{"href":"https:\/\/elouedshop.com\/index.php?rest_route=%2Fwp%2Fv2%2Fmedia&parent=11763"}],"wp:term":[{"taxonomy":"product_brand","embeddable":true,"href":"https:\/\/elouedshop.com\/index.php?rest_route=%2Fwp%2Fv2%2Fproduct_brand&post=11763"},{"taxonomy":"product_cat","embeddable":true,"href":"https:\/\/elouedshop.com\/index.php?rest_route=%2Fwp%2Fv2%2Fproduct_cat&post=11763"},{"taxonomy":"product_tag","embeddable":true,"href":"https:\/\/elouedshop.com\/index.php?rest_route=%2Fwp%2Fv2%2Fproduct_tag&post=11763"}],"curies":[{"name":"wp","href":"https:\/\/api.w.org\/{rel}","templated":true}]}}