{"id":11762,"date":"2024-12-21T13:18:14","date_gmt":"2024-12-21T13:18:14","guid":{"rendered":"https:\/\/elouedshop.com\/?post_type=product&#038;p=11762"},"modified":"2024-12-21T13:26:41","modified_gmt":"2024-12-21T13:26:41","slug":"qui-est-mon-seigneur","status":"publish","type":"product","link":"https:\/\/elouedshop.com\/?product=qui-est-mon-seigneur","title":{"rendered":"Qui est mon Seigneur ?"},"content":{"rendered":"<p class=\"h6\">Fiche technique<\/p>\n<dl class=\"data-sheet\">\n<dt class=\"name\">Couverture<\/dt>\n<dd class=\"value\">Rigide<\/dd>\n<dt class=\"name\">Dimensions<\/dt>\n<dd class=\"value\">18x18cm<\/dd>\n<dt class=\"name\">Langue<\/dt>\n<dd class=\"value\">fran\u00e7aise<\/dd>\n<\/dl>\n","protected":false},"excerpt":{"rendered":"<p>Les\u00a0<strong>parents musulmans<\/strong>\u00a0soucieux de l&rsquo;<strong>\u00e9ducation religieuse<\/strong>\u00a0de leurs enfants sont toujours en qu\u00eate de supports fiables. Et \u00e7a,\u00a0<strong>Easydin\u00a0<\/strong>l&rsquo;a tr\u00e8s bien compris. Cette maison d&rsquo;\u00e9dition a d&rsquo;ailleurs le plaisir de vous faire d\u00e9couvrir le\u00a0<strong>livre Qui est mon Seigneur<\/strong>. Comme son nom l&rsquo;indique, cet ouvrage permet aux ch\u00e9rubins d&rsquo;apprendre \u00e0 mieux conna\u00eetre leur Cr\u00e9ateur.<\/p>\n<h2><strong>Livre Qui est mon Seigneur : une histoire m\u00ealant nature et apprentissages religieux<\/strong><\/h2>\n<p>Au fil des pages, on suit les aventures d&rsquo;<strong>Adam et A\u00efcha<\/strong>\u00a0lors d&rsquo;une balade en for\u00eat. Un cadre bucolique id\u00e9al pour aborder en douceur certaines qualit\u00e9s essentielles d&rsquo;Allah comme Sa mis\u00e9ricorde, Sa toute-puissance ou encore Son unicit\u00e9. Les jeunes lecteurs pourront ainsi s&rsquo;initier aux notions religieuses de base, en lien direct avec les\u00a0<strong>merveilles de la Cr\u00e9ation<\/strong>.<\/p>\n<p>Pour rendre l&rsquo;exp\u00e9rience encore plus ludique et p\u00e9dagogique, Easydin a eu la bonne id\u00e9e d&rsquo;opter pour une narration \u00e0 deux voix. Concr\u00e8tement, le parent lit le texte pendant que l&rsquo;enfant s&rsquo;occupe de d\u00e9chiffrer les mots illustr\u00e9s. Un excellent moyen de capter son attention tout en le faisant activement participer \u00a0!<\/p>\n<h2><strong>Le livre Qui est mon Seigneur peut int\u00e9resser tout le monde<\/strong><\/h2>\n<p>M\u00eame les plus aguerris pourront profiter de cette magnifique histoire en lisant eux-m\u00eames l&rsquo;int\u00e9gralit\u00e9 du r\u00e9cit. Tout est donc pens\u00e9 dans ce livre pour un apprentissage \u00e0 la fois ludique et complet de la\u00a0<strong>relation \u00e0 Allah<\/strong>\u00a0selon l&rsquo;islam.<\/p>\n<p>Finalement, le livre Qui est mon Seigneur repr\u00e9sente un moyen pour vous d&rsquo;initier votre ch\u00e9rubin \u00e0 la notion de\u00a0<strong>Tawhid<\/strong>. Certains adultes ont d&rsquo;ailleurs du mal \u00e0 la d\u00e9finir, d&rsquo;o\u00f9 l&rsquo;importance d&rsquo;inculquer les bases de l&rsquo;islam aux plus jeunes.<\/p>\n<h3><strong>Qu&rsquo;attendez-vous pour faire d\u00e9couvrir l&rsquo;islam aux enfants ?<\/strong><\/h3>\n<p>Avec le livre Qui est mon Seigneur, plus d&rsquo;excuses pour ne pas \u00e9veiller vos ch\u00e9rubins \u00e0 leur religion d\u00e8s leur plus jeune \u00e2ge ! Foncez vite vous procurer ce petit bijou litt\u00e9raire sign\u00e9 Easydin pour leur offrir un formidable outil d&rsquo;instruction religieuse.<\/p>\n","protected":false},"featured_media":7243,"template":"","meta":[],"product_brand":[],"product_cat":[39,181,24,21],"product_tag":[],"class_list":{"0":"post-11762","1":"product","2":"type-product","3":"status-publish","4":"has-post-thumbnail","6":"product_cat-bebe-3ans","7":"product_cat-education-religieuse","8":"product_cat-enfants","9":"product_cat-livre","10":"description-off","12":"first","13":"instock","14":"shipping-taxable","15":"purchasable","16":"product-type-simple"},"jetpack_sharing_enabled":true,"_links":{"self":[{"href":"https:\/\/elouedshop.com\/index.php?rest_route=\/wp\/v2\/product\/11762","targetHints":{"allow":["GET"]}}],"collection":[{"href":"https:\/\/elouedshop.com\/index.php?rest_route=\/wp\/v2\/product"}],"about":[{"href":"https:\/\/elouedshop.com\/index.php?rest_route=\/wp\/v2\/types\/product"}],"wp:featuredmedia":[{"embeddable":true,"href":"https:\/\/elouedshop.com\/index.php?rest_route=\/wp\/v2\/media\/7243"}],"wp:attachment":[{"href":"https:\/\/elouedshop.com\/index.php?rest_route=%2Fwp%2Fv2%2Fmedia&parent=11762"}],"wp:term":[{"taxonomy":"product_brand","embeddable":true,"href":"https:\/\/elouedshop.com\/index.php?rest_route=%2Fwp%2Fv2%2Fproduct_brand&post=11762"},{"taxonomy":"product_cat","embeddable":true,"href":"https:\/\/elouedshop.com\/index.php?rest_route=%2Fwp%2Fv2%2Fproduct_cat&post=11762"},{"taxonomy":"product_tag","embeddable":true,"href":"https:\/\/elouedshop.com\/index.php?rest_route=%2Fwp%2Fv2%2Fproduct_tag&post=11762"}],"curies":[{"name":"wp","href":"https:\/\/api.w.org\/{rel}","templated":true}]}}