{"id":11758,"date":"2024-12-21T13:07:30","date_gmt":"2024-12-21T13:07:30","guid":{"rendered":"https:\/\/elouedshop.com\/?post_type=product&#038;p=11758"},"modified":"2024-12-21T13:27:18","modified_gmt":"2024-12-21T13:27:18","slug":"jaime-ma-oummi","status":"publish","type":"product","link":"https:\/\/elouedshop.com\/?product=jaime-ma-oummi","title":{"rendered":"J&rsquo;aime ma Oummi"},"content":{"rendered":"<p class=\"h6\">Fiche technique<\/p>\n<dl class=\"data-sheet\">\n<dt class=\"name\">Couverture<\/dt>\n<\/dl>\n<p>Cartonner<\/p>\n<dl class=\"data-sheet\">\n<dt class=\"name\">Dimensions<\/dt>\n<dd class=\"value\">15&#215;18<\/dd>\n<dt class=\"name\">Langue<\/dt>\n<dd class=\"value\">fran\u00e7aise<\/dd>\n<\/dl>\n","protected":false},"excerpt":{"rendered":"<p>Avec sa Oummi, on joue, on apprend, on rit, mais le plus important, c\u2019est de profiter de chaque instant !<\/p>\n<p>Destin\u00e9 aux enfants, cette histoire permettra d\u2019aborder diff\u00e9rents th\u00e8mes religieux et mondains. De jolies illustrations, des phrases assorties de rimes afin d\u2019\u00e9veiller \u00e0 la phonologie, ce livre est certain de vous assurer de jolis moments de complicit\u00e9.<\/p>\n<p>Livre histoire \u00e0 2 voix : Le parent lit le texte et l&rsquo;enfant lit le mot.<\/p>\n<p>Un bon moment de partage, mais aussi d&rsquo;apprentissage. Ce livre contient un lexique qui reprend les mots important tir\u00e9s de l&rsquo;histoire.<\/p>\n","protected":false},"featured_media":11759,"template":"","meta":[],"product_brand":[],"product_cat":[39,181,24,21],"product_tag":[],"class_list":{"0":"post-11758","1":"product","2":"type-product","3":"status-publish","4":"has-post-thumbnail","6":"product_cat-bebe-3ans","7":"product_cat-education-religieuse","8":"product_cat-enfants","9":"product_cat-livre","10":"description-off","12":"first","13":"instock","14":"shipping-taxable","15":"purchasable","16":"product-type-simple"},"jetpack_sharing_enabled":true,"_links":{"self":[{"href":"https:\/\/elouedshop.com\/index.php?rest_route=\/wp\/v2\/product\/11758","targetHints":{"allow":["GET"]}}],"collection":[{"href":"https:\/\/elouedshop.com\/index.php?rest_route=\/wp\/v2\/product"}],"about":[{"href":"https:\/\/elouedshop.com\/index.php?rest_route=\/wp\/v2\/types\/product"}],"wp:featuredmedia":[{"embeddable":true,"href":"https:\/\/elouedshop.com\/index.php?rest_route=\/wp\/v2\/media\/11759"}],"wp:attachment":[{"href":"https:\/\/elouedshop.com\/index.php?rest_route=%2Fwp%2Fv2%2Fmedia&parent=11758"}],"wp:term":[{"taxonomy":"product_brand","embeddable":true,"href":"https:\/\/elouedshop.com\/index.php?rest_route=%2Fwp%2Fv2%2Fproduct_brand&post=11758"},{"taxonomy":"product_cat","embeddable":true,"href":"https:\/\/elouedshop.com\/index.php?rest_route=%2Fwp%2Fv2%2Fproduct_cat&post=11758"},{"taxonomy":"product_tag","embeddable":true,"href":"https:\/\/elouedshop.com\/index.php?rest_route=%2Fwp%2Fv2%2Fproduct_tag&post=11758"}],"curies":[{"name":"wp","href":"https:\/\/api.w.org\/{rel}","templated":true}]}}