{"id":11469,"date":"2024-10-10T09:50:13","date_gmt":"2024-10-10T09:50:13","guid":{"rendered":"https:\/\/elouedshop.com\/?post_type=product&#038;p=11469"},"modified":"2024-12-17T14:50:04","modified_gmt":"2024-12-17T14:50:04","slug":"peluche-mouton-veilleuse-coranique-xxl","status":"publish","type":"product","link":"https:\/\/elouedshop.com\/?product=peluche-mouton-veilleuse-coranique-xxl","title":{"rendered":"Peluche Mouton veilleuse coranique XXL"},"content":{"rendered":"","protected":false},"excerpt":{"rendered":"<p><span>Plongez dans l&rsquo;univers captivant de notre nouvelle <\/span><strong><span>peluche veilleuse coranique mouton<\/span><\/strong><span> , sp\u00e9cialement con\u00e7ue pour apporter une douce s\u00e9r\u00e9nit\u00e9 \u00e0 votre petit tr\u00e9sor. <\/span><strong><span>D\u00e9couvrez les fonctionnalit\u00e9s exceptionnelles de ce produit innovant<\/span><\/strong><span> :<\/span><\/p>\n<p><span>\ud83c\udf19 <\/span><strong><span>Sourates du Coran :<\/span><\/strong><\/p>\n<ul>\n<li><span>Choisissez parmi <\/span><strong><span>38 sourates du Coran<\/span><\/strong><span>pour <\/span><strong><span>une exp\u00e9rience spirituelle personnalis\u00e9e<\/span><\/strong><span> .<\/span><\/li>\n<\/ul>\n<h4><span>Coran (Juz Amma) r\u00e9cit\u00e9 par Ahmed Saoud (60 minutes )<\/span><\/h4>\n<ul>\n<li><span>\u00a0Al-Fathia (L&rsquo;ouverture)<\/span><\/li>\n<li><span>\u00a0Ayat Al Kursi<\/span><\/li>\n<li><span>An-Naba (La grande nouvelle)<\/span><\/li>\n<li><span>An-Nazi&rsquo;at (Les anges qui arrachent les \u00e2mes)<\/span><\/li>\n<li><span>Abasa (Il s&rsquo;est renfrogn\u00e9)<\/span><\/li>\n<li><span>At-Takwir (L&rsquo;obscurcissement)<\/span><\/li>\n<li><span>Al-Infithar (La rupture)<\/span><\/li>\n<li><span>Al-Mutaffifine (Les fraudeurs)<\/span><\/li>\n<li><span>Al-Inshyiqaq (La d\u00e9chirure)<\/span><\/li>\n<li><span>Les constellations (Al-Buruj)<\/span><\/li>\n<li><span>L&rsquo;astre nocturne (At-Tariq).<\/span><\/li>\n<li><span>Le Tr\u00e8s-Haut (Al-Ala).<\/span><\/li>\n<li><span>L&rsquo;enveloppeante (Al-Gasiyah).<\/span><\/li>\n<li><span>L&rsquo;aube (Al-Fajr).<\/span><\/li>\n<li><span>La cit\u00e9 (Al-Balad).<\/span><\/li>\n<li><span>Le soleil (Ach-Chams).<\/span><\/li>\n<li><span>La nuit (Al-Layl).<\/span><\/li>\n<li><span>Le jour montant (Ad-Duha).<\/span><\/li>\n<li><span>L&rsquo;ouverture (As-Sarh).<\/span><\/li>\n<li><span>Le figuier (At-Tin).<\/span><\/li>\n<li><span>L&rsquo;adh\u00e9sion (Al-Alaq).<\/span><\/li>\n<li><span>La Destin\u00e9e (Al-Qadr).<\/span><\/li>\n<li><span>La preuve (Al-Bayyinah).<\/span><\/li>\n<li><span>La secousse (Az-Zalzalah).<\/span><\/li>\n<li><span>Les coursiers (Al-Adiyate).<\/span><\/li>\n<li><span>Le fracas (Al-Qariah).<\/span><\/li>\n<li><span>La course aux richesses (At-Takatur).<\/span><\/li>\n<li><span>Le temps (Al-Asr).<\/span><\/li>\n<li><span>Les calomniateurs (Al-Humazah).<\/span><\/li>\n<li><span>L&rsquo;\u00e9l\u00e9phant (Al-Fil).<\/span><\/li>\n<li><span>Qora\u00efsh.<\/span><\/li>\n<li><span>L&rsquo;ustensile (Al-Maun).<\/span><\/li>\n<li><span>L&rsquo;abondance (Al-Kawtar).<\/span><\/li>\n<li><span>Les infid\u00e8les (Al-Kafirune).<\/span><\/li>\n<li><span>Les secours (An-Nasr).<\/span><\/li>\n<li><span>Les fibres (Al-Masad).<\/span><\/li>\n<li><span>Le monoth\u00e9isme pur (Al-Ihlas).<\/span><\/li>\n<li><span>L&rsquo;aube naissante (Al-Falaq).<\/span><\/li>\n<li><span>Les hommes (An-Nas).<\/span><\/li>\n<\/ul>\n<p>&nbsp;<\/p>\n<p><span>\ud83e\udd32 <\/span><strong><span>Dou&rsquo;as R\u00e9confortantes (13 minutes) :<\/span><\/strong><\/p>\n<ul>\n<li><span>D\u00e9couvrez <\/span><strong><span>les <\/span><\/strong><strong><span>dou&rsquo;as<\/span><span> apaisantes<\/span><\/strong><span> qui enveloppent votre b\u00e9b\u00e9 <\/span><strong><span>d&rsquo;une ambiance protectrice.<\/span><\/strong><\/li>\n<\/ul>\n<ul>\n<li><span>Adhkar an Nawm (Al Afasy)<\/span><\/li>\n<li><span>Les 99 Noms &amp; Attributs d&rsquo;Allah<\/span><\/li>\n<\/ul>\n<p>&nbsp;<\/p>\n<p><span>\ud83c\udfb6 <\/span><strong><span>Nasheed Sans Instrument (23 minutes) :<\/span><\/strong><\/p>\n<ul>\n<li><span>Laissez-vous emporter par des nasheed captivants, cr\u00e9ant une ambiance paisible <\/span><strong><span>sans instruments.<\/span><\/strong><\/li>\n<\/ul>\n<ul>\n<li><span>Les 5 piliers de l&rsquo;Islam en arabe\u00a0<\/span><\/li>\n<li><span>Les Noms des 5 Pri\u00e8res Quotidienne pour les petits\u00a0<\/span><\/li>\n<li><span>Bismillah en arabe<\/span><\/li>\n<li><span>Aide Al Fitr<\/span><\/li>\n<li><span>Nasheed Apaisant<\/span><\/li>\n<\/ul>\n<p><span>\u23ed\ufe0fContr\u00f4le <\/span><strong><span>Total :<\/span><\/strong><\/p>\n<ul>\n<li><strong><span>Avancez, reculez, mettez en boucle les audios<\/span><\/strong><span> selon les besoins, offrant une flexibilit\u00e9 totale.<\/span><\/li>\n<\/ul>\n<p><span>\u23f2\ufe0f <\/span><strong><span>Dur\u00e9e de Lecture Personnalis\u00e9e :<\/span><\/strong><\/p>\n<ul>\n<li><span>Choisissez entre <\/span><strong><span>des s\u00e9ances audio de 30 ou 90 minutes<\/span><\/strong><span> , adapt\u00e9es \u00e0 la routine de sommeil de votre enfant.<\/span><\/li>\n<\/ul>\n<p><span>\ud83d\ude22 <\/span><strong><span>D\u00e9tecteur de Pleurs Intelligent \ud83c\udf7c :<\/span><\/strong><\/p>\n<ul>\n<li><span>Lorsque votre <\/span><strong><span>b\u00e9b\u00e9 pleure<\/span><\/strong><span> , la sourate et verset\u00a0<\/span><strong><span> Al-Fathia et Ayat Al K<\/span><span>ursi\u00a0<\/span><\/strong><span>se<\/span><strong><span>\u00a0<\/span><\/strong><span>mettent\u00a0<\/span><strong><span> automatiquement en marche<\/span><\/strong><span> pour r\u00e9conforter et <\/span><strong><span>apaiser votre enfant<\/span><\/strong><span> .<\/span><\/li>\n<\/ul>\n<p><span>\ud83d\udd0aContr\u00f4le <\/span><strong><span>du Volume :<\/span><\/strong><\/p>\n<ul>\n<li><strong><span>R\u00e9glez le volume<\/span><\/strong><span> pour une exp\u00e9rience sonore sur mesure, <\/span><strong><span>adapt\u00e9e \u00e0 l&rsquo;ambiance souhait\u00e9e.<\/span><\/strong><\/li>\n<\/ul>\n<p><span>\u2728 <\/span><strong><span>Lumi\u00e8re \u00c9toil\u00e9e :<\/span><\/strong><\/p>\n<ul>\n<li><span>Les \u00e9toiles lumineuses cr\u00e9ent une exp\u00e9rience visuelle enchanteuse, accompagnant harmonieusement les audios.<\/span><\/li>\n<\/ul>\n<p><span>\ud83c\udf1f <\/span><strong><span>Sept Modes de Diffusion \u00c9toil\u00e9e :<\/span><\/strong><\/p>\n<ul>\n<li><span>Personnalisez l&rsquo;ambiance avec <\/span><strong><span>sept modes de diffusion \u00e9toil\u00e9e<\/span><\/strong><span> , cr\u00e9ant un spectacle visuel captivant.<\/span><\/li>\n<\/ul>\n<p><span>Offrez \u00e0 votre petit tr\u00e9sor <\/span><strong><span>le cadeau magique<\/span><\/strong><span> de la qui\u00e9tude et de l&rsquo;\u00e9l\u00e9vation int\u00e9rieure avec notre tout nouveau produit, <\/span><strong><span>la peluche veilleuse coranique mouton<\/span><\/strong><span> . Commandez d\u00e8s maintenant et cr\u00e9ez des moments de douceur et de r\u00e9confort inoubliables. \ud83c\udf19\ud83e\udd32\ud83c\udfb6\ud83c\udf7c<\/span><\/p>\n","protected":false},"featured_media":11470,"template":"","meta":[],"product_brand":[],"product_cat":[226,38,26],"product_tag":[],"class_list":{"0":"post-11469","1":"product","2":"type-product","3":"status-publish","4":"has-post-thumbnail","6":"product_cat-cadeau-naissance","7":"product_cat-idees-de-cadeaux","8":"product_cat-jouets-educatifs","9":"description-off","11":"first","12":"outofstock","13":"shipping-taxable","14":"purchasable","15":"product-type-simple"},"jetpack_sharing_enabled":true,"_links":{"self":[{"href":"https:\/\/elouedshop.com\/index.php?rest_route=\/wp\/v2\/product\/11469","targetHints":{"allow":["GET"]}}],"collection":[{"href":"https:\/\/elouedshop.com\/index.php?rest_route=\/wp\/v2\/product"}],"about":[{"href":"https:\/\/elouedshop.com\/index.php?rest_route=\/wp\/v2\/types\/product"}],"wp:featuredmedia":[{"embeddable":true,"href":"https:\/\/elouedshop.com\/index.php?rest_route=\/wp\/v2\/media\/11470"}],"wp:attachment":[{"href":"https:\/\/elouedshop.com\/index.php?rest_route=%2Fwp%2Fv2%2Fmedia&parent=11469"}],"wp:term":[{"taxonomy":"product_brand","embeddable":true,"href":"https:\/\/elouedshop.com\/index.php?rest_route=%2Fwp%2Fv2%2Fproduct_brand&post=11469"},{"taxonomy":"product_cat","embeddable":true,"href":"https:\/\/elouedshop.com\/index.php?rest_route=%2Fwp%2Fv2%2Fproduct_cat&post=11469"},{"taxonomy":"product_tag","embeddable":true,"href":"https:\/\/elouedshop.com\/index.php?rest_route=%2Fwp%2Fv2%2Fproduct_tag&post=11469"}],"curies":[{"name":"wp","href":"https:\/\/api.w.org\/{rel}","templated":true}]}}