{"id":1141,"date":"2023-06-29T09:45:41","date_gmt":"2023-06-29T09:45:41","guid":{"rendered":"https:\/\/elouedshop.com\/?post_type=product&#038;p=1141"},"modified":"2023-10-08T20:20:32","modified_gmt":"2023-10-08T20:20:32","slug":"questions-religieuses-concernant-les-femmes-regles-fatwa-fatawa-an-nissa","status":"publish","type":"product","link":"https:\/\/elouedshop.com\/?product=questions-religieuses-concernant-les-femmes-regles-fatwa-fatawa-an-nissa","title":{"rendered":"Questions religieuses concernant les femmes (R\u00e8gles\/Fatwa\/Fat\u00e2w\u00e2 an-Niss\u00e2&rsquo;)"},"content":{"rendered":"<table border=\"0\" width=\"100%\" cellspacing=\"0\" cellpadding=\"0\">\n<tbody>\n<tr>\n<td>\n<table border=\"0\" width=\"100%\">\n<tbody>\n<tr>\n<td>\n<div dir=\"ltr\">\n<p><strong>La plus grande compilation de fatwa en langue fran\u00e7aise (avec plus de 535 fetwa) par les savants Ibn B\u00e2z, Al-\u2018Uthaym\u00een, Al-Alb\u00e2n\u00ee, Muqbil et bien d\u2019autres encore&#8230;<\/strong><\/p>\n<p>\u00ab Questions religieuses concernant les femmes \u00bb est une compilation rassemblant les avis religieux des plus grands savants contemporains (Cheikhs Ibn B\u00e2z, Al-&lsquo;Uthaym\u00een, Al-Alb\u00e2n\u00ee, Muqbil, etc.) concernant des th\u00e8mes qui touchent la femme, parmi lesquels : son intimit\u00e9, la religion, la sant\u00e9, l&rsquo;hygi\u00e8ne et la beaut\u00e9, les relations de la femme avec les autres, le travail et les loisirs de la femme, le mariage, le divorce et le veuvage et les relations m\u00e8re\/enfant.<\/p>\n<p>Ce livre est une r\u00e9f\u00e9rence pour toutes les femmes musulmanes qui y recourront \u00e0 chaque \u00e9tape de leur vie et o\u00f9 elles trouveront toutes les r\u00e9ponses aux questions qu&rsquo;elles n&rsquo;osent peut-\u00eatre pas poser, des r\u00e9ponses appuy\u00e9es par des hadiths et des versets coraniques.<\/p>\n<p>Cet outil indispensable \u00e0 la femme musulmane la m\u00e8nera, nous l&rsquo;esp\u00e9rons, vers la Satisfaction d&rsquo;Allah (SWT), en l&rsquo;aidant \u00e0 pratiquer la religion en se basant sur les preuves du Coran et de la Sunna.<\/p>\n<p><b>Sommaire<\/b><\/p>\n<ul>\n<li><b>Intimit\u00e9 de la femme (menstrues et lochies)<\/b>\u00a06\n<ul>\n<li>Questions au sujet du cycle menstruel et de l\u2019estimation de sa dur\u00e9e 6<\/li>\n<li>Questions au sujet du sang dont on ne parvient pas \u00e0 d\u00e9terminer l\u2019origine et du sang h\u00e9morragique 11<\/li>\n<li>Questions au sujet de l\u2019arr\u00eat volontaire des menstrues par le biais de pilules 15<\/li>\n<li>Questions au sujet des lochies et des pertes avant accouchement ou pendant la grossesse 17<\/li>\n<li>Questions concernant les fausses couches 22<\/li>\n<li>Questions relatives aux interdictions engendr\u00e9es par les menstrues et lochies 27<\/li>\n<li>Questions au sujet du rattrapage des pri\u00e8res manqu\u00e9es suite aux menstrues ou lochies 41<\/li>\n<li>Questions portant sur la purification apr\u00e8s les menstrues et lochies ainsi que sur les pertes blanches, jaunes ou marron 45<\/li>\n<\/ul>\n<\/li>\n<li><b>La religion<\/b>\u00a049\n<ul>\n<li><b>La croyance<\/b>\u00a049\n<ul>\n<li>Questions au sujet de la croyance correcte 49<\/li>\n<li>Questions au sujet de la recherche de la science 70<\/li>\n<li>Questions au sujet de la m\u00e9cr\u00e9ance, du polyth\u00e9isme et des innovations religieuses 75<\/li>\n<\/ul>\n<\/li>\n<li><b>La pri\u00e8re<\/b>\u00a091\n<ul>\n<li>Questions au sujet du v\u00eatement de la femme pour la pri\u00e8re 91<\/li>\n<li>Questions au sujet de l\u2019appel \u00e0 la pri\u00e8re (\u00e2dh\u00e2n) 99<\/li>\n<li>Questions au sujet de la pri\u00e8re \u00e0 la mosqu\u00e9e ou en groupe 102<\/li>\n<li>Questions g\u00e9n\u00e9rales au sujet de la pri\u00e8re 110<\/li>\n<li>Questions au sujet des pri\u00e8res sp\u00e9ciales (f\u00eates, \u00e9clipse, pri\u00e8re du malade, pri\u00e8re mortuaire) 112<\/li>\n<li>Questions relatives aux erreurs commises pendant la pri\u00e8re et \u00e0 la fa\u00e7on de les rattraper 117<\/li>\n<\/ul>\n<\/li>\n<li><b>Le je\u00fbne<\/b>\u00a0124\n<ul>\n<li>Questions au sujet de ce qui annule le je\u00fbne et de ce qui ne l\u2019annule pas 124<\/li>\n<li>Questions concernant les menstrues et le rattrapage des jours de je\u00fbne manqu\u00e9s 133<\/li>\n<li>Questions au sujet des p\u00e9ch\u00e9s accomplis durant le Rama<u>d<\/u>\u00e2n 141<\/li>\n<li>Questions concernant le voyage et le je\u00fbne 146<\/li>\n<\/ul>\n<\/li>\n<li><b>L\u2019aum\u00f4ne l\u00e9gale (Az-Zak\u00e2t)<\/b>\u00a0148\n<ul>\n<li>Questions d\u2019ordre g\u00e9n\u00e9ral au sujet du fonctionnement de l\u2019aum\u00f4ne l\u00e9gale 148<\/li>\n<li>Questions concernant les personnes pouvant recevoir l\u2019aum\u00f4ne l\u00e9gale 150<\/li>\n<li>Questions au sujet de l\u2019aum\u00f4ne sur l\u2019or et les bijoux 155<\/li>\n<li>Questions au sujet de la zak\u00e2t de rupture du je\u00fbne 163<\/li>\n<\/ul>\n<\/li>\n<li><b>Le p\u00e8lerinage (al-<u>h<\/u>ajj)<\/b>\u00a0168\n<ul>\n<li>Questions au sujet des conditions d\u2019accomplissement du p\u00e8lerinage (argent, etc.) 168<\/li>\n<li>Questions au sujet du p\u00e8lerinage sans ma<u>hr<\/u>am 170<\/li>\n<li>Questions li\u00e9es aux rites du p\u00e8lerinage 174<\/li>\n<li>Questions au sujet des menstrues et du p\u00e8lerinage 179<\/li>\n<li>Questions au sujet du v\u00eatement de la femme pendant le p\u00e8lerinage 189<\/li>\n<li>Questions concernant les interdits pendant le p\u00e8lerinage 192<\/li>\n<\/ul>\n<\/li>\n<\/ul>\n<\/li>\n<li><b>Sant\u00e9, hygi\u00e8ne et beaut\u00e9<\/b>\u00a0195\n<ul>\n<li><b>L\u2019hygi\u00e8ne : la purification<\/b>\u00a0195\n<ul>\n<li>Questions portant sur ce qui emp\u00eache et annule les ablutions 195<\/li>\n<li>Questions au sujet des impuret\u00e9s et de la fa\u00e7on dont il faut s\u2019en d\u00e9barrasser 200<\/li>\n<li>Question sur la purification des objets ou des v\u00eatements 204<\/li>\n<li>Questions au sujet des petites ablutions 206<\/li>\n<li>Questions au sujet des grandes ablutions 211<\/li>\n<li>Questions concernant les ablutions s\u00e8ches ainsi que les proth\u00e8ses, les pl\u00e2tres et le fait de passer les mains au dessus du voile 214<\/li>\n<li>Questions concernant l\u2019essuyage sur les chaussons et chaussettes 217<\/li>\n<\/ul>\n<\/li>\n<li><b>La parure et les v\u00eatements<\/b>\u00a0225\n<ul>\n<li>Questions relatives au voile de la femme 225<\/li>\n<li>Questions relatives aux v\u00eatements de la femme 230<\/li>\n<li>Questions relatives aux soins du corps (cheveux, sourcils, maquillage\u2026) 236<\/li>\n<li>Questions concernant la parure (parfums et bijoux) 253<\/li>\n<\/ul>\n<\/li>\n<li><b>Les traitements m\u00e9dicaux et op\u00e9rations chirurgicales<\/b>\u00a0261\n<ul>\n<li>Questions concernant la chirurgie esth\u00e9tique et ce qui y ressemble 261<\/li>\n<li>Questions relatives aux soins pendant la grossesse, \u00e0 l\u2019accouchement et \u00e0 la planification familiale 263<\/li>\n<li>Questions relatives au traitement par d\u2019autres moyens que la m\u00e9decine 273<\/li>\n<\/ul>\n<\/li>\n<li><b>La femme et ses relations avec les autres<\/b>\u00a0280\n<ul>\n<li><b>Les relations avec les hommes \u00e9trangers<\/b>\u00a0280\n<ul>\n<li>Questions concernant le regard 280<\/li>\n<li>Questions au sujet de la mixit\u00e9 285<\/li>\n<li>Questions au sujet du salut, de la poign\u00e9e de mains et de la bise aux hommes \u00e9trangers 288<\/li>\n<\/ul>\n<\/li>\n<li><b>Les relations de la femme d\u2019ordre professionnel ou de convenance<\/b>\u00a0298\n<ul>\n<li>Questions concernant les domestiques 298<\/li>\n<li>Questions relatives \u00e0 la consultation de professionnels de sant\u00e9 de l\u2019autre sexe 306<\/li>\n<\/ul>\n<\/li>\n<\/ul>\n<\/li>\n<\/ul>\n<\/li>\n<li><b>Travail et loisirs<\/b>\u00a0310\n<ul>\n<li><b>Les loisirs<\/b>\u00a0310\n<ul>\n<li>Questions concernant les activit\u00e9s physiques 310<\/li>\n<li>Questions concernant le fait de regarder la t\u00e9l\u00e9vision et d\u2019\u00e9couter des chansons 317<\/li>\n<li>Questions concernant les jeux et autres loisirs 326<\/li>\n<li>Questions concernant les repr\u00e9sentations figur\u00e9es 327<\/li>\n<\/ul>\n<\/li>\n<li><b>Les \u00e9tudes et le travail<\/b>\u00a0333\n<ul>\n<li>Questions concernant les \u00e9tudes 333<\/li>\n<li>Questions au sujet du travail de la femme 334<\/li>\n<\/ul>\n<\/li>\n<\/ul>\n<\/li>\n<li><b>Le mariage, le divorce et le veuvage<\/b>\u00a0338\n<ul>\n<li><b>Le mariage<\/b>\u00a0338\n<ul>\n<li>Questions concernant le choix d\u2019un \u00e9poux ainsi que les droits et les devoirs de l\u2019\u00e9poux 339<\/li>\n<li>Questions concernant les relations avant le mariage 343<\/li>\n<li>Questions au sujet de ce que le pr\u00e9tendant peut voir de la femme qu\u2019il demande 345<\/li>\n<li>Questions au sujet des conditions de mariage (tuteur, dot\u2026) 347<\/li>\n<li>Questions au sujet des types de mariages interdits 355<\/li>\n<li>Questions au sujet des rapports intimes entre \u00e9poux et des pratiques sexuelles 359<\/li>\n<li>Questions \u00e0 propos des rapports sexuels et des lochies ou menstrues et de la grossesse 368<\/li>\n<\/ul>\n<\/li>\n<li><b>Le divorce<\/b>\u00a0372\n<ul>\n<li>Questions concernant les raisons et les causes pouvant mener au divorce 372<\/li>\n<li>Questions au sujet de la fa\u00e7on de prononcer le divorce 376<\/li>\n<li>Questions au sujet des types de divorce interdits ou invalides 382<\/li>\n<li>Questions au sujet de ce qui entoure le divorce (dot, viduit\u00e9, garde des enfants\u2026) 389<\/li>\n<li>Questions au sujet de la reprise 393<\/li>\n<li>Questions concernant le khul\u2018 (divorce demand\u00e9 par la femme) 395<\/li>\n<li>Questions relatives au divorce appel\u00e9 a<u>zh<\/u>ih\u00e2<u>r<\/u>\u00a0398<\/li>\n<\/ul>\n<\/li>\n<li><b>Le veuvage<\/b>\u00a0400<\/li>\n<\/ul>\n<\/li>\n<li><b>Les relations m\u00e8re \/ enfant<\/b>\u00a0408\n<ul>\n<li><b>L\u2019allaitement\u00a0<\/b>408<\/li>\n<\/ul>\n<\/li>\n<li><b>L\u2019\u00e9ducation des enfants<\/b>\u00a0413\n<ul>\n<li>Questions au sujet de l\u2019adoption 413<\/li>\n<li>Questions au sujet de la \u2018aq\u00eeqa, de la circoncision et du fait de nommer l\u2019enfant 417<\/li>\n<li>Questions concernant l\u2019\u00e9ducation religieuse des enfants 421<\/li>\n<li>Questions au sujet des v\u00eatements et des jouets 432<\/li>\n<li>Autres questions relatives aux enfants (photos, pubert\u00e9, etc.) 435<\/li>\n<\/ul>\n<\/li>\n<li><b>La bienfaisance envers les parents<\/b>\u00a0437<\/li>\n<\/ul>\n<p>&nbsp;<\/p>\n<\/div>\n<\/td>\n<\/tr>\n<\/tbody>\n<\/table>\n<\/td>\n<\/tr>\n<\/tbody>\n<\/table>\n","protected":false},"excerpt":{"rendered":"<p>La plus grande compilation de fatwa en langue fran\u00e7aise (avec plus de 535 fetwa) par les savants Ibn B\u00e2z, Al-\u2018Uthaym\u00een, Al-Alb\u00e2n\u00ee, Muqbil et bien d\u2019autres encore&#8230; \u00ab Questions religieuses concernant les femmes \u00bb est une compilation rassemblant les avis religieux des plus grands savants contemporains (Cheikhs Ibn B\u00e2z, Al-&lsquo;Uthaym\u00een, Al-Alb\u00e2n\u00ee, Muqbil, etc.) concernant des th\u00e8mes&hellip;<\/p>\n","protected":false},"featured_media":1142,"template":"","meta":[],"product_brand":[],"product_cat":[25,147,21],"product_tag":[],"class_list":{"0":"post-1141","1":"product","2":"type-product","3":"status-publish","4":"has-post-thumbnail","6":"product_cat-femmes","7":"product_cat-jurisprudence","8":"product_cat-livre","9":"description-off","11":"first","12":"instock","13":"shipping-taxable","14":"purchasable","15":"product-type-simple"},"jetpack_sharing_enabled":true,"_links":{"self":[{"href":"https:\/\/elouedshop.com\/index.php?rest_route=\/wp\/v2\/product\/1141","targetHints":{"allow":["GET"]}}],"collection":[{"href":"https:\/\/elouedshop.com\/index.php?rest_route=\/wp\/v2\/product"}],"about":[{"href":"https:\/\/elouedshop.com\/index.php?rest_route=\/wp\/v2\/types\/product"}],"wp:featuredmedia":[{"embeddable":true,"href":"https:\/\/elouedshop.com\/index.php?rest_route=\/wp\/v2\/media\/1142"}],"wp:attachment":[{"href":"https:\/\/elouedshop.com\/index.php?rest_route=%2Fwp%2Fv2%2Fmedia&parent=1141"}],"wp:term":[{"taxonomy":"product_brand","embeddable":true,"href":"https:\/\/elouedshop.com\/index.php?rest_route=%2Fwp%2Fv2%2Fproduct_brand&post=1141"},{"taxonomy":"product_cat","embeddable":true,"href":"https:\/\/elouedshop.com\/index.php?rest_route=%2Fwp%2Fv2%2Fproduct_cat&post=1141"},{"taxonomy":"product_tag","embeddable":true,"href":"https:\/\/elouedshop.com\/index.php?rest_route=%2Fwp%2Fv2%2Fproduct_tag&post=1141"}],"curies":[{"name":"wp","href":"https:\/\/api.w.org\/{rel}","templated":true}]}}