{"id":11389,"date":"2024-10-08T21:36:33","date_gmt":"2024-10-08T21:36:33","guid":{"rendered":"https:\/\/elouedshop.com\/?post_type=product&#038;p=11389"},"modified":"2025-03-01T11:58:13","modified_gmt":"2025-03-01T11:58:13","slug":"jeu-des-7-familles-sur-les-regles-du-jeune-2","status":"publish","type":"product","link":"https:\/\/elouedshop.com\/?product=jeu-des-7-familles-sur-les-regles-du-jeune-2","title":{"rendered":"Jeu des 7 familles sur les r\u00e8gles du je\u00fbne"},"content":{"rendered":"","protected":false},"excerpt":{"rendered":"<p class=\"cvGsUA direction-ltr align-center para-style-body\"><span class=\"OYPEnA text-decoration-none text-strikethrough-none\">D\u00e9couvrir les r\u00e8gles du Je\u00fbne peut \u00eatre un vrai casse-t\u00eate. Mais avec notre jeu de cartes \u00ab 7 familles \u00bb, vous allez apprendre tout en vous amusant!<\/span><\/p>\n<p class=\"cvGsUA direction-ltr align-center para-style-body\"><span class=\"OYPEnA text-decoration-none text-strikethrough-none\">Votre enfant pourra r\u00e9pondre \u00e0 toutes les questions qu&rsquo;il se pose sur cette pratique religieuse. Quels sont les m\u00e9rites du je\u00fbne ? Quelles sont les conditions \u00e0 respecter ? Comment annuler son je\u00fbne ? Qui est exempt\u00e9 ? Tout cela et bien plus encore dans notre jeu !<\/span><\/p>\n<p class=\"cvGsUA direction-ltr align-center para-style-body\"><span class=\"OYPEnA text-decoration-none text-strikethrough-none\">Il est compos\u00e9 de 50 cartes, max 12cm*8cm chacune, divis\u00e9es en 7 familles. Chaque famille contient 6 cartes sur les m\u00e9rites, les conditions et piliers, les actes pr\u00e9f\u00e9rables et d\u00e9testables, les annulatifs, les personnes exemptes et le je\u00fbne sur\u00e9rogatoire. Le tout est accompagn\u00e9 d&rsquo;une carte explicative pour faciliter la compr\u00e9hension.<\/span><\/p>\n<p class=\"cvGsUA direction-ltr align-center para-style-body\"><span class=\"OYPEnA text-decoration-none text-strikethrough-none\">Un jeu passionnant pour les enfants \u00e0 partir de 6 ans, de 2 \u00e0 6 joueurs, avec une dur\u00e9e moyenne d&rsquo;une partie de 20 minutes. Apprendre le Je\u00fbne n&rsquo;a jamais \u00e9t\u00e9 aussi divertissant !<\/span><\/p>\n","protected":false},"featured_media":6176,"template":"","meta":[],"product_brand":[],"product_cat":[26,225],"product_tag":[],"class_list":{"0":"post-11389","1":"product","2":"type-product","3":"status-publish","4":"has-post-thumbnail","6":"product_cat-jouets-educatifs","7":"product_cat-ramadan","8":"description-off","10":"first","11":"instock","12":"shipping-taxable","13":"purchasable","14":"product-type-simple"},"jetpack_sharing_enabled":true,"_links":{"self":[{"href":"https:\/\/elouedshop.com\/index.php?rest_route=\/wp\/v2\/product\/11389","targetHints":{"allow":["GET"]}}],"collection":[{"href":"https:\/\/elouedshop.com\/index.php?rest_route=\/wp\/v2\/product"}],"about":[{"href":"https:\/\/elouedshop.com\/index.php?rest_route=\/wp\/v2\/types\/product"}],"wp:featuredmedia":[{"embeddable":true,"href":"https:\/\/elouedshop.com\/index.php?rest_route=\/wp\/v2\/media\/6176"}],"wp:attachment":[{"href":"https:\/\/elouedshop.com\/index.php?rest_route=%2Fwp%2Fv2%2Fmedia&parent=11389"}],"wp:term":[{"taxonomy":"product_brand","embeddable":true,"href":"https:\/\/elouedshop.com\/index.php?rest_route=%2Fwp%2Fv2%2Fproduct_brand&post=11389"},{"taxonomy":"product_cat","embeddable":true,"href":"https:\/\/elouedshop.com\/index.php?rest_route=%2Fwp%2Fv2%2Fproduct_cat&post=11389"},{"taxonomy":"product_tag","embeddable":true,"href":"https:\/\/elouedshop.com\/index.php?rest_route=%2Fwp%2Fv2%2Fproduct_tag&post=11389"}],"curies":[{"name":"wp","href":"https:\/\/api.w.org\/{rel}","templated":true}]}}