{"id":11235,"date":"2024-06-01T15:37:14","date_gmt":"2024-06-01T15:37:14","guid":{"rendered":"https:\/\/elouedshop.com\/?post_type=product&#038;p=11235"},"modified":"2024-06-01T15:37:40","modified_gmt":"2024-06-01T15:37:40","slug":"les-secrets-des-adorations-ibn-qudamah","status":"publish","type":"product","link":"https:\/\/elouedshop.com\/?product=les-secrets-des-adorations-ibn-qudamah","title":{"rendered":"Les secrets des adorations &#8211; Ibn Qudamah"},"content":{"rendered":"<p class=\"h6\">Fiche technique<\/p>\n<dl class=\"data-sheet\">\n<dt class=\"name\">Ann\u00e9e<\/dt>\n<dd class=\"value\">2024<\/dd>\n<dt class=\"name\">Nb. Pages<\/dt>\n<dd class=\"value\">126<\/dd>\n<dt class=\"name\">Langue<\/dt>\n<dd class=\"value\">fran\u00e7aise<\/dd>\n<\/dl>\n","protected":false},"excerpt":{"rendered":"<p>Ibn Qudamah a dit :<\/p>\n<p>\u00abTravaille sur l\u2019am\u00e9lioration de ton for int\u00e9rieur. Efforce toi \u00e0 le purifier des d\u00e9fauts tels que la cupidit\u00e9, la jalousie, l\u2019ostentation, la vanit\u00e9, avant de r\u00e9former ton comportement ext\u00e9rieur. Si tu n\u2019as pas encore atteint ce stade, ne t\u2019occupe pas des obligations collectives, car nombreux sont ceux qui s\u2019en chargent.<\/p>\n<p>Celui qui d\u00e9truit sa personne en tentant de r\u00e9former les autres est un sot. Il ressemble \u00e0 celui qui se rend compte que des scorpions s\u2019introduisent dans son v\u00eatement, mais qui s\u2019occupe de chasser les mouches g\u00eanant les autres.<\/p>\n<p>Lorsque tu auras fini de purifier ta personne \u2013 et cet objectif est difficile \u00e0 atteindre ! \u2013, concentre-toi sur les obligations collectives, mais proc\u00e8de de mani\u00e8re progressive. Commence par le Livre d\u2019Allah, puis dirige-toi vers la Sunna de Son Messager (paix et b\u00e9n\u00e9dictions sur lui). \u00bb<\/p>\n","protected":false},"featured_media":11236,"template":"","meta":[],"product_brand":[],"product_cat":[216,21,16],"product_tag":[],"class_list":{"0":"post-11235","1":"product","2":"type-product","3":"status-publish","4":"has-post-thumbnail","6":"product_cat-adoration-ibadat","7":"product_cat-livre","8":"product_cat-non-classe","9":"description-off","11":"first","12":"instock","13":"shipping-taxable","14":"purchasable","15":"product-type-simple"},"jetpack_sharing_enabled":true,"_links":{"self":[{"href":"https:\/\/elouedshop.com\/index.php?rest_route=\/wp\/v2\/product\/11235","targetHints":{"allow":["GET"]}}],"collection":[{"href":"https:\/\/elouedshop.com\/index.php?rest_route=\/wp\/v2\/product"}],"about":[{"href":"https:\/\/elouedshop.com\/index.php?rest_route=\/wp\/v2\/types\/product"}],"wp:featuredmedia":[{"embeddable":true,"href":"https:\/\/elouedshop.com\/index.php?rest_route=\/wp\/v2\/media\/11236"}],"wp:attachment":[{"href":"https:\/\/elouedshop.com\/index.php?rest_route=%2Fwp%2Fv2%2Fmedia&parent=11235"}],"wp:term":[{"taxonomy":"product_brand","embeddable":true,"href":"https:\/\/elouedshop.com\/index.php?rest_route=%2Fwp%2Fv2%2Fproduct_brand&post=11235"},{"taxonomy":"product_cat","embeddable":true,"href":"https:\/\/elouedshop.com\/index.php?rest_route=%2Fwp%2Fv2%2Fproduct_cat&post=11235"},{"taxonomy":"product_tag","embeddable":true,"href":"https:\/\/elouedshop.com\/index.php?rest_route=%2Fwp%2Fv2%2Fproduct_tag&post=11235"}],"curies":[{"name":"wp","href":"https:\/\/api.w.org\/{rel}","templated":true}]}}