{"id":11227,"date":"2024-06-01T15:33:59","date_gmt":"2024-06-01T15:33:59","guid":{"rendered":"https:\/\/elouedshop.com\/?post_type=product&#038;p=11227"},"modified":"2024-06-01T15:34:00","modified_gmt":"2024-06-01T15:34:00","slug":"mon-coran-a-tracer","status":"publish","type":"product","link":"https:\/\/elouedshop.com\/?product=mon-coran-a-tracer","title":{"rendered":"Mon Coran \u00e0 tracer"},"content":{"rendered":"<table border=\"0\" width=\"100%\" cellspacing=\"0\" cellpadding=\"0\">\n<tbody>\n<tr>\n<td align=\"left\"><span style=\"font-family: Verdana, Arial; font-size: small;\"><b>Type de produit :<\/b>\u00a0Livre<br \/>\n<\/span><\/td>\n<\/tr>\n<tr>\n<td align=\"left\"><span style=\"font-family: Verdana, Arial; font-size: small;\"><b>Nombre de pages :<\/b>\u00a0610<br \/>\n<\/span><\/td>\n<\/tr>\n<tr>\n<td align=\"left\"><span style=\"font-family: Verdana, Arial; font-size: small;\"><b>Mod\u00e8le &#8211; Format :<\/b>\u00a024,8 \u00d7 17,7 \u00d7 5 cm &#8211; Cartonn\u00e9, Dorure, Jaspage<br \/>\n<\/span><\/td>\n<\/tr>\n<tr>\n<td align=\"left\"><span style=\"font-family: Verdana, Arial; font-size: small;\"><b>Editeur :<\/b>\u00a0Editions Al Imam<br \/>\n<\/span><\/td>\n<\/tr>\n<tr>\n<td align=\"left\"><span style=\"font-family: Verdana, Arial; font-size: small;\"><b>Langue :<\/b>\u00a0fran\u00e7ais<br \/>\n<\/span><\/td>\n<\/tr>\n<tr>\n<td align=\"left\"><span style=\"font-family: Verdana, Arial; font-size: small;\"><b>ISBN\/EAN :<\/b>\u00a0978-2-493631-12-1<\/span><\/td>\n<\/tr>\n<\/tbody>\n<\/table>\n","protected":false},"excerpt":{"rendered":"<table border=\"0\" width=\"100%\" cellspacing=\"0\" cellpadding=\"0\">\n<tbody>\n<tr>\n<td>\n<table border=\"0\" width=\"100%\">\n<tbody>\n<tr>\n<td>\n<div dir=\"ltr\">\n<p>Mon Coran \u00e0 Tracer\u00a0\u00bb est bien plus qu&rsquo;un simple livre : c&rsquo;est un tr\u00e9sor pour tout \u00e9tudiant ou amoureux du Coran. Avec sa couverture mate aux couleurs pastels et son marquage dorure mat, chaque exemplaire est une \u0153uvre d&rsquo;art unique, enti\u00e8rement dessin\u00e9e \u00e0 la main, conf\u00e9rant une touche d&rsquo;\u00e9l\u00e9gance \u00e0 votre livre de collection.<\/p>\n<p>\u00c0 l&rsquo;int\u00e9rieur, vous d\u00e9couvrirez un contenu riche et vari\u00e9. Chaque page est une invitation \u00e0 l&rsquo;apprentissage et \u00e0 la contemplation. Gr\u00e2ce \u00e0 ses pages en couleur et sa mise en page soign\u00e9e, la lecture devient un v\u00e9ritable plaisir visuel.<\/p>\n<p>Ce livre est con\u00e7u pour accompagner le lecteur dans son parcours d&rsquo;\u00e9tude du Coran. Les pages de tra\u00e7age offrent une aide pr\u00e9cieuse \u00e0 l&rsquo;\u00e9criture, favorisant ainsi une meilleure assimilation du texte sacr\u00e9. De plus, les annexes abordent des sujets essentiels tels que les r\u00e8gles d&rsquo;\u00e9criture du Coran, l&rsquo;histoire de sa compilation et les comportements adab \u00e0 adopter lors de son utilisation, offrant ainsi un \u00e9clairage suppl\u00e9mentaire sur cet ouvrage sacr\u00e9.<\/p>\n<p>Pour faciliter la navigation, une page d&rsquo;index est incluse, permettant aux lecteurs de trouver rapidement les passages qu&rsquo;ils recherchent. De plus, un magnifique jaspage ajoute une touche finale \u00e0 cet ouvrage d&rsquo;exception.<\/p>\n<p>\u00ab\u00a0Mon Coran \u00e0 Tracer\u00a0\u00bb est bien plus qu&rsquo;un livre : c&rsquo;est un compagnon indispensable dans votre qu\u00eate de compr\u00e9hension et de m\u00e9morisation du Coran. Offrez-vous d\u00e8s maintenant ce tr\u00e9sor de sagesse et d&rsquo;inspiration.<\/p>\n<\/div>\n<\/td>\n<\/tr>\n<\/tbody>\n<\/table>\n<\/td>\n<\/tr>\n<\/tbody>\n<\/table>\n","protected":false},"featured_media":11231,"template":"","meta":[],"product_brand":[],"product_cat":[22,38,21],"product_tag":[],"class_list":{"0":"post-11227","1":"product","2":"type-product","3":"status-publish","4":"has-post-thumbnail","6":"product_cat-coran","7":"product_cat-idees-de-cadeaux","8":"product_cat-livre","9":"description-off","11":"first","12":"instock","13":"shipping-taxable","14":"purchasable","15":"product-type-simple"},"jetpack_sharing_enabled":true,"_links":{"self":[{"href":"https:\/\/elouedshop.com\/index.php?rest_route=\/wp\/v2\/product\/11227","targetHints":{"allow":["GET"]}}],"collection":[{"href":"https:\/\/elouedshop.com\/index.php?rest_route=\/wp\/v2\/product"}],"about":[{"href":"https:\/\/elouedshop.com\/index.php?rest_route=\/wp\/v2\/types\/product"}],"wp:featuredmedia":[{"embeddable":true,"href":"https:\/\/elouedshop.com\/index.php?rest_route=\/wp\/v2\/media\/11231"}],"wp:attachment":[{"href":"https:\/\/elouedshop.com\/index.php?rest_route=%2Fwp%2Fv2%2Fmedia&parent=11227"}],"wp:term":[{"taxonomy":"product_brand","embeddable":true,"href":"https:\/\/elouedshop.com\/index.php?rest_route=%2Fwp%2Fv2%2Fproduct_brand&post=11227"},{"taxonomy":"product_cat","embeddable":true,"href":"https:\/\/elouedshop.com\/index.php?rest_route=%2Fwp%2Fv2%2Fproduct_cat&post=11227"},{"taxonomy":"product_tag","embeddable":true,"href":"https:\/\/elouedshop.com\/index.php?rest_route=%2Fwp%2Fv2%2Fproduct_tag&post=11227"}],"curies":[{"name":"wp","href":"https:\/\/api.w.org\/{rel}","templated":true}]}}