{"id":11196,"date":"2024-05-22T11:21:55","date_gmt":"2024-05-22T11:21:55","guid":{"rendered":"https:\/\/elouedshop.com\/?post_type=product&#038;p=11196"},"modified":"2024-05-22T11:21:55","modified_gmt":"2024-05-22T11:21:55","slug":"lexamen-de-lame","status":"publish","type":"product","link":"https:\/\/elouedshop.com\/?product=lexamen-de-lame","title":{"rendered":"L&rsquo;examen de l&rsquo;\u00e2me"},"content":{"rendered":"<table border=\"0\" width=\"100%\" cellspacing=\"0\" cellpadding=\"0\">\n<tbody>\n<tr>\n<td align=\"left\"><span style=\"font-family: Verdana, Arial; font-size: small;\"><b>Auteur :<\/b>\u00a0Ibn Qudamah<br \/>\n<\/span><\/td>\n<\/tr>\n<tr>\n<td align=\"left\"><span style=\"font-family: Verdana, Arial; font-size: small;\"><b>Type de produit :<\/b>\u00a0Livre<br \/>\n<\/span><\/td>\n<\/tr>\n<tr>\n<td align=\"left\"><span style=\"font-family: Verdana, Arial; font-size: small;\"><b>Nombre de pages :<\/b>\u00a0133<br \/>\n<\/span><\/td>\n<\/tr>\n<tr>\n<td align=\"left\"><span style=\"font-family: Verdana, Arial; font-size: small;\"><b>Mod\u00e8le &#8211; Format :<\/b>\u00a012,8 x 19,8 cm<br \/>\n<\/span><\/td>\n<\/tr>\n<tr>\n<td align=\"left\"><span style=\"font-family: Verdana, Arial; font-size: small;\"><b>Editeur :<\/b>\u00a0MuslimLife<br \/>\n<\/span><\/td>\n<\/tr>\n<tr>\n<td align=\"left\"><span style=\"font-family: Verdana, Arial; font-size: small;\"><b>Ann\u00e9e :<\/b>\u00a02024<br \/>\n<\/span><\/td>\n<\/tr>\n<tr>\n<td align=\"left\"><span style=\"font-family: Verdana, Arial; font-size: small;\"><b>Langue :<\/b>\u00a0fran\u00e7ais<br \/>\n<\/span><\/td>\n<\/tr>\n<tr>\n<td align=\"left\"><span style=\"font-family: Verdana, Arial; font-size: small;\"><b>ISBN\/EAN :<\/b>\u00a05430000404921<\/span><\/td>\n<\/tr>\n<\/tbody>\n<\/table>\n","protected":false},"excerpt":{"rendered":"<table border=\"0\" width=\"100%\" cellspacing=\"0\" cellpadding=\"0\">\n<tbody>\n<tr>\n<td>\n<table border=\"0\" width=\"100%\">\n<tbody>\n<tr>\n<td>\n<div dir=\"ltr\">\n<p>Les clairvoyants ont r\u00e9alis\u00e9 que seul l\u2019attachement \u00e0 l\u2019introspection et \u00e0 la vigilance les pr\u00e9servera.<\/p>\n<p>Celui qui aura surveill\u00e9 son \u00e2me ici-bas, l\u00e9gers seront les comptes qu\u2019il devra rendre le Jour dernier. Il sera satisfait du sort qui lui sera r\u00e9serv\u00e9.<\/p>\n<p>Quant \u00e0 celui qui aura fait preuve de n\u00e9gligence, perp\u00e9tuelle sera sa perte.<\/p>\n<p>\u2018Umar a dit : \u00ab Demandez-vous des comptes avant qu\u2019on vous les demande. \u00bb<\/p>\n<p>Al-Hasan a dit : \u00ab Le croyant est celui qui g\u00e8re son \u00e2me en lui demandant des comptes. \u00bb<\/p>\n<p>Le serviteur doit demander des comptes \u00e0 son \u00e2me au sujet de chaque souffle, chaque p\u00e9ch\u00e9, \u00e0 chaque instant.<\/p>\n<\/div>\n<\/td>\n<\/tr>\n<\/tbody>\n<\/table>\n<\/td>\n<\/tr>\n<\/tbody>\n<\/table>\n","protected":false},"featured_media":11197,"template":"","meta":[],"product_brand":[],"product_cat":[151,21,79],"product_tag":[],"class_list":{"0":"post-11196","1":"product","2":"type-product","3":"status-publish","4":"has-post-thumbnail","6":"product_cat-education-spiritualite","7":"product_cat-livre","8":"product_cat-spiritualite","9":"description-off","11":"first","12":"instock","13":"shipping-taxable","14":"purchasable","15":"product-type-simple"},"jetpack_sharing_enabled":true,"_links":{"self":[{"href":"https:\/\/elouedshop.com\/index.php?rest_route=\/wp\/v2\/product\/11196","targetHints":{"allow":["GET"]}}],"collection":[{"href":"https:\/\/elouedshop.com\/index.php?rest_route=\/wp\/v2\/product"}],"about":[{"href":"https:\/\/elouedshop.com\/index.php?rest_route=\/wp\/v2\/types\/product"}],"wp:featuredmedia":[{"embeddable":true,"href":"https:\/\/elouedshop.com\/index.php?rest_route=\/wp\/v2\/media\/11197"}],"wp:attachment":[{"href":"https:\/\/elouedshop.com\/index.php?rest_route=%2Fwp%2Fv2%2Fmedia&parent=11196"}],"wp:term":[{"taxonomy":"product_brand","embeddable":true,"href":"https:\/\/elouedshop.com\/index.php?rest_route=%2Fwp%2Fv2%2Fproduct_brand&post=11196"},{"taxonomy":"product_cat","embeddable":true,"href":"https:\/\/elouedshop.com\/index.php?rest_route=%2Fwp%2Fv2%2Fproduct_cat&post=11196"},{"taxonomy":"product_tag","embeddable":true,"href":"https:\/\/elouedshop.com\/index.php?rest_route=%2Fwp%2Fv2%2Fproduct_tag&post=11196"}],"curies":[{"name":"wp","href":"https:\/\/api.w.org\/{rel}","templated":true}]}}