{"id":11194,"date":"2024-05-22T11:17:22","date_gmt":"2024-05-22T11:17:22","guid":{"rendered":"https:\/\/elouedshop.com\/?post_type=product&#038;p=11194"},"modified":"2024-05-22T11:17:22","modified_gmt":"2024-05-22T11:17:22","slug":"le-bon-comportement-en-islam","status":"publish","type":"product","link":"https:\/\/elouedshop.com\/?product=le-bon-comportement-en-islam","title":{"rendered":"Le bon comportement en Islam"},"content":{"rendered":"<table border=\"0\" width=\"100%\" cellspacing=\"0\" cellpadding=\"0\">\n<tbody>\n<tr>\n<td align=\"left\"><span style=\"font-family: Verdana, Arial; font-size: small;\"><b>Auteur :<\/b>\u00a0Ibn Baz<br \/>\n<\/span><\/td>\n<\/tr>\n<tr>\n<td align=\"left\"><span style=\"font-family: Verdana, Arial; font-size: small;\"><b>Type de produit :<\/b>\u00a0Livre<br \/>\n<\/span><\/td>\n<\/tr>\n<tr>\n<td align=\"left\"><span style=\"font-family: Verdana, Arial; font-size: small;\"><b>Nombre de pages :<\/b>\u00a0159<br \/>\n<\/span><\/td>\n<\/tr>\n<tr>\n<td align=\"left\"><span style=\"font-family: Verdana, Arial; font-size: small;\"><b>Mod\u00e8le &#8211; Format :<\/b>\u00a012.85 x 19.84 cm<br \/>\n<\/span><\/td>\n<\/tr>\n<tr>\n<td align=\"left\"><span style=\"font-family: Verdana, Arial; font-size: small;\"><b>Editeur :<\/b>\u00a0MuslimLife<br \/>\n<\/span><\/td>\n<\/tr>\n<tr>\n<td align=\"left\"><span style=\"font-family: Verdana, Arial; font-size: small;\"><b>Ann\u00e9e :<\/b>\u00a02024<br \/>\n<\/span><\/td>\n<\/tr>\n<tr>\n<td align=\"left\"><span style=\"font-family: Verdana, Arial; font-size: small;\"><b>Langue :<\/b>\u00a0fran\u00e7ais<br \/>\n<\/span><\/td>\n<\/tr>\n<tr>\n<td align=\"left\"><span style=\"font-family: Verdana, Arial; font-size: small;\"><b>ISBN\/EAN :<\/b>\u00a09781952608407<\/span><\/td>\n<\/tr>\n<\/tbody>\n<\/table>\n","protected":false},"excerpt":{"rendered":"<p>Le bon comportement est synonyme de r\u00e9ussite et de bonheur, ici-bas comme dans l\u2019au-del\u00e0. Il n\u2019y a rien de meilleur pour attirer les bienfaits et pour repousser les maux. Son importance est donc capitale et son m\u00e9rite, cons\u00e9quent. Lorsque le Proph\u00e8te \u2013 paix et b\u00e9n\u00e9dictions d\u2019Allah sur lui \u2013 a \u00e9t\u00e9 questionn\u00e9 au sujet de la plus grande cause d\u2019entr\u00e9e des gens au Paradis, il a r\u00e9pondu : \u00ab La crainte d\u2019Allah et le bon comportement.\u00bb Il a dit aussi : \u00abCeux que j\u2019aime le plus et qui seront le plus proches de moi le Jour Dernier sont ceux d\u2019entre vous qui ont le meilleur comportement. \u00bb \u00c9galement : \u00ab J\u2019ai \u00e9t\u00e9 envoy\u00e9 afin de parfaire les bons caract\u00e8res.\u00bb Nombreux sont les hadiths qui t\u00e9moignent du m\u00e9rite des bons caract\u00e8res, de leurs bienfaits et des fruits qu\u2019on en r\u00e9colte ici-bas et dans l\u2019au-del\u00e0.<\/p>\n","protected":false},"featured_media":11195,"template":"","meta":[],"product_brand":[],"product_cat":[44,21],"product_tag":[],"class_list":{"0":"post-11194","1":"product","2":"type-product","3":"status-publish","4":"has-post-thumbnail","6":"product_cat-ethique-education","7":"product_cat-livre","8":"description-off","10":"first","11":"instock","12":"shipping-taxable","13":"purchasable","14":"product-type-simple"},"jetpack_sharing_enabled":true,"_links":{"self":[{"href":"https:\/\/elouedshop.com\/index.php?rest_route=\/wp\/v2\/product\/11194","targetHints":{"allow":["GET"]}}],"collection":[{"href":"https:\/\/elouedshop.com\/index.php?rest_route=\/wp\/v2\/product"}],"about":[{"href":"https:\/\/elouedshop.com\/index.php?rest_route=\/wp\/v2\/types\/product"}],"wp:featuredmedia":[{"embeddable":true,"href":"https:\/\/elouedshop.com\/index.php?rest_route=\/wp\/v2\/media\/11195"}],"wp:attachment":[{"href":"https:\/\/elouedshop.com\/index.php?rest_route=%2Fwp%2Fv2%2Fmedia&parent=11194"}],"wp:term":[{"taxonomy":"product_brand","embeddable":true,"href":"https:\/\/elouedshop.com\/index.php?rest_route=%2Fwp%2Fv2%2Fproduct_brand&post=11194"},{"taxonomy":"product_cat","embeddable":true,"href":"https:\/\/elouedshop.com\/index.php?rest_route=%2Fwp%2Fv2%2Fproduct_cat&post=11194"},{"taxonomy":"product_tag","embeddable":true,"href":"https:\/\/elouedshop.com\/index.php?rest_route=%2Fwp%2Fv2%2Fproduct_tag&post=11194"}],"curies":[{"name":"wp","href":"https:\/\/api.w.org\/{rel}","templated":true}]}}