{"id":1076,"date":"2023-06-28T14:24:10","date_gmt":"2023-06-28T14:24:10","guid":{"rendered":"https:\/\/elouedshop.com\/?post_type=product&#038;p=1076"},"modified":"2023-10-08T20:44:54","modified_gmt":"2023-10-08T20:44:54","slug":"femmes-eternelles","status":"publish","type":"product","link":"https:\/\/elouedshop.com\/?product=femmes-eternelles","title":{"rendered":"Femmes \u00e9ternelles"},"content":{"rendered":"<p>R\u00e9cits des femmes c\u00e9l\u00e8bres cit\u00e9es dans le Coran ou qui ont marqu\u00e9 l&rsquo;histoire&#8230;<\/p>\n<p>L&rsquo;islam a honor\u00e9 la femme, lui a rendu hommage et justice, et a recommand\u00e9 \u00e0 l&rsquo;homme de bien la traiter. Il la consid\u00e8re \u00e9galement comme son \u00e9gale dans l&rsquo;accomplissement des rites et les comportements avec autrui, de m\u00eame que son alli\u00e9e dans la prise en charge de l&rsquo;\u00e9ducation des enfants et l&rsquo;\u00e9dification des g\u00e9n\u00e9rations.<\/p>\n<p>Pour constater toute la consid\u00e9ration que voue l&rsquo;islam \u00e0 la femme, il convient de remettre \u00e0 l&rsquo;honneur &#8211; \u00e0 travers ce livre &#8211; ces personnalit\u00e9s qui ont jou\u00e9 un r\u00f4le important dans l&rsquo;essor fulgurant de l&rsquo;islam.<\/p>\n<p>L&rsquo;objectif \u00e9tant de dresser les portraits de ces femmes extraordinaires qui ont eu une influence m\u00e9morable sur la communaut\u00e9 et d&rsquo;inciter les femmes musulmanes \u00e0 se parer des qualit\u00e9s des croyantes qu&rsquo;Allah a lou\u00e9es dans Son Livre, comme \u00c2sya la femme de Fir\u2018awn, Maryam fille de \u2018Imr\u00e2n et Bilq\u00ees reine de Saba&rsquo;, ou comme les m\u00e8res des croyants et les filles du Proph\u00e8te \ufdfa, ainsi que les Sah\u00e2biyy\u00e2t et d&rsquo;autres c\u00e9l\u00e8bres personnalit\u00e9s historiques de l&rsquo;islam telles qu\u2019Al-Khans\u00e2\u2019 et R\u00e2bi\u2018a Al-\u2018Adawiyya.<\/p>\n","protected":false},"excerpt":{"rendered":"<p>R\u00e9cits des femmes c\u00e9l\u00e8bres cit\u00e9es dans le Coran ou qui ont marqu\u00e9 l&rsquo;histoire&#8230; L&rsquo;islam a honor\u00e9 la femme, lui a rendu hommage et justice, et a recommand\u00e9 \u00e0 l&rsquo;homme de bien la traiter. Il la consid\u00e8re \u00e9galement comme son \u00e9gale dans l&rsquo;accomplissement des rites et les comportements avec autrui, de m\u00eame que son alli\u00e9e dans&hellip;<\/p>\n","protected":false},"featured_media":1080,"template":"","meta":[],"product_brand":[],"product_cat":[25,21,71],"product_tag":[],"class_list":{"0":"post-1076","1":"product","2":"type-product","3":"status-publish","4":"has-post-thumbnail","6":"product_cat-femmes","7":"product_cat-livre","8":"product_cat-personnages-illustres","9":"description-off","11":"first","12":"instock","13":"shipping-taxable","14":"purchasable","15":"product-type-simple"},"jetpack_sharing_enabled":true,"_links":{"self":[{"href":"https:\/\/elouedshop.com\/index.php?rest_route=\/wp\/v2\/product\/1076","targetHints":{"allow":["GET"]}}],"collection":[{"href":"https:\/\/elouedshop.com\/index.php?rest_route=\/wp\/v2\/product"}],"about":[{"href":"https:\/\/elouedshop.com\/index.php?rest_route=\/wp\/v2\/types\/product"}],"wp:featuredmedia":[{"embeddable":true,"href":"https:\/\/elouedshop.com\/index.php?rest_route=\/wp\/v2\/media\/1080"}],"wp:attachment":[{"href":"https:\/\/elouedshop.com\/index.php?rest_route=%2Fwp%2Fv2%2Fmedia&parent=1076"}],"wp:term":[{"taxonomy":"product_brand","embeddable":true,"href":"https:\/\/elouedshop.com\/index.php?rest_route=%2Fwp%2Fv2%2Fproduct_brand&post=1076"},{"taxonomy":"product_cat","embeddable":true,"href":"https:\/\/elouedshop.com\/index.php?rest_route=%2Fwp%2Fv2%2Fproduct_cat&post=1076"},{"taxonomy":"product_tag","embeddable":true,"href":"https:\/\/elouedshop.com\/index.php?rest_route=%2Fwp%2Fv2%2Fproduct_tag&post=1076"}],"curies":[{"name":"wp","href":"https:\/\/api.w.org\/{rel}","templated":true}]}}