{"id":10600,"date":"2024-03-26T21:40:32","date_gmt":"2024-03-26T21:40:32","guid":{"rendered":"https:\/\/elouedshop.com\/produit\/jeu-des-7-familles-sur-les-regles-de-la-priere"},"modified":"2025-01-02T16:25:27","modified_gmt":"2025-01-02T16:25:27","slug":"jeu-des-7-familles-sur-les-regles-de-la-priere","status":"publish","type":"product","link":"https:\/\/elouedshop.com\/?product=jeu-des-7-familles-sur-les-regles-de-la-priere","title":{"rendered":"Jeu des 7 familles sur les r\u00e8gles de la pri\u00e8re"},"content":{"rendered":"<p style=\"margin-top: 0px;margin-bottom: 1rem;font-size: 14px;font-weight: 400;font-family: Inter, sans-serif;font-style: normal;text-decoration: none;text-transform: none;line-height: inherit !important;letter-spacing: normal;text-align: start;text-indent: 0px\"><b style=\"font-weight: bolder\">Apprendre les r\u00e8gles de la pri\u00e8re en s\u2019amusant avec notre jeu de cartes des 7 familles ludique et enrichissant.<\/b><\/p>\n<p style=\"margin-top: 0px;margin-bottom: 1rem;font-size: 14px;font-weight: 400;font-family: Inter, sans-serif;font-style: normal;text-decoration: none;text-transform: none;line-height: inherit !important;letter-spacing: normal;text-align: start;text-indent: 0px\">Quelles sont les conditions de validit\u00e9 de la pri\u00e8re ? Quels actes sont obligatoires durant ma pri\u00e8re afin qu\u2019elle soit valide ? Quels actes annulent ma pri\u00e8re ? Autant de questions auxquelles votre enfant trouvera des r\u00e9ponses dans ce jeu.<\/p>\n<p style=\"margin-top: 0px;margin-bottom: 1rem;font-size: 14px;font-weight: 400;font-family: Inter, sans-serif;font-style: normal;text-decoration: none;text-transform: none;line-height: inherit !important;letter-spacing: normal;text-align: start;text-indent: 0px\">Ce jeu est compos\u00e9 de 50 cartes:<\/p>\n<p style=\"margin-top: 0px;margin-bottom: 1rem;font-size: 14px;font-weight: 400;font-family: Inter, sans-serif;font-style: normal;text-decoration: none;text-transform: none;line-height: inherit !important;letter-spacing: normal;text-align: start;text-indent: 0px\">Retrouvez les 7 familles suivantes compos\u00e9es chacune de 6 cartes :<\/p>\n<ul style=\"margin-top: 0px;margin-bottom: 1rem;padding-left: 15px;color: var(--text-color);font-family: var(--text-font);font-weight: 400;font-size: var(--text-font-size);font-style: normal;text-decoration: none;text-transform: none;padding-top: revert;padding-right: revert;padding-bottom: revert;letter-spacing: normal;text-align: start;text-indent: 0px\">\n<li style=\"color: var(--text-color);font-family: var(--text-font);font-weight: var(--text-font-weight);font-size: var(--text-font-size);font-style: var(--text-style);text-decoration: var(--text-decoration);text-transform: var(--text-transform)\">Les conditions de la pri\u00e8re<\/li>\n<li style=\"color: var(--text-color);font-family: var(--text-font);font-weight: var(--text-font-weight);font-size: var(--text-font-size);font-style: var(--text-style);text-decoration: var(--text-decoration);text-transform: var(--text-transform)\">Les piliers de la pri\u00e8re<\/li>\n<li style=\"color: var(--text-color);font-family: var(--text-font);font-weight: var(--text-font-weight);font-size: var(--text-font-size);font-style: var(--text-style);text-decoration: var(--text-decoration);text-transform: var(--text-transform)\">Les sunan de la pri\u00e8re<\/li>\n<li style=\"color: var(--text-color);font-family: var(--text-font);font-weight: var(--text-font-weight);font-size: var(--text-font-size);font-style: var(--text-style);text-decoration: var(--text-decoration);text-transform: var(--text-transform)\">Les actes pr\u00e9f\u00e9rables de la pri\u00e8re<\/li>\n<li style=\"color: var(--text-color);font-family: var(--text-font);font-weight: var(--text-font-weight);font-size: var(--text-font-size);font-style: var(--text-style);text-decoration: var(--text-decoration);text-transform: var(--text-transform)\">Les actes d\u00e9testables au cours de la pri\u00e8re<\/li>\n<li style=\"color: var(--text-color);font-family: var(--text-font);font-weight: var(--text-font-weight);font-size: var(--text-font-size);font-style: var(--text-style);text-decoration: var(--text-decoration);text-transform: var(--text-transform)\">Les annulatifs de la pri\u00e8res<\/li>\n<li style=\"color: var(--text-color);font-family: var(--text-font);font-weight: var(--text-font-weight);font-size: var(--text-font-size);font-style: var(--text-style);text-decoration: var(--text-decoration);text-transform: var(--text-transform)\">Les pri\u00e8res sur\u00e9rogatoires<\/li>\n<\/ul>\n","protected":false},"excerpt":{"rendered":"<p>Apprendre les r\u00e8gles de la pri\u00e8re en s\u2019amusant avec notre jeu de cartes des 7 familles ludique et enrichissant. Quelles sont les conditions de validit\u00e9 de la pri\u00e8re ? Quels actes sont obligatoires durant ma pri\u00e8re afin qu\u2019elle soit valide ? Quels actes annulent ma pri\u00e8re ? Autant de questions auxquelles votre enfant trouvera des&hellip;<\/p>\n","protected":false},"featured_media":10599,"template":"","meta":[],"product_brand":[],"product_cat":[26],"product_tag":[],"class_list":{"0":"post-10600","1":"product","2":"type-product","3":"status-publish","4":"has-post-thumbnail","6":"product_cat-jouets-educatifs","7":"description-off","9":"first","10":"instock","11":"shipping-taxable","12":"purchasable","13":"product-type-simple"},"jetpack_sharing_enabled":true,"_links":{"self":[{"href":"https:\/\/elouedshop.com\/index.php?rest_route=\/wp\/v2\/product\/10600","targetHints":{"allow":["GET"]}}],"collection":[{"href":"https:\/\/elouedshop.com\/index.php?rest_route=\/wp\/v2\/product"}],"about":[{"href":"https:\/\/elouedshop.com\/index.php?rest_route=\/wp\/v2\/types\/product"}],"wp:featuredmedia":[{"embeddable":true,"href":"https:\/\/elouedshop.com\/index.php?rest_route=\/wp\/v2\/media\/10599"}],"wp:attachment":[{"href":"https:\/\/elouedshop.com\/index.php?rest_route=%2Fwp%2Fv2%2Fmedia&parent=10600"}],"wp:term":[{"taxonomy":"product_brand","embeddable":true,"href":"https:\/\/elouedshop.com\/index.php?rest_route=%2Fwp%2Fv2%2Fproduct_brand&post=10600"},{"taxonomy":"product_cat","embeddable":true,"href":"https:\/\/elouedshop.com\/index.php?rest_route=%2Fwp%2Fv2%2Fproduct_cat&post=10600"},{"taxonomy":"product_tag","embeddable":true,"href":"https:\/\/elouedshop.com\/index.php?rest_route=%2Fwp%2Fv2%2Fproduct_tag&post=10600"}],"curies":[{"name":"wp","href":"https:\/\/api.w.org\/{rel}","templated":true}]}}