{"id":10534,"date":"2024-03-21T17:12:24","date_gmt":"2024-03-21T17:12:24","guid":{"rendered":"https:\/\/elouedshop.com\/?post_type=product&#038;p=10534"},"modified":"2024-03-21T17:12:25","modified_gmt":"2024-03-21T17:12:25","slug":"cest-qui-amina-et-halima","status":"publish","type":"product","link":"https:\/\/elouedshop.com\/?product=cest-qui-amina-et-halima","title":{"rendered":"C&rsquo;est qui Amina et Halima?"},"content":{"rendered":"<table class=\"ce-product-features\">\n<tbody>\n<tr class=\"ce-product-features__row\">\n<th class=\"ce-product-features__label\">Ann\u00e9e<\/th>\n<td class=\"ce-product-features__value\">2021<\/td>\n<\/tr>\n<tr class=\"ce-product-features__row\">\n<th class=\"ce-product-features__label\">EAN-13<\/th>\n<td class=\"ce-product-features__value\">9791022505833<\/td>\n<\/tr>\n<tr class=\"ce-product-features__row\">\n<th class=\"ce-product-features__label\">Nb. Pages<\/th>\n<td class=\"ce-product-features__value\">48<\/td>\n<\/tr>\n<\/tbody>\n<\/table>\n","protected":false},"excerpt":{"rendered":"<p>Apprendre \u00e0 conna\u00eetre les deux personnalit\u00e9s f\u00e9minines qui ont donn\u00e9 naissance et ont \u00e9duqu\u00e9 le Proph\u00e8te de l\u2019islam ouvre n\u00e9cessairement de nouveaux horizons \u00e0 toute personne d\u00e9sireuse de d\u00e9couvrir la vie de Muhammad, celui dont les influx spirituels demeurent plus que rayonnants, encore aujourd\u2019hui.<\/p>\n","protected":false},"featured_media":10535,"template":"","meta":[],"product_brand":[],"product_cat":[24,21,70],"product_tag":[],"class_list":{"0":"post-10534","1":"product","2":"type-product","3":"status-publish","4":"has-post-thumbnail","6":"product_cat-enfants","7":"product_cat-livre","8":"product_cat-vie-du-prophete-saw","9":"description-off","11":"first","12":"instock","13":"shipping-taxable","14":"purchasable","15":"product-type-simple"},"jetpack_sharing_enabled":true,"_links":{"self":[{"href":"https:\/\/elouedshop.com\/index.php?rest_route=\/wp\/v2\/product\/10534","targetHints":{"allow":["GET"]}}],"collection":[{"href":"https:\/\/elouedshop.com\/index.php?rest_route=\/wp\/v2\/product"}],"about":[{"href":"https:\/\/elouedshop.com\/index.php?rest_route=\/wp\/v2\/types\/product"}],"wp:featuredmedia":[{"embeddable":true,"href":"https:\/\/elouedshop.com\/index.php?rest_route=\/wp\/v2\/media\/10535"}],"wp:attachment":[{"href":"https:\/\/elouedshop.com\/index.php?rest_route=%2Fwp%2Fv2%2Fmedia&parent=10534"}],"wp:term":[{"taxonomy":"product_brand","embeddable":true,"href":"https:\/\/elouedshop.com\/index.php?rest_route=%2Fwp%2Fv2%2Fproduct_brand&post=10534"},{"taxonomy":"product_cat","embeddable":true,"href":"https:\/\/elouedshop.com\/index.php?rest_route=%2Fwp%2Fv2%2Fproduct_cat&post=10534"},{"taxonomy":"product_tag","embeddable":true,"href":"https:\/\/elouedshop.com\/index.php?rest_route=%2Fwp%2Fv2%2Fproduct_tag&post=10534"}],"curies":[{"name":"wp","href":"https:\/\/api.w.org\/{rel}","templated":true}]}}