{"id":10532,"date":"2024-03-21T16:59:46","date_gmt":"2024-03-21T16:59:46","guid":{"rendered":"https:\/\/elouedshop.com\/?post_type=product&#038;p=10532"},"modified":"2024-03-21T17:00:11","modified_gmt":"2024-03-21T17:00:11","slug":"cest-qui-bilal-ibn-rabah","status":"publish","type":"product","link":"https:\/\/elouedshop.com\/?product=cest-qui-bilal-ibn-rabah","title":{"rendered":"C\u2019est qui Bilal Ibn Rabah ?"},"content":{"rendered":"","protected":false},"excerpt":{"rendered":"<p>Grand compagnon du Proph\u00e8te \ufdfa, Bil\u00e2l ibn Rabah \u00e9tait un esclave. Il a tout de suite cru au message de Muhammad \ufdfa, et malgr\u00e9 toutes les souffrances qu\u2019il a endur\u00e9es, il a toujours affirm\u00e9 que Dieu est Unique et que Muhammad \ufdfa est Son messager. Il fut le premier \u00e0 faire l\u2019Appel \u00e0 la pri\u00e8re (al-Adh\u00e2n).<\/p>\n","protected":false},"featured_media":7432,"template":"","meta":[],"product_brand":[],"product_cat":[39,66,24,68,53,59,21],"product_tag":[],"class_list":{"0":"post-10532","1":"product","2":"type-product","3":"status-publish","4":"has-post-thumbnail","6":"product_cat-bebe-3ans","7":"product_cat-compagnons","8":"product_cat-enfants","9":"product_cat-histoires-prophetes","10":"product_cat-la-vie-du-prophete","11":"product_cat-les-recits-des-prophetes","12":"product_cat-livre","13":"description-off","15":"first","16":"instock","17":"shipping-taxable","18":"purchasable","19":"product-type-simple"},"jetpack_sharing_enabled":true,"_links":{"self":[{"href":"https:\/\/elouedshop.com\/index.php?rest_route=\/wp\/v2\/product\/10532","targetHints":{"allow":["GET"]}}],"collection":[{"href":"https:\/\/elouedshop.com\/index.php?rest_route=\/wp\/v2\/product"}],"about":[{"href":"https:\/\/elouedshop.com\/index.php?rest_route=\/wp\/v2\/types\/product"}],"wp:featuredmedia":[{"embeddable":true,"href":"https:\/\/elouedshop.com\/index.php?rest_route=\/wp\/v2\/media\/7432"}],"wp:attachment":[{"href":"https:\/\/elouedshop.com\/index.php?rest_route=%2Fwp%2Fv2%2Fmedia&parent=10532"}],"wp:term":[{"taxonomy":"product_brand","embeddable":true,"href":"https:\/\/elouedshop.com\/index.php?rest_route=%2Fwp%2Fv2%2Fproduct_brand&post=10532"},{"taxonomy":"product_cat","embeddable":true,"href":"https:\/\/elouedshop.com\/index.php?rest_route=%2Fwp%2Fv2%2Fproduct_cat&post=10532"},{"taxonomy":"product_tag","embeddable":true,"href":"https:\/\/elouedshop.com\/index.php?rest_route=%2Fwp%2Fv2%2Fproduct_tag&post=10532"}],"curies":[{"name":"wp","href":"https:\/\/api.w.org\/{rel}","templated":true}]}}