{"id":10527,"date":"2024-03-21T16:47:45","date_gmt":"2024-03-21T16:47:45","guid":{"rendered":"https:\/\/elouedshop.com\/?post_type=product&#038;p=10527"},"modified":"2025-01-10T14:46:55","modified_gmt":"2025-01-10T14:46:55","slug":"pack-special-ramadan","status":"publish","type":"product","link":"https:\/\/elouedshop.com\/?product=pack-special-ramadan","title":{"rendered":"Pack sp\u00e9cial Ramadan"},"content":{"rendered":"<p>Pack sp\u00e9cial Ramadan :<\/p>\n<p>&#8211; Le jeune du Ramadan comme l&rsquo;a enseign\u00e9 le Proph\u00e8te<\/p>\n<p>&#8211; Le jeune en Islam<\/p>\n<p>&#8211; Les assises du mois de Ramadan<\/p>\n<p>&#8211; Les sagesses du jeune<\/p>\n","protected":false},"excerpt":{"rendered":"<p>Pack sp\u00e9cial Ramadan : &#8211; Le jeune du Ramadan comme l&rsquo;a enseign\u00e9 le Proph\u00e8te &#8211; Le jeune en Islam &#8211; Les assises du mois de Ramadan &#8211; Les sagesses du jeune<\/p>\n","protected":false},"featured_media":6653,"template":"","meta":[],"product_brand":[],"product_cat":[47,38,140,21,16,177,48,187,225,79],"product_tag":[],"class_list":{"0":"post-10527","1":"product","2":"type-product","3":"status-publish","4":"has-post-thumbnail","6":"product_cat-comprendre-lislam","7":"product_cat-idees-de-cadeaux","8":"product_cat-jeune-ramadan","9":"product_cat-livre","10":"product_cat-non-classe","11":"product_cat-pack-cadeaux","12":"product_cat-pratique-religieuse","13":"product_cat-pratiques-religieuse","14":"product_cat-ramadan","15":"product_cat-spiritualite","16":"description-off","18":"first","19":"outofstock","20":"sale","21":"shipping-taxable","22":"purchasable","23":"product-type-simple"},"jetpack_sharing_enabled":true,"_links":{"self":[{"href":"https:\/\/elouedshop.com\/index.php?rest_route=\/wp\/v2\/product\/10527","targetHints":{"allow":["GET"]}}],"collection":[{"href":"https:\/\/elouedshop.com\/index.php?rest_route=\/wp\/v2\/product"}],"about":[{"href":"https:\/\/elouedshop.com\/index.php?rest_route=\/wp\/v2\/types\/product"}],"wp:featuredmedia":[{"embeddable":true,"href":"https:\/\/elouedshop.com\/index.php?rest_route=\/wp\/v2\/media\/6653"}],"wp:attachment":[{"href":"https:\/\/elouedshop.com\/index.php?rest_route=%2Fwp%2Fv2%2Fmedia&parent=10527"}],"wp:term":[{"taxonomy":"product_brand","embeddable":true,"href":"https:\/\/elouedshop.com\/index.php?rest_route=%2Fwp%2Fv2%2Fproduct_brand&post=10527"},{"taxonomy":"product_cat","embeddable":true,"href":"https:\/\/elouedshop.com\/index.php?rest_route=%2Fwp%2Fv2%2Fproduct_cat&post=10527"},{"taxonomy":"product_tag","embeddable":true,"href":"https:\/\/elouedshop.com\/index.php?rest_route=%2Fwp%2Fv2%2Fproduct_tag&post=10527"}],"curies":[{"name":"wp","href":"https:\/\/api.w.org\/{rel}","templated":true}]}}