{"id":10512,"date":"2024-03-21T07:20:19","date_gmt":"2024-03-21T07:20:19","guid":{"rendered":"https:\/\/elouedshop.com\/?post_type=product&#038;p=10512"},"modified":"2025-01-03T00:18:25","modified_gmt":"2025-01-03T00:18:25","slug":"cest-quoi-ramadan","status":"publish","type":"product","link":"https:\/\/elouedshop.com\/?product=cest-quoi-ramadan","title":{"rendered":"C&rsquo;est quoi ramadan ?"},"content":{"rendered":"","protected":false},"excerpt":{"rendered":"<p><span class=\"OYPEnA text-decoration-none text-strikethrough-none\">Vous cherchez un moyen amusant pour expliquer le Mois Sacr\u00e9 de Ramadan \u00e0 vos petits ? Ne cherchez plus ! Suivez-nous dans la classe de Ma\u00eetresse Salima, o\u00f9 les enfants sont ravis d\u2019apprendre tout sur ce sujet passionnant. Venez vite, la porte est grande ouverte !<\/span><\/p>\n","protected":false},"featured_media":9670,"template":"","meta":[],"product_brand":[],"product_cat":[39,47,181,24,21,225],"product_tag":[],"class_list":{"0":"post-10512","1":"product","2":"type-product","3":"status-publish","4":"has-post-thumbnail","6":"product_cat-bebe-3ans","7":"product_cat-comprendre-lislam","8":"product_cat-education-religieuse","9":"product_cat-enfants","10":"product_cat-livre","11":"product_cat-ramadan","12":"description-off","14":"first","15":"instock","16":"shipping-taxable","17":"purchasable","18":"product-type-simple"},"jetpack_sharing_enabled":true,"_links":{"self":[{"href":"https:\/\/elouedshop.com\/index.php?rest_route=\/wp\/v2\/product\/10512","targetHints":{"allow":["GET"]}}],"collection":[{"href":"https:\/\/elouedshop.com\/index.php?rest_route=\/wp\/v2\/product"}],"about":[{"href":"https:\/\/elouedshop.com\/index.php?rest_route=\/wp\/v2\/types\/product"}],"wp:featuredmedia":[{"embeddable":true,"href":"https:\/\/elouedshop.com\/index.php?rest_route=\/wp\/v2\/media\/9670"}],"wp:attachment":[{"href":"https:\/\/elouedshop.com\/index.php?rest_route=%2Fwp%2Fv2%2Fmedia&parent=10512"}],"wp:term":[{"taxonomy":"product_brand","embeddable":true,"href":"https:\/\/elouedshop.com\/index.php?rest_route=%2Fwp%2Fv2%2Fproduct_brand&post=10512"},{"taxonomy":"product_cat","embeddable":true,"href":"https:\/\/elouedshop.com\/index.php?rest_route=%2Fwp%2Fv2%2Fproduct_cat&post=10512"},{"taxonomy":"product_tag","embeddable":true,"href":"https:\/\/elouedshop.com\/index.php?rest_route=%2Fwp%2Fv2%2Fproduct_tag&post=10512"}],"curies":[{"name":"wp","href":"https:\/\/api.w.org\/{rel}","templated":true}]}}