{"id":10510,"date":"2024-03-21T07:19:49","date_gmt":"2024-03-21T07:19:49","guid":{"rendered":"https:\/\/elouedshop.com\/?post_type=product&#038;p=10510"},"modified":"2024-03-21T07:20:40","modified_gmt":"2024-03-21T07:20:40","slug":"cest-qui-othman-ibn-affan","status":"publish","type":"product","link":"https:\/\/elouedshop.com\/?product=cest-qui-othman-ibn-affan","title":{"rendered":"C&rsquo;est qui Othm\u00e2n ibn Aff\u00e2n ?"},"content":{"rendered":"<table class=\"ce-product-features\">\n<tbody>\n<tr class=\"ce-product-features__row\">\n<th class=\"ce-product-features__label\">Nb. Pages<\/th>\n<td class=\"ce-product-features__value\">48<\/td>\n<\/tr>\n<tr class=\"ce-product-features__row\">\n<th class=\"ce-product-features__label\">Langue<\/th>\n<td class=\"ce-product-features__value\">fran\u00e7aise<\/td>\n<\/tr>\n<tr class=\"ce-product-features__row\">\n<th class=\"ce-product-features__label\">Auteur<\/th>\n<td class=\"ce-product-features__value\">Ir\u00e8ne Rekad<\/td>\n<\/tr>\n<\/tbody>\n<\/table>\n","protected":false},"excerpt":{"rendered":"<p>Grand compagnon du Proph\u00e8te (saw) et troisi\u00e8me calife de l\u2019islam, Othm\u00e2n ibn Affan (ra) est c\u00e9l\u00e8bre pour sa grande g\u00e9n\u00e9rosit\u00e9. Il a soutenu Muhammad (saw) dans les moments les plus difficiles.<\/p>\n<p>Sais-tu pourquoi on le nomme l\u2019homme aux deux lumi\u00e8res ?<\/p>\n","protected":false},"featured_media":9763,"template":"","meta":[],"product_brand":[],"product_cat":[66,24,21,70],"product_tag":[],"class_list":{"0":"post-10510","1":"product","2":"type-product","3":"status-publish","4":"has-post-thumbnail","6":"product_cat-compagnons","7":"product_cat-enfants","8":"product_cat-livre","9":"product_cat-vie-du-prophete-saw","10":"description-off","12":"first","13":"instock","14":"shipping-taxable","15":"purchasable","16":"product-type-simple"},"jetpack_sharing_enabled":true,"_links":{"self":[{"href":"https:\/\/elouedshop.com\/index.php?rest_route=\/wp\/v2\/product\/10510","targetHints":{"allow":["GET"]}}],"collection":[{"href":"https:\/\/elouedshop.com\/index.php?rest_route=\/wp\/v2\/product"}],"about":[{"href":"https:\/\/elouedshop.com\/index.php?rest_route=\/wp\/v2\/types\/product"}],"wp:featuredmedia":[{"embeddable":true,"href":"https:\/\/elouedshop.com\/index.php?rest_route=\/wp\/v2\/media\/9763"}],"wp:attachment":[{"href":"https:\/\/elouedshop.com\/index.php?rest_route=%2Fwp%2Fv2%2Fmedia&parent=10510"}],"wp:term":[{"taxonomy":"product_brand","embeddable":true,"href":"https:\/\/elouedshop.com\/index.php?rest_route=%2Fwp%2Fv2%2Fproduct_brand&post=10510"},{"taxonomy":"product_cat","embeddable":true,"href":"https:\/\/elouedshop.com\/index.php?rest_route=%2Fwp%2Fv2%2Fproduct_cat&post=10510"},{"taxonomy":"product_tag","embeddable":true,"href":"https:\/\/elouedshop.com\/index.php?rest_route=%2Fwp%2Fv2%2Fproduct_tag&post=10510"}],"curies":[{"name":"wp","href":"https:\/\/api.w.org\/{rel}","templated":true}]}}