{"id":10509,"date":"2024-03-21T07:19:42","date_gmt":"2024-03-21T07:19:42","guid":{"rendered":"https:\/\/elouedshop.com\/?post_type=product&#038;p=10509"},"modified":"2024-03-21T07:20:34","modified_gmt":"2024-03-21T07:20:34","slug":"cest-qui-asma-la-fille-dabu-bakr-le-veridique","status":"publish","type":"product","link":"https:\/\/elouedshop.com\/?product=cest-qui-asma-la-fille-dabu-bakr-le-veridique","title":{"rendered":"C&rsquo;est qui Asma, la fille d\u2019Ab\u00fb Bakr le v\u00e9ridique"},"content":{"rendered":"<table class=\"ce-product-features\">\n<tbody>\n<tr class=\"ce-product-features__row\">\n<th class=\"ce-product-features__label\">Ann\u00e9e<\/th>\n<td class=\"ce-product-features__value\">2022<\/td>\n<\/tr>\n<tr class=\"ce-product-features__row\">\n<th class=\"ce-product-features__label\">Dimensions<\/th>\n<td class=\"ce-product-features__value\">20 Cm X 20 Cm X 1 Cm<\/td>\n<\/tr>\n<tr class=\"ce-product-features__row\">\n<th class=\"ce-product-features__label\">ISBN<\/th>\n<td class=\"ce-product-features__value\">9791022509947<\/td>\n<\/tr>\n<tr class=\"ce-product-features__row\">\n<th class=\"ce-product-features__label\">Nb. Pages<\/th>\n<td class=\"ce-product-features__value\">32<\/td>\n<\/tr>\n<\/tbody>\n<\/table>\n","protected":false},"excerpt":{"rendered":"<p>Asm\u00e2 est la deuxi\u00e8me fille d\u2019Ab\u00fb Bakr (meilleur ami et compagnon du Proph\u00e8te, paix sur lui) et la s\u0153ur de A\u00efcha (l\u2019\u00e9pouse du Proph\u00e8te, paix sur lui). D\u00e8s les premi\u00e8res heures de l\u2019islam, elle joue un r\u00f4le des plus importants, en aidant son p\u00e8re et Muhammad (paix sur lui). Tr\u00e8s courageuse et astucieuse, elle est un mod\u00e8le pour toutes les petites filles d\u2019hier et d\u2019aujourd\u2019hui.<\/p>\n","protected":false},"featured_media":9788,"template":"","meta":[],"product_brand":[],"product_cat":[66,24,21,70],"product_tag":[],"class_list":{"0":"post-10509","1":"product","2":"type-product","3":"status-publish","4":"has-post-thumbnail","6":"product_cat-compagnons","7":"product_cat-enfants","8":"product_cat-livre","9":"product_cat-vie-du-prophete-saw","10":"description-off","12":"first","13":"instock","14":"shipping-taxable","15":"purchasable","16":"product-type-simple"},"jetpack_sharing_enabled":true,"_links":{"self":[{"href":"https:\/\/elouedshop.com\/index.php?rest_route=\/wp\/v2\/product\/10509","targetHints":{"allow":["GET"]}}],"collection":[{"href":"https:\/\/elouedshop.com\/index.php?rest_route=\/wp\/v2\/product"}],"about":[{"href":"https:\/\/elouedshop.com\/index.php?rest_route=\/wp\/v2\/types\/product"}],"wp:featuredmedia":[{"embeddable":true,"href":"https:\/\/elouedshop.com\/index.php?rest_route=\/wp\/v2\/media\/9788"}],"wp:attachment":[{"href":"https:\/\/elouedshop.com\/index.php?rest_route=%2Fwp%2Fv2%2Fmedia&parent=10509"}],"wp:term":[{"taxonomy":"product_brand","embeddable":true,"href":"https:\/\/elouedshop.com\/index.php?rest_route=%2Fwp%2Fv2%2Fproduct_brand&post=10509"},{"taxonomy":"product_cat","embeddable":true,"href":"https:\/\/elouedshop.com\/index.php?rest_route=%2Fwp%2Fv2%2Fproduct_cat&post=10509"},{"taxonomy":"product_tag","embeddable":true,"href":"https:\/\/elouedshop.com\/index.php?rest_route=%2Fwp%2Fv2%2Fproduct_tag&post=10509"}],"curies":[{"name":"wp","href":"https:\/\/api.w.org\/{rel}","templated":true}]}}