{"id":10506,"date":"2024-03-21T16:52:50","date_gmt":"2024-03-21T16:52:50","guid":{"rendered":"https:\/\/elouedshop.com\/?post_type=product&#038;p=10506"},"modified":"2024-03-21T16:54:10","modified_gmt":"2024-03-21T16:54:10","slug":"cest-qui-omar-ibn-al-khattab-grand-compagnon-du-prophete","status":"publish","type":"product","link":"https:\/\/elouedshop.com\/?product=cest-qui-omar-ibn-al-khattab-grand-compagnon-du-prophete","title":{"rendered":"C&rsquo;est qui Omar ibn al-Khattab ? Grand compagnon du Proph\u00e8te"},"content":{"rendered":"<table class=\"ce-product-features\">\n<tbody>\n<tr class=\"ce-product-features__row\">\n<th class=\"ce-product-features__label\">Ann\u00e9e<\/th>\n<td class=\"ce-product-features__value\">2023<\/td>\n<\/tr>\n<tr class=\"ce-product-features__row\">\n<th class=\"ce-product-features__label\">ISBN<\/th>\n<td class=\"ce-product-features__value\">9791022511520<\/td>\n<\/tr>\n<tr class=\"ce-product-features__row\">\n<th class=\"ce-product-features__label\">Nb. Pages<\/th>\n<td class=\"ce-product-features__value\">36<\/td>\n<\/tr>\n<tr class=\"ce-product-features__row\">\n<th class=\"ce-product-features__label\">Langue<\/th>\n<td class=\"ce-product-features__value\">fran\u00e7aise<\/td>\n<\/tr>\n<tr class=\"ce-product-features__row\">\n<th class=\"ce-product-features__label\">Auteur<\/th>\n<td class=\"ce-product-features__value\">Ir\u00e8ne Rekad<\/td>\n<\/tr>\n<\/tbody>\n<\/table>\n","protected":false},"excerpt":{"rendered":"<p>Grand compagnon du Proph\u00e8te (paix et salut sur lui) et deuxi\u00e8me calife de l\u2019islam, Omar Ibn al-Khattab (ra) est connu surtout pour son courage et sa justice. En effet, il \u00e9tait surnomm\u00e9 al-Faruq, celui qui sait distinguer le vrai du faux ! Il est enterr\u00e9 aux c\u00f4t\u00e9s de ses deux compagnons, le Proph\u00e8te (paix et salut sur lui) et Ab\u00fb Bakr (ra).<\/p>\n","protected":false},"featured_media":10529,"template":"","meta":[],"product_brand":[],"product_cat":[66,24,21,70],"product_tag":[],"class_list":{"0":"post-10506","1":"product","2":"type-product","3":"status-publish","4":"has-post-thumbnail","6":"product_cat-compagnons","7":"product_cat-enfants","8":"product_cat-livre","9":"product_cat-vie-du-prophete-saw","10":"description-off","12":"first","13":"instock","14":"shipping-taxable","15":"purchasable","16":"product-type-simple"},"jetpack_sharing_enabled":true,"_links":{"self":[{"href":"https:\/\/elouedshop.com\/index.php?rest_route=\/wp\/v2\/product\/10506","targetHints":{"allow":["GET"]}}],"collection":[{"href":"https:\/\/elouedshop.com\/index.php?rest_route=\/wp\/v2\/product"}],"about":[{"href":"https:\/\/elouedshop.com\/index.php?rest_route=\/wp\/v2\/types\/product"}],"wp:featuredmedia":[{"embeddable":true,"href":"https:\/\/elouedshop.com\/index.php?rest_route=\/wp\/v2\/media\/10529"}],"wp:attachment":[{"href":"https:\/\/elouedshop.com\/index.php?rest_route=%2Fwp%2Fv2%2Fmedia&parent=10506"}],"wp:term":[{"taxonomy":"product_brand","embeddable":true,"href":"https:\/\/elouedshop.com\/index.php?rest_route=%2Fwp%2Fv2%2Fproduct_brand&post=10506"},{"taxonomy":"product_cat","embeddable":true,"href":"https:\/\/elouedshop.com\/index.php?rest_route=%2Fwp%2Fv2%2Fproduct_cat&post=10506"},{"taxonomy":"product_tag","embeddable":true,"href":"https:\/\/elouedshop.com\/index.php?rest_route=%2Fwp%2Fv2%2Fproduct_tag&post=10506"}],"curies":[{"name":"wp","href":"https:\/\/api.w.org\/{rel}","templated":true}]}}