{"id":10288,"date":"2024-03-09T19:46:10","date_gmt":"2024-03-09T19:46:10","guid":{"rendered":"https:\/\/elouedshop.com\/?post_type=product&#038;p=10288"},"modified":"2024-03-15T20:36:56","modified_gmt":"2024-03-15T20:36:56","slug":"cest-quoi-le-paradis","status":"publish","type":"product","link":"https:\/\/elouedshop.com\/?product=cest-quoi-le-paradis","title":{"rendered":"C\u2019est quoi le Paradis ?"},"content":{"rendered":"","protected":false},"excerpt":{"rendered":"<p>Sami, Aicha, Ahmed et leurs camarades n\u2019ont aucune id\u00e9e de ce qu\u2019est le paradis. Est ce loin? Est ce beau?\u2026C\u2019est \u00e0 la maitresse Sallima qu\u2019ils vont poser toutes leurs questions.<\/p>\n<p>N\u00e9e en 1970 dans la r\u00e9gion ni\u00e7oise, Amina Rekad embrasse l\u2019islam \u00e0 21 ans, apr\u00e8s des \u00e9tudes de lettres et de philosophie. Doctorante en philosophie, elle se consacre aussi \u00e0 des travaux d\u2019\u00e9criture et participe \u00e0 des projets \u00e9ditoriaux au sein des maisons d\u2019\u00e9dition musulmanes francophones. Apr\u00e8s un long s\u00e9jour en Alg\u00e9rie o\u00f9 elle partage son temps entre l\u2019enseignement et la publication de nombreux ouvrages bilingues, elle est aujourd\u2019hui auto-entrepreneur et poursuit entre autres ses travaux d\u2019\u00e9criture destin\u00e9s \u00e0 la jeunesse musulmane.<\/p>\n","protected":false},"featured_media":6571,"template":"","meta":[],"product_brand":[],"product_cat":[181,24,21,146,225],"product_tag":[],"class_list":{"0":"post-10288","1":"product","2":"type-product","3":"status-publish","4":"has-post-thumbnail","6":"product_cat-education-religieuse","7":"product_cat-enfants","8":"product_cat-livre","9":"product_cat-paradis-enfer-mort","10":"product_cat-ramadan","11":"description-off","13":"first","14":"instock","15":"shipping-taxable","16":"purchasable","17":"product-type-simple"},"jetpack_sharing_enabled":true,"_links":{"self":[{"href":"https:\/\/elouedshop.com\/index.php?rest_route=\/wp\/v2\/product\/10288","targetHints":{"allow":["GET"]}}],"collection":[{"href":"https:\/\/elouedshop.com\/index.php?rest_route=\/wp\/v2\/product"}],"about":[{"href":"https:\/\/elouedshop.com\/index.php?rest_route=\/wp\/v2\/types\/product"}],"wp:featuredmedia":[{"embeddable":true,"href":"https:\/\/elouedshop.com\/index.php?rest_route=\/wp\/v2\/media\/6571"}],"wp:attachment":[{"href":"https:\/\/elouedshop.com\/index.php?rest_route=%2Fwp%2Fv2%2Fmedia&parent=10288"}],"wp:term":[{"taxonomy":"product_brand","embeddable":true,"href":"https:\/\/elouedshop.com\/index.php?rest_route=%2Fwp%2Fv2%2Fproduct_brand&post=10288"},{"taxonomy":"product_cat","embeddable":true,"href":"https:\/\/elouedshop.com\/index.php?rest_route=%2Fwp%2Fv2%2Fproduct_cat&post=10288"},{"taxonomy":"product_tag","embeddable":true,"href":"https:\/\/elouedshop.com\/index.php?rest_route=%2Fwp%2Fv2%2Fproduct_tag&post=10288"}],"curies":[{"name":"wp","href":"https:\/\/api.w.org\/{rel}","templated":true}]}}