{"id":10286,"date":"2024-03-09T19:45:57","date_gmt":"2024-03-09T19:45:57","guid":{"rendered":"https:\/\/elouedshop.com\/?post_type=product&#038;p=10286"},"modified":"2024-03-15T20:37:11","modified_gmt":"2024-03-15T20:37:11","slug":"cest-quoi-la-mecque","status":"publish","type":"product","link":"https:\/\/elouedshop.com\/?product=cest-quoi-la-mecque","title":{"rendered":"C\u2019est quoi La Mecque ?"},"content":{"rendered":"","protected":false},"excerpt":{"rendered":"<p>Ville de naissance du Proph\u00e8te de l\u2019islam (saws), La Mecque est un lieu sacr\u00e9 pour les musulmans car c\u2019est aussi l\u00e0-bas qu\u2019a \u00e9t\u00e9 construit la premi\u00e8re Maison de Dieu, la Kaaba.<\/p>\n<p>Chaque ann\u00e9e des millions de musulmans vont en p\u00e8lerinage \u00e0 La Mecque.<\/p>\n","protected":false},"featured_media":6342,"template":"","meta":[],"product_brand":[],"product_cat":[181,24,53,59,21,70],"product_tag":[],"class_list":{"0":"post-10286","1":"product","2":"type-product","3":"status-publish","4":"has-post-thumbnail","6":"product_cat-education-religieuse","7":"product_cat-enfants","8":"product_cat-la-vie-du-prophete","9":"product_cat-les-recits-des-prophetes","10":"product_cat-livre","11":"product_cat-vie-du-prophete-saw","12":"description-off","14":"first","15":"instock","16":"shipping-taxable","17":"purchasable","18":"product-type-simple"},"jetpack_sharing_enabled":true,"_links":{"self":[{"href":"https:\/\/elouedshop.com\/index.php?rest_route=\/wp\/v2\/product\/10286","targetHints":{"allow":["GET"]}}],"collection":[{"href":"https:\/\/elouedshop.com\/index.php?rest_route=\/wp\/v2\/product"}],"about":[{"href":"https:\/\/elouedshop.com\/index.php?rest_route=\/wp\/v2\/types\/product"}],"wp:featuredmedia":[{"embeddable":true,"href":"https:\/\/elouedshop.com\/index.php?rest_route=\/wp\/v2\/media\/6342"}],"wp:attachment":[{"href":"https:\/\/elouedshop.com\/index.php?rest_route=%2Fwp%2Fv2%2Fmedia&parent=10286"}],"wp:term":[{"taxonomy":"product_brand","embeddable":true,"href":"https:\/\/elouedshop.com\/index.php?rest_route=%2Fwp%2Fv2%2Fproduct_brand&post=10286"},{"taxonomy":"product_cat","embeddable":true,"href":"https:\/\/elouedshop.com\/index.php?rest_route=%2Fwp%2Fv2%2Fproduct_cat&post=10286"},{"taxonomy":"product_tag","embeddable":true,"href":"https:\/\/elouedshop.com\/index.php?rest_route=%2Fwp%2Fv2%2Fproduct_tag&post=10286"}],"curies":[{"name":"wp","href":"https:\/\/api.w.org\/{rel}","templated":true}]}}