{"id":10285,"date":"2024-03-09T19:45:53","date_gmt":"2024-03-09T19:45:53","guid":{"rendered":"https:\/\/elouedshop.com\/?post_type=product&#038;p=10285"},"modified":"2024-03-15T20:37:38","modified_gmt":"2024-03-15T20:37:38","slug":"cest-quoi-laid-el-fitr","status":"publish","type":"product","link":"https:\/\/elouedshop.com\/?product=cest-quoi-laid-el-fitr","title":{"rendered":"C\u2019est quoi l&rsquo;a\u00efd el fitr ?"},"content":{"rendered":"","protected":false},"excerpt":{"rendered":"<p>She\u00efma sautille d&#8217;enthousiasme en retrouvant sa maman \u00e0 la sortie de l&#8217;\u00e9cole : cet apr\u00e8s-midi, avec sa ma\u00eetresse Salima, elle et ses camarades vont pr\u00e9parer l&#8217;A\u00efd el fitr ! Au programme : la ma\u00eetresse va leur expliquer quel est le sens de cette f\u00eate si importante pour les musulmans. Les enfants pourront raconter la mani\u00e8re dont ils f\u00eatent l&#8217;A\u00efd el fitr avec leur famille et d\u00e9corer la salle de classe \u00e0 cette occasion. L&#8217;ouvrage nous entrain alors dans la classe de cette ma\u00eetresse que les enfants appr\u00e9cient tant, pour mieux expliquer aux plus petits ce qu&#8217;est vraiment cette journ\u00e9e qui cl\u00f4ture en festivit\u00e9 le mois de Ramadan.<\/p>\n","protected":false},"featured_media":7442,"template":"","meta":[],"product_brand":[],"product_cat":[39,47,181,24,21,225],"product_tag":[],"class_list":{"0":"post-10285","1":"product","2":"type-product","3":"status-publish","4":"has-post-thumbnail","6":"product_cat-bebe-3ans","7":"product_cat-comprendre-lislam","8":"product_cat-education-religieuse","9":"product_cat-enfants","10":"product_cat-livre","11":"product_cat-ramadan","12":"description-off","14":"first","15":"instock","16":"shipping-taxable","17":"purchasable","18":"product-type-simple"},"jetpack_sharing_enabled":true,"_links":{"self":[{"href":"https:\/\/elouedshop.com\/index.php?rest_route=\/wp\/v2\/product\/10285","targetHints":{"allow":["GET"]}}],"collection":[{"href":"https:\/\/elouedshop.com\/index.php?rest_route=\/wp\/v2\/product"}],"about":[{"href":"https:\/\/elouedshop.com\/index.php?rest_route=\/wp\/v2\/types\/product"}],"wp:featuredmedia":[{"embeddable":true,"href":"https:\/\/elouedshop.com\/index.php?rest_route=\/wp\/v2\/media\/7442"}],"wp:attachment":[{"href":"https:\/\/elouedshop.com\/index.php?rest_route=%2Fwp%2Fv2%2Fmedia&parent=10285"}],"wp:term":[{"taxonomy":"product_brand","embeddable":true,"href":"https:\/\/elouedshop.com\/index.php?rest_route=%2Fwp%2Fv2%2Fproduct_brand&post=10285"},{"taxonomy":"product_cat","embeddable":true,"href":"https:\/\/elouedshop.com\/index.php?rest_route=%2Fwp%2Fv2%2Fproduct_cat&post=10285"},{"taxonomy":"product_tag","embeddable":true,"href":"https:\/\/elouedshop.com\/index.php?rest_route=%2Fwp%2Fv2%2Fproduct_tag&post=10285"}],"curies":[{"name":"wp","href":"https:\/\/api.w.org\/{rel}","templated":true}]}}