{"id":10282,"date":"2024-03-09T19:44:09","date_gmt":"2024-03-09T19:44:09","guid":{"rendered":"https:\/\/elouedshop.com\/?post_type=product&#038;p=10282"},"modified":"2024-03-15T20:37:51","modified_gmt":"2024-03-15T20:37:51","slug":"cest-quoi-la-priere","status":"publish","type":"product","link":"https:\/\/elouedshop.com\/?product=cest-quoi-la-priere","title":{"rendered":"C&rsquo;est quoi la pri\u00e8re ?"},"content":{"rendered":"","protected":false},"excerpt":{"rendered":"<p>Envie d&#8217;expliquer \u00e0 vos chers petits ce qu&#8217;est la pri\u00e8re ? Cet ouvrage est fait pour vous ! Allez-y, entrez ! La classe de la ma\u00eetresse Salima vous est grande ouverte. Les enfants s&#8217;y rendent avec plaisir et le sujet du jour concerne justement la pri\u00e8re.<\/p>\n","protected":false},"featured_media":6361,"template":"","meta":[],"product_brand":[],"product_cat":[39,47,24,21,185,225],"product_tag":[],"class_list":{"0":"post-10282","1":"product","2":"type-product","3":"status-publish","4":"has-post-thumbnail","6":"product_cat-bebe-3ans","7":"product_cat-comprendre-lislam","8":"product_cat-enfants","9":"product_cat-livre","10":"product_cat-priere-purification","11":"product_cat-ramadan","12":"description-off","14":"first","15":"instock","16":"shipping-taxable","17":"purchasable","18":"product-type-simple"},"jetpack_sharing_enabled":true,"_links":{"self":[{"href":"https:\/\/elouedshop.com\/index.php?rest_route=\/wp\/v2\/product\/10282","targetHints":{"allow":["GET"]}}],"collection":[{"href":"https:\/\/elouedshop.com\/index.php?rest_route=\/wp\/v2\/product"}],"about":[{"href":"https:\/\/elouedshop.com\/index.php?rest_route=\/wp\/v2\/types\/product"}],"wp:featuredmedia":[{"embeddable":true,"href":"https:\/\/elouedshop.com\/index.php?rest_route=\/wp\/v2\/media\/6361"}],"wp:attachment":[{"href":"https:\/\/elouedshop.com\/index.php?rest_route=%2Fwp%2Fv2%2Fmedia&parent=10282"}],"wp:term":[{"taxonomy":"product_brand","embeddable":true,"href":"https:\/\/elouedshop.com\/index.php?rest_route=%2Fwp%2Fv2%2Fproduct_brand&post=10282"},{"taxonomy":"product_cat","embeddable":true,"href":"https:\/\/elouedshop.com\/index.php?rest_route=%2Fwp%2Fv2%2Fproduct_cat&post=10282"},{"taxonomy":"product_tag","embeddable":true,"href":"https:\/\/elouedshop.com\/index.php?rest_route=%2Fwp%2Fv2%2Fproduct_tag&post=10282"}],"curies":[{"name":"wp","href":"https:\/\/api.w.org\/{rel}","templated":true}]}}