{"id":10280,"date":"2024-03-09T19:43:08","date_gmt":"2024-03-09T19:43:08","guid":{"rendered":"https:\/\/elouedshop.com\/?post_type=product&#038;p=10280"},"modified":"2024-03-16T14:15:03","modified_gmt":"2024-03-16T14:15:03","slug":"allah-existe-t-il","status":"publish","type":"product","link":"https:\/\/elouedshop.com\/?product=allah-existe-t-il","title":{"rendered":"Allah existe t-il ?"},"content":{"rendered":"<table border=\"0\" width=\"100%\" cellspacing=\"0\" cellpadding=\"0\">\n<tbody>\n<tr>\n<td align=\"left\"><span style=\"font-family: Verdana, Arial;font-size: small\"><b>Auteur :<\/b>\u00a0An-Nawawi<br \/>\n<\/span><\/td>\n<\/tr>\n<tr>\n<td align=\"left\"><span style=\"font-family: Verdana, Arial;font-size: small\"><b>Type de produit :<\/b>\u00a0Livre<br \/>\n<\/span><\/td>\n<\/tr>\n<tr>\n<td align=\"left\"><span style=\"font-family: Verdana, Arial;font-size: small\"><b>Nombre de pages :<\/b>\u00a088<br \/>\n<\/span><\/td>\n<\/tr>\n<tr>\n<td align=\"left\"><span style=\"font-family: Verdana, Arial;font-size: small\"><b>Mod\u00e8le &#8211; Format :<\/b>\u00a015 x 21 cm &#8211; Rigide\/Cartonn\u00e9<br \/>\n<\/span><\/td>\n<\/tr>\n<tr>\n<td align=\"left\"><span style=\"font-family: Verdana, Arial;font-size: small\"><b>Editeur :<\/b>\u00a0MuslimKid<br \/>\n<\/span><\/td>\n<\/tr>\n<tr>\n<td align=\"left\"><span style=\"font-family: Verdana, Arial;font-size: small\"><b>Langue :<\/b>\u00a0fran\u00e7ais<br \/>\n<\/span><\/td>\n<\/tr>\n<tr>\n<td align=\"left\"><span style=\"font-family: Verdana, Arial;font-size: small\"><b>ISBN\/EAN :<\/b>\u00a05430000402804<\/span><\/td>\n<\/tr>\n<\/tbody>\n<\/table>\n","protected":false},"excerpt":{"rendered":"<p>Plusieurs enfants, jeunes et moins jeunes, se posent souvent la question existentielle sur le cr\u00e9ateur : Allah existe-t-Il ?<\/p>\n<p>Ce livre a \u00e9t\u00e9 \u00e9crit afin de r\u00e9pondre au mieux \u00e0 cette question si importante : \u00e0 travers plusieurs exemples concrets qui ne laisseront plus de doute \u00e0 nos enfants<\/p>\n","protected":false},"featured_media":5289,"template":"","meta":[],"product_brand":[],"product_cat":[47,167,180,181,24,21],"product_tag":[],"class_list":{"0":"post-10280","1":"product","2":"type-product","3":"status-publish","4":"has-post-thumbnail","6":"product_cat-comprendre-lislam","7":"product_cat-contes-educatifs","8":"product_cat-dogme-2","9":"product_cat-education-religieuse","10":"product_cat-enfants","11":"product_cat-livre","12":"description-off","14":"first","15":"instock","16":"shipping-taxable","17":"purchasable","18":"product-type-simple"},"jetpack_sharing_enabled":true,"_links":{"self":[{"href":"https:\/\/elouedshop.com\/index.php?rest_route=\/wp\/v2\/product\/10280","targetHints":{"allow":["GET"]}}],"collection":[{"href":"https:\/\/elouedshop.com\/index.php?rest_route=\/wp\/v2\/product"}],"about":[{"href":"https:\/\/elouedshop.com\/index.php?rest_route=\/wp\/v2\/types\/product"}],"wp:featuredmedia":[{"embeddable":true,"href":"https:\/\/elouedshop.com\/index.php?rest_route=\/wp\/v2\/media\/5289"}],"wp:attachment":[{"href":"https:\/\/elouedshop.com\/index.php?rest_route=%2Fwp%2Fv2%2Fmedia&parent=10280"}],"wp:term":[{"taxonomy":"product_brand","embeddable":true,"href":"https:\/\/elouedshop.com\/index.php?rest_route=%2Fwp%2Fv2%2Fproduct_brand&post=10280"},{"taxonomy":"product_cat","embeddable":true,"href":"https:\/\/elouedshop.com\/index.php?rest_route=%2Fwp%2Fv2%2Fproduct_cat&post=10280"},{"taxonomy":"product_tag","embeddable":true,"href":"https:\/\/elouedshop.com\/index.php?rest_route=%2Fwp%2Fv2%2Fproduct_tag&post=10280"}],"curies":[{"name":"wp","href":"https:\/\/api.w.org\/{rel}","templated":true}]}}