{"id":10242,"date":"2024-03-07T17:45:53","date_gmt":"2024-03-07T17:45:53","guid":{"rendered":"https:\/\/elouedshop.com\/?post_type=product&#038;p=10242"},"modified":"2025-01-02T16:23:00","modified_gmt":"2025-01-02T16:23:00","slug":"lalphabet-arabe-jeu-dassociation-56-cartes-2","status":"publish","type":"product","link":"https:\/\/elouedshop.com\/?product=lalphabet-arabe-jeu-dassociation-56-cartes-2","title":{"rendered":"L&rsquo;Alphabet arabe : Jeu d&rsquo;association (56 cartes)"},"content":{"rendered":"","protected":false},"excerpt":{"rendered":"<div>\n<div>\n<p>Voyage en terre arabe, en mode fun!<\/p>\n<\/div>\n<ul>\n<li>Alif, Baa, Taa, &#8230; Apprendre l&rsquo;alphabet arabe devient un jeu d&rsquo;enfant!<\/li>\n<li>5 fa\u00e7ons de jouer et 56 cartes pour des heures d&rsquo;amusement!<\/li>\n<li>Le petit plus : am\u00e9liorer la reconnaissance des lettres tout en titillant l&rsquo;observation et la m\u00e9moire.<\/li>\n<li>Pour les petits g\u00e9nies \u00e0 partir de 3 ans.<\/li>\n<\/ul>\n<div>\n<p>Le Jeu de M\u00e9moire de l&rsquo;Alphabet Arabe est la perle rare pour apprendre l&rsquo;alphabet arabe en s&rsquo;amusant! Des images color\u00e9es sont associ\u00e9es \u00e0 chaque lettre pour faciliter la m\u00e9morisation. Votre mission, si vous l&rsquo;acceptez, est de trouver le plus de paires de cartes possible. Une fois que toutes les cartes ont \u00e9t\u00e9 appari\u00e9es, le joueur avec le plus de paires remporte la partie. Pr\u00eat pour l&rsquo;aventure?<\/p>\n<\/div>\n<div>\n<p>Le mode d&#8217;emploi est fourni en fran\u00e7ais.<\/p>\n<\/div>\n<\/div>\n","protected":false},"featured_media":7657,"template":"","meta":[],"product_brand":[],"product_cat":[26],"product_tag":[],"class_list":{"0":"post-10242","1":"product","2":"type-product","3":"status-publish","4":"has-post-thumbnail","6":"product_cat-jouets-educatifs","7":"description-off","9":"first","10":"instock","11":"shipping-taxable","12":"purchasable","13":"product-type-simple"},"jetpack_sharing_enabled":true,"_links":{"self":[{"href":"https:\/\/elouedshop.com\/index.php?rest_route=\/wp\/v2\/product\/10242","targetHints":{"allow":["GET"]}}],"collection":[{"href":"https:\/\/elouedshop.com\/index.php?rest_route=\/wp\/v2\/product"}],"about":[{"href":"https:\/\/elouedshop.com\/index.php?rest_route=\/wp\/v2\/types\/product"}],"wp:featuredmedia":[{"embeddable":true,"href":"https:\/\/elouedshop.com\/index.php?rest_route=\/wp\/v2\/media\/7657"}],"wp:attachment":[{"href":"https:\/\/elouedshop.com\/index.php?rest_route=%2Fwp%2Fv2%2Fmedia&parent=10242"}],"wp:term":[{"taxonomy":"product_brand","embeddable":true,"href":"https:\/\/elouedshop.com\/index.php?rest_route=%2Fwp%2Fv2%2Fproduct_brand&post=10242"},{"taxonomy":"product_cat","embeddable":true,"href":"https:\/\/elouedshop.com\/index.php?rest_route=%2Fwp%2Fv2%2Fproduct_cat&post=10242"},{"taxonomy":"product_tag","embeddable":true,"href":"https:\/\/elouedshop.com\/index.php?rest_route=%2Fwp%2Fv2%2Fproduct_tag&post=10242"}],"curies":[{"name":"wp","href":"https:\/\/api.w.org\/{rel}","templated":true}]}}