{"id":10240,"date":"2024-03-07T17:45:42","date_gmt":"2024-03-07T17:45:42","guid":{"rendered":"https:\/\/elouedshop.com\/?post_type=product&#038;p=10240"},"modified":"2025-01-10T12:04:18","modified_gmt":"2025-01-10T12:04:18","slug":"mon-premier-jeu-darabe-avec-feutre-effacable","status":"publish","type":"product","link":"https:\/\/elouedshop.com\/?product=mon-premier-jeu-darabe-avec-feutre-effacable","title":{"rendered":"Mon premier jeu d&rsquo;arabe (avec feutre effa\u00e7able)"},"content":{"rendered":"","protected":false},"excerpt":{"rendered":"<div>\n<div>\n<p>Vous r\u00eavez **d&#8217;apprendre \u00e0 lire et \u00e0 \u00e9crire l&#8217;arabe** tout en vous amusant? Vous serez ravi de d\u00e9couvrir ce kit ultra-p\u00e9dagogique qui utilise la magie des cartes et du feutre effa\u00e7able.<br \/>\nAvec ses 10 fa\u00e7ons de jouer, vous pouvez apprendre \u00e0 \u00e9crire, reconna\u00eetre l&#8217;alphabet et plus encore! Pas moins de 28 grandes cartes cartonn\u00e9es de 15 x 21 cm, un feutre effa\u00e7able, et un mode d&#8217;emploi en fran\u00e7ais vous attendent dans cette bo\u00eete. Alors, \u00e0 vos plumes, pr\u00eats, partez !<\/p>\n<\/div>\n<\/div>\n","protected":false},"featured_media":7652,"template":"","meta":[],"product_brand":[],"product_cat":[26],"product_tag":[],"class_list":{"0":"post-10240","1":"product","2":"type-product","3":"status-publish","4":"has-post-thumbnail","6":"product_cat-jouets-educatifs","7":"description-off","9":"first","10":"outofstock","11":"shipping-taxable","12":"purchasable","13":"product-type-simple"},"jetpack_sharing_enabled":true,"_links":{"self":[{"href":"https:\/\/elouedshop.com\/index.php?rest_route=\/wp\/v2\/product\/10240","targetHints":{"allow":["GET"]}}],"collection":[{"href":"https:\/\/elouedshop.com\/index.php?rest_route=\/wp\/v2\/product"}],"about":[{"href":"https:\/\/elouedshop.com\/index.php?rest_route=\/wp\/v2\/types\/product"}],"wp:featuredmedia":[{"embeddable":true,"href":"https:\/\/elouedshop.com\/index.php?rest_route=\/wp\/v2\/media\/7652"}],"wp:attachment":[{"href":"https:\/\/elouedshop.com\/index.php?rest_route=%2Fwp%2Fv2%2Fmedia&parent=10240"}],"wp:term":[{"taxonomy":"product_brand","embeddable":true,"href":"https:\/\/elouedshop.com\/index.php?rest_route=%2Fwp%2Fv2%2Fproduct_brand&post=10240"},{"taxonomy":"product_cat","embeddable":true,"href":"https:\/\/elouedshop.com\/index.php?rest_route=%2Fwp%2Fv2%2Fproduct_cat&post=10240"},{"taxonomy":"product_tag","embeddable":true,"href":"https:\/\/elouedshop.com\/index.php?rest_route=%2Fwp%2Fv2%2Fproduct_tag&post=10240"}],"curies":[{"name":"wp","href":"https:\/\/api.w.org\/{rel}","templated":true}]}}