{"id":10197,"date":"2024-03-05T21:12:13","date_gmt":"2024-03-05T21:12:13","guid":{"rendered":"https:\/\/elouedshop.com\/?post_type=product&#038;p=10197"},"modified":"2024-03-05T21:12:13","modified_gmt":"2024-03-05T21:12:13","slug":"serie-depitres-du-fiqh-malikite-1-nouvelle-traduction","status":"publish","type":"product","link":"https:\/\/elouedshop.com\/?product=serie-depitres-du-fiqh-malikite-1-nouvelle-traduction","title":{"rendered":"S\u00e9rie d&rsquo;\u00e9p\u00eetres du Fiqh M\u00e2likite (1) &#8211; Nouvelle traduction"},"content":{"rendered":"<table class=\"ce-product-features\">\n<tbody>\n<tr class=\"ce-product-features__row\">\n<th class=\"ce-product-features__label\">Ann\u00e9e<\/th>\n<td class=\"ce-product-features__value\">2020<\/td>\n<\/tr>\n<tr class=\"ce-product-features__row\">\n<th class=\"ce-product-features__label\">EAN-13<\/th>\n<td class=\"ce-product-features__value\">9782919455287<\/td>\n<\/tr>\n<tr class=\"ce-product-features__row\">\n<th class=\"ce-product-features__label\">Couverture<\/th>\n<td class=\"ce-product-features__value\">Rigide<\/td>\n<\/tr>\n<tr class=\"ce-product-features__row\">\n<th class=\"ce-product-features__label\">Dimensions<\/th>\n<td class=\"ce-product-features__value\">24 x 17 cm<\/td>\n<\/tr>\n<tr class=\"ce-product-features__row\">\n<th class=\"ce-product-features__label\">Nb. Pages<\/th>\n<td class=\"ce-product-features__value\">189<\/td>\n<\/tr>\n<tr class=\"ce-product-features__row\">\n<th class=\"ce-product-features__label\">Langue<\/th>\n<td class=\"ce-product-features__value\">Arabe \/ Fran\u00e7ais<\/td>\n<\/tr>\n<tr class=\"ce-product-features__row\">\n<th class=\"ce-product-features__label\">Auteur<\/th>\n<td class=\"ce-product-features__value\">Al-Akhdar\u00ee &#8211; &lsquo;Abd-AlB\u00e2r\u00ee Al-&lsquo;Ashmawi &#8211; Abou Al-Hassan Ash-Sh\u00e2dhili<\/td>\n<\/tr>\n<\/tbody>\n<\/table>\n","protected":false},"excerpt":{"rendered":"<p>Ce recueil , dans lequel nous avons compil\u00e9 quatre trait\u00e9s du Madhhab maliki, s&rsquo;inscrit dans une s\u00e9rie visant \u00e0 pr\u00e9senter et offrir au public francophone les textes de r\u00e9f\u00e9rences du Madhhab.<\/p>\n<p>Ce premier tome regroupe quatre trait\u00e9s simples, destin\u00e9s au d\u00e9butant dans l&rsquo;\u00e9tude du Madhhab souhaitant par la suite \u00e9tudier les trait\u00e9s plus approfondis jusqu&rsquo;\u00e0 atteindre le rang lui permettant de d\u00e9livrer des avis juridiques ou d&rsquo;enseigner le madhhab, ou simplement pour le musulman lambda souhaitant avoir un recueil vers lequel il pourrait revenir pour ses questions d&rsquo;ordre quotidien en mati\u00e8re d&rsquo;adoration lui permettant de conna\u00eetre ce qui lui incombe.<\/p>\n","protected":false},"featured_media":10198,"template":"","meta":[],"product_brand":[],"product_cat":[147,21],"product_tag":[],"class_list":{"0":"post-10197","1":"product","2":"type-product","3":"status-publish","4":"has-post-thumbnail","6":"product_cat-jurisprudence","7":"product_cat-livre","8":"description-off","10":"first","11":"instock","12":"shipping-taxable","13":"purchasable","14":"product-type-simple"},"jetpack_sharing_enabled":true,"_links":{"self":[{"href":"https:\/\/elouedshop.com\/index.php?rest_route=\/wp\/v2\/product\/10197","targetHints":{"allow":["GET"]}}],"collection":[{"href":"https:\/\/elouedshop.com\/index.php?rest_route=\/wp\/v2\/product"}],"about":[{"href":"https:\/\/elouedshop.com\/index.php?rest_route=\/wp\/v2\/types\/product"}],"wp:featuredmedia":[{"embeddable":true,"href":"https:\/\/elouedshop.com\/index.php?rest_route=\/wp\/v2\/media\/10198"}],"wp:attachment":[{"href":"https:\/\/elouedshop.com\/index.php?rest_route=%2Fwp%2Fv2%2Fmedia&parent=10197"}],"wp:term":[{"taxonomy":"product_brand","embeddable":true,"href":"https:\/\/elouedshop.com\/index.php?rest_route=%2Fwp%2Fv2%2Fproduct_brand&post=10197"},{"taxonomy":"product_cat","embeddable":true,"href":"https:\/\/elouedshop.com\/index.php?rest_route=%2Fwp%2Fv2%2Fproduct_cat&post=10197"},{"taxonomy":"product_tag","embeddable":true,"href":"https:\/\/elouedshop.com\/index.php?rest_route=%2Fwp%2Fv2%2Fproduct_tag&post=10197"}],"curies":[{"name":"wp","href":"https:\/\/api.w.org\/{rel}","templated":true}]}}