{"id":10194,"date":"2024-03-05T20:55:50","date_gmt":"2024-03-05T20:55:50","guid":{"rendered":"https:\/\/elouedshop.com\/?post_type=product&#038;p=10194"},"modified":"2024-03-05T20:56:20","modified_gmt":"2024-03-05T20:56:20","slug":"pack-muhammad-hamidullah-4-livres-2","status":"publish","type":"product","link":"https:\/\/elouedshop.com\/?product=pack-muhammad-hamidullah-4-livres-2","title":{"rendered":"Pack Muhammad Hamidullah (4 livres)"},"content":{"rendered":"","protected":false},"excerpt":{"rendered":"<p class=\"cvGsUA direction-ltr align-center para-style-body\"><span class=\"OYPEnA text-decoration-none text-strikethrough-none\">Le professeur Muhammad Hamidullah est un must-read pour les musulmans qui souhaitent explorer l&rsquo;islam sous toutes ses coutures.<\/span><\/p>\n<p class=\"cvGsUA direction-ltr align-center para-style-body\"><span class=\"OYPEnA text-decoration-none text-strikethrough-none\">Cet \u00e9crivain prolifique s&rsquo;est attaqu\u00e9 \u00e0 tous les sujets de l&rsquo;islam avec sa plume de ma\u00eetre. Si vous avez d\u00e9j\u00e0 d\u00e9vor\u00e9 sa traduction du Coran (pas celle du complexe du roi Fahd), sa biographie du Proph\u00e8te ou son Initiation \u00e0 l&rsquo;islam, vous savez de quoi on parle! Et si vous avez eu la chance de lire quelques-uns de ses nombreux articles, vous \u00eates d\u00e9j\u00e0 tomb\u00e9 sous son charme.<\/span><\/p>\n","protected":false},"featured_media":8390,"template":"","meta":[],"product_brand":[],"product_cat":[47,21],"product_tag":[],"class_list":{"0":"post-10194","1":"product","2":"type-product","3":"status-publish","4":"has-post-thumbnail","6":"product_cat-comprendre-lislam","7":"product_cat-livre","8":"description-off","10":"first","11":"instock","12":"shipping-taxable","13":"purchasable","14":"product-type-simple"},"jetpack_sharing_enabled":true,"_links":{"self":[{"href":"https:\/\/elouedshop.com\/index.php?rest_route=\/wp\/v2\/product\/10194","targetHints":{"allow":["GET"]}}],"collection":[{"href":"https:\/\/elouedshop.com\/index.php?rest_route=\/wp\/v2\/product"}],"about":[{"href":"https:\/\/elouedshop.com\/index.php?rest_route=\/wp\/v2\/types\/product"}],"wp:featuredmedia":[{"embeddable":true,"href":"https:\/\/elouedshop.com\/index.php?rest_route=\/wp\/v2\/media\/8390"}],"wp:attachment":[{"href":"https:\/\/elouedshop.com\/index.php?rest_route=%2Fwp%2Fv2%2Fmedia&parent=10194"}],"wp:term":[{"taxonomy":"product_brand","embeddable":true,"href":"https:\/\/elouedshop.com\/index.php?rest_route=%2Fwp%2Fv2%2Fproduct_brand&post=10194"},{"taxonomy":"product_cat","embeddable":true,"href":"https:\/\/elouedshop.com\/index.php?rest_route=%2Fwp%2Fv2%2Fproduct_cat&post=10194"},{"taxonomy":"product_tag","embeddable":true,"href":"https:\/\/elouedshop.com\/index.php?rest_route=%2Fwp%2Fv2%2Fproduct_tag&post=10194"}],"curies":[{"name":"wp","href":"https:\/\/api.w.org\/{rel}","templated":true}]}}